{"id":3795,"date":"2021-09-14T08:36:40","date_gmt":"2021-09-14T08:36:40","guid":{"rendered":"https:\/\/www.laresidenceabano.it\/privacy-policy\/"},"modified":"2024-04-03T18:45:26","modified_gmt":"2024-04-03T16:45:26","slug":"privacy-policy","status":"publish","type":"page","link":"https:\/\/www.laresidenceabano.it\/de\/privacy-policy\/","title":{"rendered":"Privacy Policy"},"content":{"rendered":"<div  class=\"grids-section grids-is-advanced alignfull\" style=\"--_gs-gap-desktop:0px 0px;--_gs-m-desktop:0 0 0 0;--_gs-p-desktop:0 0 0 0;--_gs-bg-desktop:transparent none;--_gs-bg-xp-desktop:0px;--_gs-zi-desktop:auto;--_gs-d-desktop:block;--_gs-mw-desktop:calc(100% - 0 - 0);--_gs-gap-tablet:0px 0px;--_gs-m-tablet:0 0 0 0;--_gs-p-tablet:0 0 0 0;--_gs-bg-tablet:transparent none;--_gs-bg-xp-tablet:0px;--_gs-zi-tablet:auto;--_gs-d-tablet:block;--_gs-mw-tablet:calc(100% - 0 - 0);--_gs-gap-mobile:0px 0px;--_gs-m-mobile:0 0 0 0;--_gs-p-mobile:0 0 0 0;--_gs-bg-mobile:transparent none;--_gs-bg-xp-mobile:0px;--_gs-zi-mobile:auto;--_gs-d-mobile:block;--_gs-mw-mobile:calc(100% - 0 - 0);--_gs-columns:12;--_gs-rows:6\"><div class=\"grids-s-w_i\">\n<div class=\"grids-area\" style=\"--_ga-column:2\/12;--_ga-row:1\/7;--_ga-m-desktop:0 0 0 0;--_ga-p-desktop:0 0 0 0;--_ga-bg-desktop:transparent none;--_ga-zi-desktop:auto;--_ga-d-desktop:flex;--_ga-mw-desktop:calc(100% - 0 - 0);--_ga-m-tablet:0 0 0 0;--_ga-p-tablet:0 0 0 0;--_ga-bg-tablet:transparent none;--_ga-zi-tablet:auto;--_ga-d-tablet:flex;--_ga-mw-tablet:calc(100% - 0 - 0);--_ga-m-mobile:0 0 0 0;--_ga-p-mobile:0 0 0 0;--_ga-bg-mobile:transparent none;--_ga-zi-mobile:auto;--_ga-d-mobile:flex;--_ga-mw-mobile:calc(100% - 0 - 0)\">\n\n<a href=\"https:\/\/www.iubenda.com\/privacy-policy\/27920070\" class=\"iubenda-white iubenda-noiframe iubenda-embed iubenda-noiframe iub-body-embed\" title=\"Privacy Policy\">Privacy Policy<\/a><script type=\"text\/javascript\">(function (w,d) {var loader = function () {var s = d.createElement(\"script\"), tag = d.getElementsByTagName(\"script\")[0]; s.src=\"https:\/\/cdn.iubenda.com\/iubenda.js\"; tag.parentNode.insertBefore(s,tag);}; if(w.addEventListener){w.addEventListener(\"load\", loader, false);}else if(w.attachEvent){w.attachEvent(\"onload\", loader);}else{w.onload = loader;}})(window, document);<\/script>\r\n\n<\/div>\n<\/div><\/div>","protected":false},"excerpt":{"rendered":"","protected":false},"author":1,"featured_media":3059,"parent":0,"menu_order":0,"comment_status":"closed","ping_status":"open","template":"","meta":{"_acf_changed":false,"advgb_blocks_editor_width":"","advgb_blocks_columns_visual_guide":"","footnotes":""},"class_list":["post-3795","page","type-page","status-publish","has-post-thumbnail","hentry","entry"],"acf":[],"yoast_head":"<!-- This site is optimized with the Yoast SEO plugin v25.6 - https:\/\/yoast.com\/wordpress\/plugins\/seo\/ -->\n<title>Privacy Policy - Hotel La Residence<\/title>\n<meta name=\"description\" content=\"Ihre Privatsph\u00e4re hat bei La Residence Hotel Priorit\u00e4t. Erfahren Sie, wie wir Ihre Daten und pers\u00f6nlichen Informationen w\u00e4hrend Ihres Aufenthalts sch\u00fctzen. Buchen Sie mit ruhigem Gewissen und dem Wissen, dass Ihre Daten bei uns sicher sind.\" \/>\n<meta name=\"robots\" content=\"index, follow, max-snippet:-1, max-image-preview:large, max-video-preview:-1\" \/>\n<link rel=\"canonical\" href=\"https:\/\/www.laresidenceabano.it\/de\/privacy-policy\/\" \/>\n<meta property=\"og:locale\" content=\"de_DE\" \/>\n<meta property=\"og:type\" content=\"article\" \/>\n<meta property=\"og:title\" content=\"Privacy Policy - Hotel La Residence\" \/>\n<meta property=\"og:description\" content=\"Ihre Privatsph\u00e4re hat bei La Residence Hotel Priorit\u00e4t. Erfahren Sie, wie wir Ihre Daten und pers\u00f6nlichen Informationen w\u00e4hrend Ihres Aufenthalts sch\u00fctzen. Buchen Sie mit ruhigem Gewissen und dem Wissen, dass Ihre Daten bei uns sicher sind.\" \/>\n<meta property=\"og:url\" content=\"https:\/\/www.laresidenceabano.it\/de\/privacy-policy\/\" \/>\n<meta property=\"og:site_name\" content=\"Hotel La Residence\" \/>\n<meta property=\"article:modified_time\" content=\"2024-04-03T16:45:26+00:00\" \/>\n<meta property=\"og:image\" content=\"https:\/\/www.laresidenceabano.it\/wp-content\/uploads\/2023\/07\/Hotel-La-Residence-drone-5.jpg\" \/>\n\t<meta property=\"og:image:width\" content=\"1800\" \/>\n\t<meta property=\"og:image:height\" content=\"1350\" \/>\n\t<meta property=\"og:image:type\" content=\"image\/jpeg\" \/>\n<meta name=\"twitter:card\" content=\"summary_large_image\" \/>\n<meta name=\"twitter:label1\" content=\"Gesch\u00e4tzte Lesezeit\" \/>\n\t<meta name=\"twitter:data1\" content=\"1\u00a0Minute\" \/>\n<script type=\"application\/ld+json\" class=\"yoast-schema-graph\">{\"@context\":\"https:\/\/schema.org\",\"@graph\":[{\"@type\":\"WebPage\",\"@id\":\"https:\/\/www.laresidenceabano.it\/de\/privacy-policy\/\",\"url\":\"https:\/\/www.laresidenceabano.it\/de\/privacy-policy\/\",\"name\":\"Privacy Policy - Hotel La Residence\",\"isPartOf\":{\"@id\":\"https:\/\/www.laresidenceabano.it\/de\/#website\"},\"primaryImageOfPage\":{\"@id\":\"https:\/\/www.laresidenceabano.it\/de\/privacy-policy\/#primaryimage\"},\"image\":{\"@id\":\"https:\/\/www.laresidenceabano.it\/de\/privacy-policy\/#primaryimage\"},\"thumbnailUrl\":\"https:\/\/www.laresidenceabano.it\/wp-content\/uploads\/2023\/07\/Hotel-La-Residence-drone-5.jpg\",\"datePublished\":\"2021-09-14T08:36:40+00:00\",\"dateModified\":\"2024-04-03T16:45:26+00:00\",\"description\":\"Ihre Privatsph\u00e4re hat bei La Residence Hotel Priorit\u00e4t. Erfahren Sie, wie wir Ihre Daten und pers\u00f6nlichen Informationen w\u00e4hrend Ihres Aufenthalts sch\u00fctzen. Buchen Sie mit ruhigem Gewissen und dem Wissen, dass Ihre Daten bei uns sicher sind.\",\"breadcrumb\":{\"@id\":\"https:\/\/www.laresidenceabano.it\/de\/privacy-policy\/#breadcrumb\"},\"inLanguage\":\"de\",\"potentialAction\":[{\"@type\":\"ReadAction\",\"target\":[\"https:\/\/www.laresidenceabano.it\/de\/privacy-policy\/\"]}]},{\"@type\":\"ImageObject\",\"inLanguage\":\"de\",\"@id\":\"https:\/\/www.laresidenceabano.it\/de\/privacy-policy\/#primaryimage\",\"url\":\"https:\/\/www.laresidenceabano.it\/wp-content\/uploads\/2023\/07\/Hotel-La-Residence-drone-5.jpg\",\"contentUrl\":\"https:\/\/www.laresidenceabano.it\/wp-content\/uploads\/2023\/07\/Hotel-La-Residence-drone-5.jpg\",\"width\":1800,\"height\":1350,\"caption\":\"foto dall'alto delle piscine dell'hotel la residence\"},{\"@type\":\"BreadcrumbList\",\"@id\":\"https:\/\/www.laresidenceabano.it\/de\/privacy-policy\/#breadcrumb\",\"itemListElement\":[{\"@type\":\"ListItem\",\"position\":1,\"name\":\"Home\",\"item\":\"https:\/\/www.laresidenceabano.it\/de\/\"},{\"@type\":\"ListItem\",\"position\":2,\"name\":\"Privacy Policy\"}]},{\"@type\":\"WebSite\",\"@id\":\"https:\/\/www.laresidenceabano.it\/de\/#website\",\"url\":\"https:\/\/www.laresidenceabano.it\/de\/\",\"name\":\"Hotel La Residence\",\"description\":\"\",\"publisher\":{\"@id\":\"https:\/\/www.laresidenceabano.it\/de\/#organization\"},\"potentialAction\":[{\"@type\":\"SearchAction\",\"target\":{\"@type\":\"EntryPoint\",\"urlTemplate\":\"https:\/\/www.laresidenceabano.it\/de\/?s={search_term_string}\"},\"query-input\":{\"@type\":\"PropertyValueSpecification\",\"valueRequired\":true,\"valueName\":\"search_term_string\"}}],\"inLanguage\":\"de\"},{\"@type\":\"Organization\",\"@id\":\"https:\/\/www.laresidenceabano.it\/de\/#organization\",\"name\":\"Hotel La Residence\",\"url\":\"https:\/\/www.laresidenceabano.it\/de\/\",\"logo\":{\"@type\":\"ImageObject\",\"inLanguage\":\"de\",\"@id\":\"https:\/\/www.laresidenceabano.it\/de\/#\/schema\/logo\/image\/\",\"url\":\"https:\/\/www.laresidenceabano.it\/wp-content\/uploads\/2023\/07\/Logo-hotel-la-residence.svg\",\"contentUrl\":\"https:\/\/www.laresidenceabano.it\/wp-content\/uploads\/2023\/07\/Logo-hotel-la-residence.svg\",\"caption\":\"Hotel La Residence\"},\"image\":{\"@id\":\"https:\/\/www.laresidenceabano.it\/de\/#\/schema\/logo\/image\/\"}}]}<\/script>\n<!-- \/ Yoast SEO plugin. -->","yoast_head_json":{"title":"Privacy Policy - Hotel La Residence","description":"Ihre Privatsph\u00e4re hat bei La Residence Hotel Priorit\u00e4t. Erfahren Sie, wie wir Ihre Daten und pers\u00f6nlichen Informationen w\u00e4hrend Ihres Aufenthalts sch\u00fctzen. Buchen Sie mit ruhigem Gewissen und dem Wissen, dass Ihre Daten bei uns sicher sind.","robots":{"index":"index","follow":"follow","max-snippet":"max-snippet:-1","max-image-preview":"max-image-preview:large","max-video-preview":"max-video-preview:-1"},"canonical":"https:\/\/www.laresidenceabano.it\/de\/privacy-policy\/","og_locale":"de_DE","og_type":"article","og_title":"Privacy Policy - Hotel La Residence","og_description":"Ihre Privatsph\u00e4re hat bei La Residence Hotel Priorit\u00e4t. Erfahren Sie, wie wir Ihre Daten und pers\u00f6nlichen Informationen w\u00e4hrend Ihres Aufenthalts sch\u00fctzen. Buchen Sie mit ruhigem Gewissen und dem Wissen, dass Ihre Daten bei uns sicher sind.","og_url":"https:\/\/www.laresidenceabano.it\/de\/privacy-policy\/","og_site_name":"Hotel La Residence","article_modified_time":"2024-04-03T16:45:26+00:00","og_image":[{"width":1800,"height":1350,"url":"https:\/\/www.laresidenceabano.it\/wp-content\/uploads\/2023\/07\/Hotel-La-Residence-drone-5.jpg","type":"image\/jpeg"}],"twitter_card":"summary_large_image","twitter_misc":{"Gesch\u00e4tzte Lesezeit":"1\u00a0Minute"},"schema":{"@context":"https:\/\/schema.org","@graph":[{"@type":"WebPage","@id":"https:\/\/www.laresidenceabano.it\/de\/privacy-policy\/","url":"https:\/\/www.laresidenceabano.it\/de\/privacy-policy\/","name":"Privacy Policy - Hotel La Residence","isPartOf":{"@id":"https:\/\/www.laresidenceabano.it\/de\/#website"},"primaryImageOfPage":{"@id":"https:\/\/www.laresidenceabano.it\/de\/privacy-policy\/#primaryimage"},"image":{"@id":"https:\/\/www.laresidenceabano.it\/de\/privacy-policy\/#primaryimage"},"thumbnailUrl":"https:\/\/www.laresidenceabano.it\/wp-content\/uploads\/2023\/07\/Hotel-La-Residence-drone-5.jpg","datePublished":"2021-09-14T08:36:40+00:00","dateModified":"2024-04-03T16:45:26+00:00","description":"Ihre Privatsph\u00e4re hat bei La Residence Hotel Priorit\u00e4t. Erfahren Sie, wie wir Ihre Daten und pers\u00f6nlichen Informationen w\u00e4hrend Ihres Aufenthalts sch\u00fctzen. Buchen Sie mit ruhigem Gewissen und dem Wissen, dass Ihre Daten bei uns sicher sind.","breadcrumb":{"@id":"https:\/\/www.laresidenceabano.it\/de\/privacy-policy\/#breadcrumb"},"inLanguage":"de","potentialAction":[{"@type":"ReadAction","target":["https:\/\/www.laresidenceabano.it\/de\/privacy-policy\/"]}]},{"@type":"ImageObject","inLanguage":"de","@id":"https:\/\/www.laresidenceabano.it\/de\/privacy-policy\/#primaryimage","url":"https:\/\/www.laresidenceabano.it\/wp-content\/uploads\/2023\/07\/Hotel-La-Residence-drone-5.jpg","contentUrl":"https:\/\/www.laresidenceabano.it\/wp-content\/uploads\/2023\/07\/Hotel-La-Residence-drone-5.jpg","width":1800,"height":1350,"caption":"foto dall'alto delle piscine dell'hotel la residence"},{"@type":"BreadcrumbList","@id":"https:\/\/www.laresidenceabano.it\/de\/privacy-policy\/#breadcrumb","itemListElement":[{"@type":"ListItem","position":1,"name":"Home","item":"https:\/\/www.laresidenceabano.it\/de\/"},{"@type":"ListItem","position":2,"name":"Privacy Policy"}]},{"@type":"WebSite","@id":"https:\/\/www.laresidenceabano.it\/de\/#website","url":"https:\/\/www.laresidenceabano.it\/de\/","name":"Hotel La Residence","description":"","publisher":{"@id":"https:\/\/www.laresidenceabano.it\/de\/#organization"},"potentialAction":[{"@type":"SearchAction","target":{"@type":"EntryPoint","urlTemplate":"https:\/\/www.laresidenceabano.it\/de\/?s={search_term_string}"},"query-input":{"@type":"PropertyValueSpecification","valueRequired":true,"valueName":"search_term_string"}}],"inLanguage":"de"},{"@type":"Organization","@id":"https:\/\/www.laresidenceabano.it\/de\/#organization","name":"Hotel La Residence","url":"https:\/\/www.laresidenceabano.it\/de\/","logo":{"@type":"ImageObject","inLanguage":"de","@id":"https:\/\/www.laresidenceabano.it\/de\/#\/schema\/logo\/image\/","url":"https:\/\/www.laresidenceabano.it\/wp-content\/uploads\/2023\/07\/Logo-hotel-la-residence.svg","contentUrl":"https:\/\/www.laresidenceabano.it\/wp-content\/uploads\/2023\/07\/Logo-hotel-la-residence.svg","caption":"Hotel La Residence"},"image":{"@id":"https:\/\/www.laresidenceabano.it\/de\/#\/schema\/logo\/image\/"}}]}},"coauthors":[],"author_meta":{"author_link":"https:\/\/www.laresidenceabano.it\/de\/author\/jampaa\/","display_name":"Jampaa"},"relative_dates":{"created":"Posted 5\u00a0Jahren ago","modified":"Updated 2\u00a0Jahren ago"},"absolute_dates":{"created":"Posted on 14\/09\/2021","modified":"Updated on 03\/04\/2024"},"absolute_dates_time":{"created":"Posted on 14\/09\/2021 08:36","modified":"Updated on 03\/04\/2024 18:45"},"featured_img_caption":"","featured_img":"https:\/\/www.laresidenceabano.it\/wp-content\/uploads\/2023\/07\/Hotel-La-Residence-drone-5-1568x1176.jpg","series_order":"","_links":{"self":[{"href":"https:\/\/www.laresidenceabano.it\/de\/wp-json\/wp\/v2\/pages\/3795","targetHints":{"allow":["GET"]}}],"collection":[{"href":"https:\/\/www.laresidenceabano.it\/de\/wp-json\/wp\/v2\/pages"}],"about":[{"href":"https:\/\/www.laresidenceabano.it\/de\/wp-json\/wp\/v2\/types\/page"}],"author":[{"embeddable":true,"href":"https:\/\/www.laresidenceabano.it\/de\/wp-json\/wp\/v2\/users\/1"}],"replies":[{"embeddable":true,"href":"https:\/\/www.laresidenceabano.it\/de\/wp-json\/wp\/v2\/comments?post=3795"}],"version-history":[{"count":2,"href":"https:\/\/www.laresidenceabano.it\/de\/wp-json\/wp\/v2\/pages\/3795\/revisions"}],"predecessor-version":[{"id":7106,"href":"https:\/\/www.laresidenceabano.it\/de\/wp-json\/wp\/v2\/pages\/3795\/revisions\/7106"}],"wp:featuredmedia":[{"embeddable":true,"href":"https:\/\/www.laresidenceabano.it\/de\/wp-json\/wp\/v2\/media\/3059"}],"wp:attachment":[{"href":"https:\/\/www.laresidenceabano.it\/de\/wp-json\/wp\/v2\/media?parent=3795"}],"curies":[{"name":"wp","href":"https:\/\/api.w.org\/{rel}","templated":true}]}}