{"id":5771,"date":"2023-08-10T12:46:13","date_gmt":"2023-08-10T10:46:13","guid":{"rendered":"https:\/\/www.laresidenceabano.it\/unsere-lage\/"},"modified":"2024-04-03T19:06:05","modified_gmt":"2024-04-03T17:06:05","slug":"unsere-lage","status":"publish","type":"page","link":"https:\/\/www.laresidenceabano.it\/de\/unsere-lage\/","title":{"rendered":"Unsere Lage"},"content":{"rendered":"<div  class=\"grids-section animated fadeInUp grids-is-advanced alignwide\" style=\"--_gs-gap-desktop:0px 0px;--_gs-m-desktop:0 0 0 0;--_gs-p-desktop:0 0 0 0;--_gs-bg-desktop:transparent none;--_gs-bg-xp-desktop:0px;--_gs-zi-desktop:auto;--_gs-d-desktop:block;--_gs-mw-desktop:calc(100% - 0 - 0);--_gs-gap-tablet:0px 0px;--_gs-m-tablet:0 0 0 0;--_gs-p-tablet:0 0 0 0;--_gs-bg-tablet:transparent none;--_gs-bg-xp-tablet:0px;--_gs-zi-tablet:auto;--_gs-d-tablet:block;--_gs-mw-tablet:calc(100% - 0 - 0);--_gs-gap-mobile:0px 0px;--_gs-m-mobile:0 0 0 0;--_gs-p-mobile:0 0 0 0;--_gs-bg-mobile:transparent none;--_gs-bg-xp-mobile:0px;--_gs-zi-mobile:auto;--_gs-d-mobile:block;--_gs-mw-mobile:calc(100% - 0 - 0);--_gs-columns:12;--_gs-rows:6\"><div class=\"grids-s-w_i\">\n<div class=\"grids-area\" style=\"--_ga-column:3\/11;--_ga-row:1\/2;--_ga-m-desktop:0 0 0 0;--_ga-p-desktop:0 0 0 0;--_ga-bg-desktop:transparent none;--_ga-zi-desktop:auto;--_ga-d-desktop:flex;--_ga-mw-desktop:calc(100% - 0 - 0);--_ga-m-tablet:0 0 0 0;--_ga-p-tablet:0 0 0 0;--_ga-bg-tablet:transparent none;--_ga-zi-tablet:auto;--_ga-d-tablet:flex;--_ga-mw-tablet:calc(100% - 0 - 0);--_ga-m-mobile:0 0 0 0;--_ga-p-mobile:0 0 0 0;--_ga-bg-mobile:transparent none;--_ga-zi-mobile:auto;--_ga-d-mobile:flex;--_ga-mw-mobile:calc(100% - 0 - 0)\">\n\n<p class=\"has-text-align-center\">Unser 4-Sterne-Hotel liegt in<strong> Abano Terme<\/strong> <strong>zu F\u00fc\u00dfen der faszinierenden Euganeischen H\u00fcgel<\/strong>, nur wenige Kilometer entfernt von Padua und den sch\u00f6nsten St\u00e4dten der Region Veneto, wie Venedig.<\/p>\n\n\n\n<p class=\"has-text-align-center\">Die <b>Ruhe <\/b>und die <b>gastronomische Vielfalt <\/b>des Gebietes, in dem sich unser Hotel befindet, machen es ideal f\u00fcr einen Wohlf\u00fchl-Urlaub, der die Entspannung in den Thermen mit dem Erlebnis, die lokalen Spezialit\u00e4ten zu entdecken, verbindet.<\/p>\n\n<\/div>\n\n<div class=\"grids-area\" style=\"--_ga-column:1\/13;--_ga-row:2\/7;--_ga-m-desktop:0 0 0 0;--_ga-p-desktop:0 0 0 0;--_ga-bg-desktop:transparent none;--_ga-zi-desktop:auto;--_ga-d-desktop:flex;--_ga-mw-desktop:calc(100% - 0 - 0);--_ga-m-tablet:0 0 0 0;--_ga-p-tablet:0 0 0 0;--_ga-bg-tablet:transparent none;--_ga-zi-tablet:auto;--_ga-d-tablet:flex;--_ga-mw-tablet:calc(100% - 0 - 0);--_ga-m-mobile:0 0 0 0;--_ga-p-mobile:0 0 0 0;--_ga-bg-mobile:transparent none;--_ga-zi-mobile:auto;--_ga-d-mobile:flex;--_ga-mw-mobile:calc(100% - 0 - 0)\">\n\n<h3 class=\"wp-block-heading has-text-align-center\">Anreise<\/h3>\n\n\n\n<h4 class=\"wp-block-heading\">Mit dem Auto<\/h4>\n\n\n\n<p><strong>Von der Autobahn A4 (Mailand-Venedig) Ausfahrt Padova Ovest<\/strong> folgen Sie der Staatsstra\u00dfe 250 in Richtung Terme Euganee; fahren Sie nach etwa 8 Km an der Ausschilderung Abano Terme ab. Nachdem Sie rechts in Richtung Abano Terme gefahren sind, biegen Sie nach dem ersten Kreisverkehr und nach der Stra\u00dfen\u00fcberf\u00fchrung rechts in die Via Diaz ein und fahren diese bis zum Ende entlang. An der zweiten Ampel fahren Sie rechts in die Via Cesare Battisti und nach etwa 500 Metern an der n\u00e4chsten Ampel links in Richtung Colli Euganei \u201ccirconvallazione ovest\u201d. Im vierten Kreisverkehr fahren Sie links in die Via Monteortone. Die zweite Querstra\u00dfe links ist die Via Monte Ceva.<\/p>\n\n\n\n<p><strong>Von der Autobahn A13 (Bologna-Padua) Ausfahrt Terme Euganee<\/strong> folgen Sie der Staatsstra\u00dfe 16 in Richtung Abano Terme. Im ersten Kreisverkehr fahren Sie rechts durch die Unterf\u00fchrung, am n\u00e4chsten Kreisverkehr geradeaus in Richtung Abano und folgen den Schildern Autostrada Milano-Venezia. Im Kreisverkehr mit der Via Monteortone fahren Sie rechts und die zweite Querstra\u00dfe links ist die Via Monte Ceva.<\/p>\n\n\n\n<h4 class=\"wp-block-heading\">Mit dem Zug<\/h4>\n\n\n\n<p><strong>Hauptbahnhof Padua<\/strong>, Busverbindung alle 20 Minuten oder Taxi.<\/p>\n\n\n\n<p><strong>Bahnhof Terme Euganee<\/strong> (Linie Padua-Bologna), danach Bus oder Taxi.<\/p>\n\n\n\n<h4 class=\"wp-block-heading\">Mit dem Flugzeug<\/h4>\n\n\n\n<p>Flughafen Venedig, Treviso, Verona, Bologna, Mailand.<\/p>\n\n\n\n<iframe src=\"https:\/\/www.google.com\/maps\/embed?pb=!1m18!1m12!1m3!1d2803.671254464482!2d11.773969277374764!3d45.35544804068672!2m3!1f0!2f0!3f0!3m2!1i1024!2i768!4f13.1!3m3!1m2!1s0x477ededc43f1ba51%3A0x2972305ed7c220d3!2sHotel%20La%20Residence%20%26%20Idrokinesis!5e0!3m2!1sit!2sit!4v1688722309293!5m2!1sit!2sit\" width=\"100%\" height=\"450\" style=\"border:0;\" allowfullscreen=\"\" loading=\"lazy\" referrerpolicy=\"no-referrer-when-downgrade\"><\/iframe>\r\n\n<\/div>\n<\/div><\/div>","protected":false},"excerpt":{"rendered":"","protected":false},"author":1,"featured_media":4939,"parent":0,"menu_order":0,"comment_status":"closed","ping_status":"closed","template":"","meta":{"_acf_changed":false,"advgb_blocks_editor_width":"","advgb_blocks_columns_visual_guide":"","footnotes":""},"class_list":["post-5771","page","type-page","status-publish","has-post-thumbnail","hentry","entry"],"acf":[],"yoast_head":"<!-- This site is optimized with the Yoast SEO plugin v25.6 - https:\/\/yoast.com\/wordpress\/plugins\/seo\/ -->\n<title>Unsere Lage - Hotel La Residence<\/title>\n<meta name=\"description\" content=\"Das 4-Sterne-Hotel La Residence liegt in Abano Terme, zu F\u00fc\u00dfen der Euganeischen H\u00fcgel, nur wenige Kilometer von Padua und Venedig entfernt.\" \/>\n<meta name=\"robots\" content=\"index, follow, max-snippet:-1, max-image-preview:large, max-video-preview:-1\" \/>\n<link rel=\"canonical\" href=\"https:\/\/www.laresidenceabano.it\/de\/unsere-lage\/\" \/>\n<meta property=\"og:locale\" content=\"de_DE\" \/>\n<meta property=\"og:type\" content=\"article\" \/>\n<meta property=\"og:title\" content=\"Unsere Lage - Hotel La Residence\" \/>\n<meta property=\"og:description\" content=\"Das 4-Sterne-Hotel La Residence liegt in Abano Terme, zu F\u00fc\u00dfen der Euganeischen H\u00fcgel, nur wenige Kilometer von Padua und Venedig entfernt.\" \/>\n<meta property=\"og:url\" content=\"https:\/\/www.laresidenceabano.it\/de\/unsere-lage\/\" \/>\n<meta property=\"og:site_name\" content=\"Hotel La Residence\" \/>\n<meta property=\"article:modified_time\" content=\"2024-04-03T17:06:05+00:00\" \/>\n<meta property=\"og:image\" content=\"https:\/\/www.laresidenceabano.it\/wp-content\/uploads\/2023\/07\/Dove-siamo-La-Residence.jpg\" \/>\n\t<meta property=\"og:image:width\" content=\"1500\" \/>\n\t<meta property=\"og:image:height\" content=\"777\" \/>\n\t<meta property=\"og:image:type\" content=\"image\/jpeg\" \/>\n<meta name=\"twitter:card\" content=\"summary_large_image\" \/>\n<meta name=\"twitter:label1\" content=\"Gesch\u00e4tzte Lesezeit\" \/>\n\t<meta name=\"twitter:data1\" content=\"1\u00a0Minute\" \/>\n<script type=\"application\/ld+json\" class=\"yoast-schema-graph\">{\"@context\":\"https:\/\/schema.org\",\"@graph\":[{\"@type\":\"WebPage\",\"@id\":\"https:\/\/www.laresidenceabano.it\/de\/unsere-lage\/\",\"url\":\"https:\/\/www.laresidenceabano.it\/de\/unsere-lage\/\",\"name\":\"Unsere Lage - Hotel La Residence\",\"isPartOf\":{\"@id\":\"https:\/\/www.laresidenceabano.it\/de\/#website\"},\"primaryImageOfPage\":{\"@id\":\"https:\/\/www.laresidenceabano.it\/de\/unsere-lage\/#primaryimage\"},\"image\":{\"@id\":\"https:\/\/www.laresidenceabano.it\/de\/unsere-lage\/#primaryimage\"},\"thumbnailUrl\":\"https:\/\/www.laresidenceabano.it\/wp-content\/uploads\/2023\/07\/Dove-siamo-La-Residence.jpg\",\"datePublished\":\"2023-08-10T10:46:13+00:00\",\"dateModified\":\"2024-04-03T17:06:05+00:00\",\"description\":\"Das 4-Sterne-Hotel La Residence liegt in Abano Terme, zu F\u00fc\u00dfen der Euganeischen H\u00fcgel, nur wenige Kilometer von Padua und Venedig entfernt.\",\"breadcrumb\":{\"@id\":\"https:\/\/www.laresidenceabano.it\/de\/unsere-lage\/#breadcrumb\"},\"inLanguage\":\"de\",\"potentialAction\":[{\"@type\":\"ReadAction\",\"target\":[\"https:\/\/www.laresidenceabano.it\/de\/unsere-lage\/\"]}]},{\"@type\":\"ImageObject\",\"inLanguage\":\"de\",\"@id\":\"https:\/\/www.laresidenceabano.it\/de\/unsere-lage\/#primaryimage\",\"url\":\"https:\/\/www.laresidenceabano.it\/wp-content\/uploads\/2023\/07\/Dove-siamo-La-Residence.jpg\",\"contentUrl\":\"https:\/\/www.laresidenceabano.it\/wp-content\/uploads\/2023\/07\/Dove-siamo-La-Residence.jpg\",\"width\":1500,\"height\":777,\"caption\":\"Esterno con piscina dell'hotel La Residence\"},{\"@type\":\"BreadcrumbList\",\"@id\":\"https:\/\/www.laresidenceabano.it\/de\/unsere-lage\/#breadcrumb\",\"itemListElement\":[{\"@type\":\"ListItem\",\"position\":1,\"name\":\"Home\",\"item\":\"https:\/\/www.laresidenceabano.it\/de\/\"},{\"@type\":\"ListItem\",\"position\":2,\"name\":\"Unsere Lage\"}]},{\"@type\":\"WebSite\",\"@id\":\"https:\/\/www.laresidenceabano.it\/de\/#website\",\"url\":\"https:\/\/www.laresidenceabano.it\/de\/\",\"name\":\"Hotel La Residence\",\"description\":\"\",\"publisher\":{\"@id\":\"https:\/\/www.laresidenceabano.it\/de\/#organization\"},\"potentialAction\":[{\"@type\":\"SearchAction\",\"target\":{\"@type\":\"EntryPoint\",\"urlTemplate\":\"https:\/\/www.laresidenceabano.it\/de\/?s={search_term_string}\"},\"query-input\":{\"@type\":\"PropertyValueSpecification\",\"valueRequired\":true,\"valueName\":\"search_term_string\"}}],\"inLanguage\":\"de\"},{\"@type\":\"Organization\",\"@id\":\"https:\/\/www.laresidenceabano.it\/de\/#organization\",\"name\":\"Hotel La Residence\",\"url\":\"https:\/\/www.laresidenceabano.it\/de\/\",\"logo\":{\"@type\":\"ImageObject\",\"inLanguage\":\"de\",\"@id\":\"https:\/\/www.laresidenceabano.it\/de\/#\/schema\/logo\/image\/\",\"url\":\"https:\/\/www.laresidenceabano.it\/wp-content\/uploads\/2023\/07\/Logo-hotel-la-residence.svg\",\"contentUrl\":\"https:\/\/www.laresidenceabano.it\/wp-content\/uploads\/2023\/07\/Logo-hotel-la-residence.svg\",\"caption\":\"Hotel La Residence\"},\"image\":{\"@id\":\"https:\/\/www.laresidenceabano.it\/de\/#\/schema\/logo\/image\/\"}}]}<\/script>\n<!-- \/ Yoast SEO plugin. -->","yoast_head_json":{"title":"Unsere Lage - Hotel La Residence","description":"Das 4-Sterne-Hotel La Residence liegt in Abano Terme, zu F\u00fc\u00dfen der Euganeischen H\u00fcgel, nur wenige Kilometer von Padua und Venedig entfernt.","robots":{"index":"index","follow":"follow","max-snippet":"max-snippet:-1","max-image-preview":"max-image-preview:large","max-video-preview":"max-video-preview:-1"},"canonical":"https:\/\/www.laresidenceabano.it\/de\/unsere-lage\/","og_locale":"de_DE","og_type":"article","og_title":"Unsere Lage - Hotel La Residence","og_description":"Das 4-Sterne-Hotel La Residence liegt in Abano Terme, zu F\u00fc\u00dfen der Euganeischen H\u00fcgel, nur wenige Kilometer von Padua und Venedig entfernt.","og_url":"https:\/\/www.laresidenceabano.it\/de\/unsere-lage\/","og_site_name":"Hotel La Residence","article_modified_time":"2024-04-03T17:06:05+00:00","og_image":[{"width":1500,"height":777,"url":"https:\/\/www.laresidenceabano.it\/wp-content\/uploads\/2023\/07\/Dove-siamo-La-Residence.jpg","type":"image\/jpeg"}],"twitter_card":"summary_large_image","twitter_misc":{"Gesch\u00e4tzte Lesezeit":"1\u00a0Minute"},"schema":{"@context":"https:\/\/schema.org","@graph":[{"@type":"WebPage","@id":"https:\/\/www.laresidenceabano.it\/de\/unsere-lage\/","url":"https:\/\/www.laresidenceabano.it\/de\/unsere-lage\/","name":"Unsere Lage - Hotel La Residence","isPartOf":{"@id":"https:\/\/www.laresidenceabano.it\/de\/#website"},"primaryImageOfPage":{"@id":"https:\/\/www.laresidenceabano.it\/de\/unsere-lage\/#primaryimage"},"image":{"@id":"https:\/\/www.laresidenceabano.it\/de\/unsere-lage\/#primaryimage"},"thumbnailUrl":"https:\/\/www.laresidenceabano.it\/wp-content\/uploads\/2023\/07\/Dove-siamo-La-Residence.jpg","datePublished":"2023-08-10T10:46:13+00:00","dateModified":"2024-04-03T17:06:05+00:00","description":"Das 4-Sterne-Hotel La Residence liegt in Abano Terme, zu F\u00fc\u00dfen der Euganeischen H\u00fcgel, nur wenige Kilometer von Padua und Venedig entfernt.","breadcrumb":{"@id":"https:\/\/www.laresidenceabano.it\/de\/unsere-lage\/#breadcrumb"},"inLanguage":"de","potentialAction":[{"@type":"ReadAction","target":["https:\/\/www.laresidenceabano.it\/de\/unsere-lage\/"]}]},{"@type":"ImageObject","inLanguage":"de","@id":"https:\/\/www.laresidenceabano.it\/de\/unsere-lage\/#primaryimage","url":"https:\/\/www.laresidenceabano.it\/wp-content\/uploads\/2023\/07\/Dove-siamo-La-Residence.jpg","contentUrl":"https:\/\/www.laresidenceabano.it\/wp-content\/uploads\/2023\/07\/Dove-siamo-La-Residence.jpg","width":1500,"height":777,"caption":"Esterno con piscina dell'hotel La Residence"},{"@type":"BreadcrumbList","@id":"https:\/\/www.laresidenceabano.it\/de\/unsere-lage\/#breadcrumb","itemListElement":[{"@type":"ListItem","position":1,"name":"Home","item":"https:\/\/www.laresidenceabano.it\/de\/"},{"@type":"ListItem","position":2,"name":"Unsere Lage"}]},{"@type":"WebSite","@id":"https:\/\/www.laresidenceabano.it\/de\/#website","url":"https:\/\/www.laresidenceabano.it\/de\/","name":"Hotel La Residence","description":"","publisher":{"@id":"https:\/\/www.laresidenceabano.it\/de\/#organization"},"potentialAction":[{"@type":"SearchAction","target":{"@type":"EntryPoint","urlTemplate":"https:\/\/www.laresidenceabano.it\/de\/?s={search_term_string}"},"query-input":{"@type":"PropertyValueSpecification","valueRequired":true,"valueName":"search_term_string"}}],"inLanguage":"de"},{"@type":"Organization","@id":"https:\/\/www.laresidenceabano.it\/de\/#organization","name":"Hotel La Residence","url":"https:\/\/www.laresidenceabano.it\/de\/","logo":{"@type":"ImageObject","inLanguage":"de","@id":"https:\/\/www.laresidenceabano.it\/de\/#\/schema\/logo\/image\/","url":"https:\/\/www.laresidenceabano.it\/wp-content\/uploads\/2023\/07\/Logo-hotel-la-residence.svg","contentUrl":"https:\/\/www.laresidenceabano.it\/wp-content\/uploads\/2023\/07\/Logo-hotel-la-residence.svg","caption":"Hotel La Residence"},"image":{"@id":"https:\/\/www.laresidenceabano.it\/de\/#\/schema\/logo\/image\/"}}]}},"coauthors":[],"author_meta":{"author_link":"https:\/\/www.laresidenceabano.it\/de\/author\/jampaa\/","display_name":"Jampaa"},"relative_dates":{"created":"Posted 3\u00a0Jahren ago","modified":"Updated 2\u00a0Jahren ago"},"absolute_dates":{"created":"Posted on 10\/08\/2023","modified":"Updated on 03\/04\/2024"},"absolute_dates_time":{"created":"Posted on 10\/08\/2023 12:46","modified":"Updated on 03\/04\/2024 19:06"},"featured_img_caption":"Esterno con piscina dell'hotel La Residence","featured_img":"https:\/\/www.laresidenceabano.it\/wp-content\/uploads\/2023\/07\/Dove-siamo-La-Residence.jpg","series_order":"","_links":{"self":[{"href":"https:\/\/www.laresidenceabano.it\/de\/wp-json\/wp\/v2\/pages\/5771","targetHints":{"allow":["GET"]}}],"collection":[{"href":"https:\/\/www.laresidenceabano.it\/de\/wp-json\/wp\/v2\/pages"}],"about":[{"href":"https:\/\/www.laresidenceabano.it\/de\/wp-json\/wp\/v2\/types\/page"}],"author":[{"embeddable":true,"href":"https:\/\/www.laresidenceabano.it\/de\/wp-json\/wp\/v2\/users\/1"}],"replies":[{"embeddable":true,"href":"https:\/\/www.laresidenceabano.it\/de\/wp-json\/wp\/v2\/comments?post=5771"}],"version-history":[{"count":4,"href":"https:\/\/www.laresidenceabano.it\/de\/wp-json\/wp\/v2\/pages\/5771\/revisions"}],"predecessor-version":[{"id":7115,"href":"https:\/\/www.laresidenceabano.it\/de\/wp-json\/wp\/v2\/pages\/5771\/revisions\/7115"}],"wp:featuredmedia":[{"embeddable":true,"href":"https:\/\/www.laresidenceabano.it\/de\/wp-json\/wp\/v2\/media\/4939"}],"wp:attachment":[{"href":"https:\/\/www.laresidenceabano.it\/de\/wp-json\/wp\/v2\/media?parent=5771"}],"curies":[{"name":"wp","href":"https:\/\/api.w.org\/{rel}","templated":true}]}}