{"id":5823,"date":"2023-08-11T19:42:51","date_gmt":"2023-08-11T17:42:51","guid":{"rendered":"https:\/\/www.laresidenceabano.it\/fruehstueck\/"},"modified":"2024-04-23T18:07:17","modified_gmt":"2024-04-23T16:07:17","slug":"fruehstueck","status":"publish","type":"page","link":"https:\/\/www.laresidenceabano.it\/de\/fruehstueck\/","title":{"rendered":"Fr\u00fchst\u00fcck"},"content":{"rendered":"<div  class=\"grids-section animated fadeInUp grids-is-advanced alignwide\" style=\"--_gs-gap-desktop:0px 0px;--_gs-m-desktop:0 0 0 0;--_gs-p-desktop:0 0 0 0;--_gs-bg-desktop:transparent none;--_gs-bg-xp-desktop:0px;--_gs-zi-desktop:auto;--_gs-d-desktop:block;--_gs-mw-desktop:calc(100% - 0 - 0);--_gs-gap-tablet:0px 0px;--_gs-m-tablet:0 0 0 0;--_gs-p-tablet:0 0 0 0;--_gs-bg-tablet:transparent none;--_gs-bg-xp-tablet:0px;--_gs-zi-tablet:auto;--_gs-d-tablet:block;--_gs-mw-tablet:calc(100% - 0 - 0);--_gs-gap-mobile:0px 0px;--_gs-m-mobile:0 0 0 0;--_gs-p-mobile:0 0 0 0;--_gs-bg-mobile:transparent none;--_gs-bg-xp-mobile:0px;--_gs-zi-mobile:auto;--_gs-d-mobile:block;--_gs-mw-mobile:calc(100% - 0 - 0);--_gs-columns:12;--_gs-rows:6\"><div class=\"grids-s-w_i\">\n<div class=\"grids-area\" style=\"--_ga-column:1\/13;--_ga-row:1\/7;--_ga-m-desktop:0 0 0 0;--_ga-p-desktop:0 0 0 0;--_ga-bg-desktop:transparent none;--_ga-zi-desktop:auto;--_ga-d-desktop:flex;--_ga-mw-desktop:calc(100% - 0 - 0);--_ga-m-tablet:0 0 0 0;--_ga-p-tablet:0 0 0 0;--_ga-bg-tablet:transparent none;--_ga-zi-tablet:auto;--_ga-d-tablet:flex;--_ga-mw-tablet:calc(100% - 0 - 0);--_ga-m-mobile:0 0 0 0;--_ga-p-mobile:0 0 0 0;--_ga-bg-mobile:transparent none;--_ga-zi-mobile:auto;--_ga-d-mobile:flex;--_ga-mw-mobile:calc(100% - 0 - 0)\">\n\n<h2 class=\"wp-block-heading has-text-align-center decorated\">REICHHALTIGES UND NATURREINES FR\u00dcHST\u00dcCK<\/h2>\n\n\n\n<h6 class=\"wp-block-heading has-text-align-center\">Der ideale Moment, um sich zu verw\u00f6hnen und den Tag optimal zu beginnen<\/h6>\n\n\n\n<p class=\"has-text-align-center\">Lassen Sie sich von dem einladenden Duft frisch gebr\u00fchten Kaffees wecken und von frisch gebackenen Croissants und Geb\u00e4ck verf\u00fchren. Wenn Sie ein herzhaftes Fr\u00fchst\u00fcck bevorzugen, g\u00f6nnen Sie sich R\u00fchrei, knusprigen Speck und eine Auswahl an lokalen K\u00e4sesorten und Wurstwaren.<\/p>\n\n\n\n<p class=\"has-text-align-center\"><strong>Fr\u00fchst\u00fcckszeiten<\/strong><\/p>\n\n\n\n<p class=\"has-text-align-center\">Von 7:30 Uhr bis 10:00 Uhr<\/p>\n\n<\/div>\n<\/div><\/div>\n\n<div  class=\"grids-section row-text-gallery grids-is-advanced alignwide\" style=\"--_gs-gap-desktop:0px 0px;--_gs-m-desktop:0 0 0 0;--_gs-p-desktop:0 0 0 0;--_gs-bg-desktop:transparent none;--_gs-bg-xp-desktop:0px;--_gs-zi-desktop:auto;--_gs-d-desktop:block;--_gs-mw-desktop:calc(100% - 0 - 0);--_gs-gap-tablet:0px 0px;--_gs-m-tablet:0 0 0 0;--_gs-p-tablet:0 0 0 0;--_gs-bg-tablet:transparent none;--_gs-bg-xp-tablet:0px;--_gs-zi-tablet:auto;--_gs-d-tablet:block;--_gs-mw-tablet:calc(100% - 0 - 0);--_gs-gap-mobile:0px 0px;--_gs-m-mobile:0 0 0 0;--_gs-p-mobile:0 0 0 0;--_gs-bg-mobile:transparent none;--_gs-bg-xp-mobile:0px;--_gs-zi-mobile:auto;--_gs-d-mobile:block;--_gs-mw-mobile:calc(100% - 0 - 0);--_gs-columns:12;--_gs-rows:6\"><div class=\"grids-s-w_i\">\n<div class=\"grids-area animated fadeInLeft\" style=\"--_ga-column:1\/6;--_ga-row:1\/7;--_ga-va:center;--_ga-m-desktop:0 0 0 0;--_ga-p-desktop:0 0 0 0;--_ga-bg-desktop:transparent none;--_ga-zi-desktop:auto;--_ga-d-desktop:flex;--_ga-mw-desktop:calc(100% - 0 - 0);--_ga-m-tablet:0 0 0 0;--_ga-p-tablet:0 0 0 0;--_ga-bg-tablet:transparent none;--_ga-zi-tablet:auto;--_ga-d-tablet:flex;--_ga-mw-tablet:calc(100% - 0 - 0);--_ga-m-mobile:0 0 0 0;--_ga-p-mobile:0 0 0 0;--_ga-bg-mobile:transparent none;--_ga-zi-mobile:auto;--_ga-d-mobile:flex;--_ga-mw-mobile:calc(100% - 0 - 0)\">\n\n<h3 class=\"wp-block-heading has-text-color\" style=\"color:#b7cbb8\">S\u00dcSSES UND HERZHAFTES FR\u00dcHST\u00dcCK<\/h3>\n\n\n\n<hr class=\"wp-block-separator has-alpha-channel-opacity\"\/>\n\n\n\n<p>Unser Fr\u00fchst\u00fcck l\u00e4sst keine W\u00fcnsche offen und gibt Ihnen die n\u00f6tige Energie, um den Tag anzugehen.<\/p>\n\n\n\n<p>Im Hotel La Residence <strong>achten wir besonders auf spezielle Ern\u00e4hrungsbed\u00fcrfnisse<\/strong>, wie Unvertr\u00e4glichkeiten oder Allergien. Wir bitten Sie, uns bei der Reservierung zu informieren, damit wir Ihre Bed\u00fcrfnisse ber\u00fccksichtigen k\u00f6nnen.<\/p>\n\n<\/div>\n\n<div class=\"grids-area animated fadeInRight\" style=\"--_ga-column:7\/13;--_ga-row:1\/7;--_ga-va:center;--_ga-m-desktop:0 0 0 0;--_ga-p-desktop:0 0 0 0;--_ga-bg-desktop:transparent none;--_ga-zi-desktop:auto;--_ga-d-desktop:flex;--_ga-mw-desktop:calc(100% - 0 - 0);--_ga-m-tablet:0 0 0 0;--_ga-p-tablet:0 0 0 0;--_ga-bg-tablet:transparent none;--_ga-zi-tablet:auto;--_ga-d-tablet:flex;--_ga-mw-tablet:calc(100% - 0 - 0);--_ga-m-mobile:0 0 0 0;--_ga-p-mobile:0 0 0 0;--_ga-bg-mobile:transparent none;--_ga-zi-mobile:auto;--_ga-d-mobile:flex;--_ga-mw-mobile:calc(100% - 0 - 0)\">\n\n    <div class=\"custom-gallery-wrapper custom-gallery-wrapper-grid custom-gallery-wrapper-column-2\" id=\"customGallery_2\">\n        \n                                <span class=\"enable-fullscreen\" onclick=\"showHideFotorama('custom-gallery_1', 0);\">\n                <i class=\"far fa-expand\"><\/i>\n            <\/span>\n        \n                                        <div class=\"gallery-wrapper-image gallery-wrapper-image-0\">\n                <figure class=\"full-width\" onclick=\"showHideFotorama('custom-gallery_1', 0);\">\n                    <img decoding=\"async\" class=\"gallery-wrapper-image-small\" src=\"https:\/\/www.laresidenceabano.it\/wp-content\/uploads\/2023\/07\/Hotel-La-Residence-colazione-20.jpg\">\n                <\/figure>\n            <\/div>\n                                            <div class=\"gallery-wrapper-image gallery-wrapper-image-1\">\n                <figure class=\"full-width\" onclick=\"showHideFotorama('custom-gallery_1', 1);\">\n                    <img decoding=\"async\" class=\"gallery-wrapper-image-small\" src=\"https:\/\/www.laresidenceabano.it\/wp-content\/uploads\/2023\/07\/Hotel-La-Residence-tea-time-26-1.jpg\">\n                <\/figure>\n            <\/div>\n                                            <div class=\"gallery-wrapper-image gallery-wrapper-image-2\">\n                <figure class=\"full-width\" onclick=\"showHideFotorama('custom-gallery_1', 2);\">\n                    <img decoding=\"async\" class=\"gallery-wrapper-image-small\" src=\"https:\/\/www.laresidenceabano.it\/wp-content\/uploads\/2023\/07\/Hotel-La-Residence-colazione-16.jpg\">\n                <\/figure>\n            <\/div>\n                                \n            <\/div>\n\n    <div style=\"width:1px;height:1px;position:absolute;\" name=\"fotorama\" id=\"custom-gallery_1\" class=\"fotorama\" data-width=\"100%\"  data-nav=\"thumbs\"  data-allowfullscreen=\"true\" >\n                    <img decoding=\"async\" src=\"https:\/\/www.laresidenceabano.it\/wp-content\/uploads\/2023\/07\/Hotel-La-Residence-colazione-20.jpg\" class=\"attachment-full skip-lazy\" \/>\n                    <img decoding=\"async\" src=\"https:\/\/www.laresidenceabano.it\/wp-content\/uploads\/2023\/07\/Hotel-La-Residence-tea-time-26-1.jpg\" class=\"attachment-full skip-lazy\" \/>\n                    <img decoding=\"async\" src=\"https:\/\/www.laresidenceabano.it\/wp-content\/uploads\/2023\/07\/Hotel-La-Residence-colazione-16.jpg\" class=\"attachment-full skip-lazy\" \/>\n                    <img decoding=\"async\" src=\"https:\/\/www.laresidenceabano.it\/wp-content\/uploads\/2023\/07\/Hotel-La-Residence-colazione-7.jpg\" class=\"attachment-full skip-lazy\" \/>\n                    <img decoding=\"async\" src=\"https:\/\/www.laresidenceabano.it\/wp-content\/uploads\/2023\/07\/Hotel-La-Residence-colazione-5.jpg\" class=\"attachment-full skip-lazy\" \/>\n            <\/div>\n\n\n\n<\/div>\n<\/div><\/div>\n\n<div  id=\"spa\" class=\"grids-section row-green grids-is-advanced alignwide\" style=\"--_gs-gap-desktop:0px 0px;--_gs-m-desktop:0 0 0 0;--_gs-p-desktop:0 0 0 0;--_gs-bg-desktop:#f5faf4 none;--_gs-bg-xp-desktop:0px;--_gs-zi-desktop:auto;--_gs-d-desktop:block;--_gs-mw-desktop:calc(100% - 0 - 0);--_gs-gap-tablet:0px 0px;--_gs-m-tablet:0 0 0 0;--_gs-p-tablet:0 0 0 0;--_gs-bg-tablet:#f5faf4 none;--_gs-bg-xp-tablet:0px;--_gs-zi-tablet:auto;--_gs-d-tablet:block;--_gs-mw-tablet:calc(100% - 0 - 0);--_gs-gap-mobile:0px 0px;--_gs-m-mobile:0 0 0 0;--_gs-p-mobile:0 0 0 0;--_gs-bg-mobile:#f5faf4 none;--_gs-bg-xp-mobile:0px;--_gs-zi-mobile:auto;--_gs-d-mobile:block;--_gs-mw-mobile:calc(100% - 0 - 0);--_gs-columns:12;--_gs-rows:6\"><div class=\"grids-s-w_i\">\n<div class=\"grids-area animated fadeInLeft\" style=\"--_ga-column:1\/6;--_ga-row:1\/7;--_ga-va:center;--_ga-m-desktop:0 0 0 0;--_ga-p-desktop:0 0 0 0;--_ga-bg-desktop:transparent none;--_ga-zi-desktop:auto;--_ga-d-desktop:flex;--_ga-mw-desktop:calc(100% - 0 - 0);--_ga-m-tablet:0 0 0 0;--_ga-p-tablet:0 0 0 0;--_ga-bg-tablet:transparent none;--_ga-zi-tablet:auto;--_ga-d-tablet:flex;--_ga-mw-tablet:calc(100% - 0 - 0);--_ga-m-mobile:0 0 0 0;--_ga-p-mobile:0 0 0 0;--_ga-bg-mobile:transparent none;--_ga-zi-mobile:auto;--_ga-d-mobile:flex;--_ga-mw-mobile:calc(100% - 0 - 0)\">\n\n<h3 class=\"wp-block-heading has-text-color\" style=\"color:#6b9174\">FR\u00dcHST\u00dcCK AUF DEM ZIMMER<\/h3>\n\n\n\n<p>M\u00f6chten Sie sich Ihr Fr\u00fchst\u00fcck direkt auf Ihr Zimmer liefern und sich von einem <strong>tadellosen Service<\/strong> und einer speziell f\u00fcr Sie zubereiteten<strong> Auswahl an K\u00f6stlichkeiten<\/strong> verw\u00f6hnen lassen? Mit unserem Zimmerservice bieten wir Ihnen die M\u00f6glichkeit, <strong>Ihr Fr\u00fchst\u00fcck in der Privatsph\u00e4re und Intimit\u00e4t Ihres Zimmers zu genie\u00dfen<\/strong>.<\/p>\n\n<\/div>\n\n<div class=\"grids-area image-column animated fadeInRight\" style=\"--_ga-column:7\/13;--_ga-row:1\/7;--_ga-va:center;--_ga-m-desktop:0 0 0 0;--_ga-p-desktop:0 0 0 0;--_ga-bg-desktop:transparent none;--_ga-zi-desktop:auto;--_ga-d-desktop:flex;--_ga-mw-desktop:calc(100% - 0 - 0);--_ga-m-tablet:0 0 0 0;--_ga-p-tablet:0 0 0 0;--_ga-bg-tablet:transparent none;--_ga-zi-tablet:auto;--_ga-d-tablet:flex;--_ga-mw-tablet:calc(100% - 0 - 0);--_ga-m-mobile:0 0 0 0;--_ga-p-mobile:0 0 0 0;--_ga-bg-mobile:transparent none;--_ga-zi-mobile:auto;--_ga-d-mobile:flex;--_ga-mw-mobile:calc(100% - 0 - 0)\">\n<div class=\"wp-block-image full-width\">\n<figure class=\"aligncenter size-large\"><img loading=\"lazy\" decoding=\"async\" width=\"1024\" height=\"683\" src=\"https:\/\/www.laresidenceabano.it\/wp-content\/uploads\/2023\/07\/Hotel-La-Residence-28-1024x683.jpg\" alt=\"\" class=\"wp-image-4505\" srcset=\"https:\/\/www.laresidenceabano.it\/wp-content\/uploads\/2023\/07\/Hotel-La-Residence-28-1024x683.jpg 1024w, https:\/\/www.laresidenceabano.it\/wp-content\/uploads\/2023\/07\/Hotel-La-Residence-28-300x200.jpg 300w, https:\/\/www.laresidenceabano.it\/wp-content\/uploads\/2023\/07\/Hotel-La-Residence-28-768x512.jpg 768w, https:\/\/www.laresidenceabano.it\/wp-content\/uploads\/2023\/07\/Hotel-La-Residence-28-1536x1024.jpg 1536w, https:\/\/www.laresidenceabano.it\/wp-content\/uploads\/2023\/07\/Hotel-La-Residence-28-1568x1045.jpg 1568w, https:\/\/www.laresidenceabano.it\/wp-content\/uploads\/2023\/07\/Hotel-La-Residence-28.jpg 1800w\" sizes=\"auto, (max-width: 1024px) 100vw, 1024px\" \/><\/figure><\/div>\n<\/div>\n<\/div><\/div>\n\n<div  class=\"grids-section grids-is-advanced alignwide\" style=\"--_gs-gap-desktop:0px 0px;--_gs-m-desktop:0 0 0 0;--_gs-p-desktop:0 0 0 0;--_gs-bg-desktop:transparent none;--_gs-bg-xp-desktop:0px;--_gs-zi-desktop:auto;--_gs-d-desktop:block;--_gs-mw-desktop:calc(100% - 0 - 0);--_gs-gap-tablet:0px 0px;--_gs-m-tablet:0 0 0 0;--_gs-p-tablet:0 0 0 0;--_gs-bg-tablet:transparent none;--_gs-bg-xp-tablet:0px;--_gs-zi-tablet:auto;--_gs-d-tablet:block;--_gs-mw-tablet:calc(100% - 0 - 0);--_gs-gap-mobile:0px 0px;--_gs-m-mobile:0 0 0 0;--_gs-p-mobile:0 0 0 0;--_gs-bg-mobile:transparent none;--_gs-bg-xp-mobile:0px;--_gs-zi-mobile:auto;--_gs-d-mobile:block;--_gs-mw-mobile:calc(100% - 0 - 0);--_gs-columns:12;--_gs-rows:6\"><div class=\"grids-s-w_i\">\n<div class=\"grids-area\" style=\"--_ga-column:1\/13;--_ga-row:1\/7;--_ga-m-desktop:0 0 0 0;--_ga-p-desktop:0 0 0 0;--_ga-bg-desktop:transparent none;--_ga-zi-desktop:auto;--_ga-d-desktop:flex;--_ga-mw-desktop:calc(100% - 0 - 0);--_ga-m-tablet:0 0 0 0;--_ga-p-tablet:0 0 0 0;--_ga-bg-tablet:transparent none;--_ga-zi-tablet:auto;--_ga-d-tablet:flex;--_ga-mw-tablet:calc(100% - 0 - 0);--_ga-m-mobile:0 0 0 0;--_ga-p-mobile:0 0 0 0;--_ga-bg-mobile:transparent none;--_ga-zi-mobile:auto;--_ga-d-mobile:flex;--_ga-mw-mobile:calc(100% - 0 - 0)\">\n\n<h3 class=\"wp-block-heading has-text-align-center decorated\">ES K\u00d6NNTE SIE AUCH INTERESSIEREN&#8230;<\/h3>\n\n\n\n    <div class=\"related-pages-container\" id=\"relatedPages_3\">\n\n                                                                <div class=\"related-pages-single swiper-slide\">\n                        <a href=\"https:\/\/www.laresidenceabano.it\/it\/camere-suites\/\">\n                            <figure class=\"full-width\">\n                                <img decoding=\"async\" src=\"https:\/\/www.laresidenceabano.it\/wp-content\/uploads\/2023\/07\/Camere-e-Suites.jpg\" title=\"Junior-Suite-Executive-hotel-4-stelle-con-piscina\" alt=\"Lussuosa e tranquilla Junior Suite Executive\" \/>\n                            <\/figure>\n                            <h4>Zimmer & Suiten<\/h4>\n                        <\/a>\n                    <\/div>\n                                                        <div class=\"related-pages-single swiper-slide\">\n                        <a href=\"https:\/\/www.laresidenceabano.it\/it\/fitness\/\">\n                            <figure class=\"full-width\">\n                                <img decoding=\"async\" src=\"https:\/\/www.laresidenceabano.it\/wp-content\/uploads\/2023\/07\/palestra-hotela-la-residence-abano-terme.jpg\" title=\"palestra-hotela-la-residence-abano-terme\" alt=\"palestra-hotela-la-residence-abano-terme\" \/>\n                            <\/figure>\n                            <h4>Fitness<\/h4>\n                        <\/a>\n                    <\/div>\n                                                        <div class=\"related-pages-single swiper-slide\">\n                        <a href=\"https:\/\/www.laresidenceabano.it\/it\/piscine-e-spa\/\">\n                            <figure class=\"full-width\">\n                                <img decoding=\"async\" src=\"https:\/\/www.laresidenceabano.it\/wp-content\/uploads\/2023\/07\/Hotel-La-Residence-varie-6.jpg\" title=\"Hotel-La-Residence-varie-6\" alt=\"\" \/>\n                            <\/figure>\n                            <h4>Pools & Spas<\/h4>\n                        <\/a>\n                    <\/div>\n                            <\/div>\n\n\n\n<\/div>\n<\/div><\/div>","protected":false},"excerpt":{"rendered":"","protected":false},"author":11,"featured_media":4510,"parent":0,"menu_order":0,"comment_status":"closed","ping_status":"closed","template":"","meta":{"_acf_changed":false,"advgb_blocks_editor_width":"","advgb_blocks_columns_visual_guide":"","footnotes":""},"class_list":["post-5823","page","type-page","status-publish","has-post-thumbnail","hentry","entry"],"acf":[],"yoast_head":"<!-- This site is optimized with the Yoast SEO plugin v25.6 - https:\/\/yoast.com\/wordpress\/plugins\/seo\/ -->\n<title>Ein reichhaltiges und naturreines Fr\u00fchst\u00fcck - Hotel La Residence<\/title>\n<meta name=\"description\" content=\"Das Hotel La Residence in Abano Terme bietet Ihnen ein reichhaltiges Fr\u00fchst\u00fcck. Ein Moment puren Genusses, in dem Sie eine vielf\u00e4ltige Auswahl von s\u00fc\u00dfen und herzhaften K\u00f6stlichkeiten probieren k\u00f6nnen.\" \/>\n<meta name=\"robots\" content=\"index, follow, max-snippet:-1, max-image-preview:large, max-video-preview:-1\" \/>\n<link rel=\"canonical\" href=\"https:\/\/www.laresidenceabano.it\/de\/fruehstueck\/\" \/>\n<meta property=\"og:locale\" content=\"de_DE\" \/>\n<meta property=\"og:type\" content=\"article\" \/>\n<meta property=\"og:title\" content=\"Ein reichhaltiges und naturreines Fr\u00fchst\u00fcck - Hotel La Residence\" \/>\n<meta property=\"og:description\" content=\"Das Hotel La Residence in Abano Terme bietet Ihnen ein reichhaltiges Fr\u00fchst\u00fcck. Ein Moment puren Genusses, in dem Sie eine vielf\u00e4ltige Auswahl von s\u00fc\u00dfen und herzhaften K\u00f6stlichkeiten probieren k\u00f6nnen.\" \/>\n<meta property=\"og:url\" content=\"https:\/\/www.laresidenceabano.it\/de\/fruehstueck\/\" \/>\n<meta property=\"og:site_name\" content=\"Hotel La Residence\" \/>\n<meta property=\"article:modified_time\" content=\"2024-04-23T16:07:17+00:00\" \/>\n<meta property=\"og:image\" content=\"https:\/\/www.laresidenceabano.it\/wp-content\/uploads\/2023\/07\/Hotel-La-Residence-29.jpg\" \/>\n\t<meta property=\"og:image:width\" content=\"1800\" \/>\n\t<meta property=\"og:image:height\" content=\"1200\" \/>\n\t<meta property=\"og:image:type\" content=\"image\/jpeg\" \/>\n<meta name=\"twitter:card\" content=\"summary_large_image\" \/>\n<meta name=\"twitter:label1\" content=\"Gesch\u00e4tzte Lesezeit\" \/>\n\t<meta name=\"twitter:data1\" content=\"2\u00a0Minuten\" \/>\n<script type=\"application\/ld+json\" class=\"yoast-schema-graph\">{\"@context\":\"https:\/\/schema.org\",\"@graph\":[{\"@type\":\"WebPage\",\"@id\":\"https:\/\/www.laresidenceabano.it\/de\/fruehstueck\/\",\"url\":\"https:\/\/www.laresidenceabano.it\/de\/fruehstueck\/\",\"name\":\"Ein reichhaltiges und naturreines Fr\u00fchst\u00fcck - Hotel La Residence\",\"isPartOf\":{\"@id\":\"https:\/\/www.laresidenceabano.it\/de\/#website\"},\"primaryImageOfPage\":{\"@id\":\"https:\/\/www.laresidenceabano.it\/de\/fruehstueck\/#primaryimage\"},\"image\":{\"@id\":\"https:\/\/www.laresidenceabano.it\/de\/fruehstueck\/#primaryimage\"},\"thumbnailUrl\":\"https:\/\/www.laresidenceabano.it\/wp-content\/uploads\/2023\/07\/Hotel-La-Residence-29.jpg\",\"datePublished\":\"2023-08-11T17:42:51+00:00\",\"dateModified\":\"2024-04-23T16:07:17+00:00\",\"description\":\"Das Hotel La Residence in Abano Terme bietet Ihnen ein reichhaltiges Fr\u00fchst\u00fcck. Ein Moment puren Genusses, in dem Sie eine vielf\u00e4ltige Auswahl von s\u00fc\u00dfen und herzhaften K\u00f6stlichkeiten probieren k\u00f6nnen.\",\"breadcrumb\":{\"@id\":\"https:\/\/www.laresidenceabano.it\/de\/fruehstueck\/#breadcrumb\"},\"inLanguage\":\"de\",\"potentialAction\":[{\"@type\":\"ReadAction\",\"target\":[\"https:\/\/www.laresidenceabano.it\/de\/fruehstueck\/\"]}]},{\"@type\":\"ImageObject\",\"inLanguage\":\"de\",\"@id\":\"https:\/\/www.laresidenceabano.it\/de\/fruehstueck\/#primaryimage\",\"url\":\"https:\/\/www.laresidenceabano.it\/wp-content\/uploads\/2023\/07\/Hotel-La-Residence-29.jpg\",\"contentUrl\":\"https:\/\/www.laresidenceabano.it\/wp-content\/uploads\/2023\/07\/Hotel-La-Residence-29.jpg\",\"width\":1800,\"height\":1200,\"caption\":\"colazione sana e colorata: variet\u00e0 di frutta, cereali e torte\"},{\"@type\":\"BreadcrumbList\",\"@id\":\"https:\/\/www.laresidenceabano.it\/de\/fruehstueck\/#breadcrumb\",\"itemListElement\":[{\"@type\":\"ListItem\",\"position\":1,\"name\":\"Home\",\"item\":\"https:\/\/www.laresidenceabano.it\/de\/\"},{\"@type\":\"ListItem\",\"position\":2,\"name\":\"Fr\u00fchst\u00fcck\"}]},{\"@type\":\"WebSite\",\"@id\":\"https:\/\/www.laresidenceabano.it\/de\/#website\",\"url\":\"https:\/\/www.laresidenceabano.it\/de\/\",\"name\":\"Hotel La Residence\",\"description\":\"\",\"publisher\":{\"@id\":\"https:\/\/www.laresidenceabano.it\/de\/#organization\"},\"potentialAction\":[{\"@type\":\"SearchAction\",\"target\":{\"@type\":\"EntryPoint\",\"urlTemplate\":\"https:\/\/www.laresidenceabano.it\/de\/?s={search_term_string}\"},\"query-input\":{\"@type\":\"PropertyValueSpecification\",\"valueRequired\":true,\"valueName\":\"search_term_string\"}}],\"inLanguage\":\"de\"},{\"@type\":\"Organization\",\"@id\":\"https:\/\/www.laresidenceabano.it\/de\/#organization\",\"name\":\"Hotel La Residence\",\"url\":\"https:\/\/www.laresidenceabano.it\/de\/\",\"logo\":{\"@type\":\"ImageObject\",\"inLanguage\":\"de\",\"@id\":\"https:\/\/www.laresidenceabano.it\/de\/#\/schema\/logo\/image\/\",\"url\":\"https:\/\/www.laresidenceabano.it\/wp-content\/uploads\/2023\/07\/Logo-hotel-la-residence.svg\",\"contentUrl\":\"https:\/\/www.laresidenceabano.it\/wp-content\/uploads\/2023\/07\/Logo-hotel-la-residence.svg\",\"caption\":\"Hotel La Residence\"},\"image\":{\"@id\":\"https:\/\/www.laresidenceabano.it\/de\/#\/schema\/logo\/image\/\"}}]}<\/script>\n<!-- \/ Yoast SEO plugin. -->","yoast_head_json":{"title":"Ein reichhaltiges und naturreines Fr\u00fchst\u00fcck - Hotel La Residence","description":"Das Hotel La Residence in Abano Terme bietet Ihnen ein reichhaltiges Fr\u00fchst\u00fcck. Ein Moment puren Genusses, in dem Sie eine vielf\u00e4ltige Auswahl von s\u00fc\u00dfen und herzhaften K\u00f6stlichkeiten probieren k\u00f6nnen.","robots":{"index":"index","follow":"follow","max-snippet":"max-snippet:-1","max-image-preview":"max-image-preview:large","max-video-preview":"max-video-preview:-1"},"canonical":"https:\/\/www.laresidenceabano.it\/de\/fruehstueck\/","og_locale":"de_DE","og_type":"article","og_title":"Ein reichhaltiges und naturreines Fr\u00fchst\u00fcck - Hotel La Residence","og_description":"Das Hotel La Residence in Abano Terme bietet Ihnen ein reichhaltiges Fr\u00fchst\u00fcck. Ein Moment puren Genusses, in dem Sie eine vielf\u00e4ltige Auswahl von s\u00fc\u00dfen und herzhaften K\u00f6stlichkeiten probieren k\u00f6nnen.","og_url":"https:\/\/www.laresidenceabano.it\/de\/fruehstueck\/","og_site_name":"Hotel La Residence","article_modified_time":"2024-04-23T16:07:17+00:00","og_image":[{"width":1800,"height":1200,"url":"https:\/\/www.laresidenceabano.it\/wp-content\/uploads\/2023\/07\/Hotel-La-Residence-29.jpg","type":"image\/jpeg"}],"twitter_card":"summary_large_image","twitter_misc":{"Gesch\u00e4tzte Lesezeit":"2\u00a0Minuten"},"schema":{"@context":"https:\/\/schema.org","@graph":[{"@type":"WebPage","@id":"https:\/\/www.laresidenceabano.it\/de\/fruehstueck\/","url":"https:\/\/www.laresidenceabano.it\/de\/fruehstueck\/","name":"Ein reichhaltiges und naturreines Fr\u00fchst\u00fcck - Hotel La Residence","isPartOf":{"@id":"https:\/\/www.laresidenceabano.it\/de\/#website"},"primaryImageOfPage":{"@id":"https:\/\/www.laresidenceabano.it\/de\/fruehstueck\/#primaryimage"},"image":{"@id":"https:\/\/www.laresidenceabano.it\/de\/fruehstueck\/#primaryimage"},"thumbnailUrl":"https:\/\/www.laresidenceabano.it\/wp-content\/uploads\/2023\/07\/Hotel-La-Residence-29.jpg","datePublished":"2023-08-11T17:42:51+00:00","dateModified":"2024-04-23T16:07:17+00:00","description":"Das Hotel La Residence in Abano Terme bietet Ihnen ein reichhaltiges Fr\u00fchst\u00fcck. Ein Moment puren Genusses, in dem Sie eine vielf\u00e4ltige Auswahl von s\u00fc\u00dfen und herzhaften K\u00f6stlichkeiten probieren k\u00f6nnen.","breadcrumb":{"@id":"https:\/\/www.laresidenceabano.it\/de\/fruehstueck\/#breadcrumb"},"inLanguage":"de","potentialAction":[{"@type":"ReadAction","target":["https:\/\/www.laresidenceabano.it\/de\/fruehstueck\/"]}]},{"@type":"ImageObject","inLanguage":"de","@id":"https:\/\/www.laresidenceabano.it\/de\/fruehstueck\/#primaryimage","url":"https:\/\/www.laresidenceabano.it\/wp-content\/uploads\/2023\/07\/Hotel-La-Residence-29.jpg","contentUrl":"https:\/\/www.laresidenceabano.it\/wp-content\/uploads\/2023\/07\/Hotel-La-Residence-29.jpg","width":1800,"height":1200,"caption":"colazione sana e colorata: variet\u00e0 di frutta, cereali e torte"},{"@type":"BreadcrumbList","@id":"https:\/\/www.laresidenceabano.it\/de\/fruehstueck\/#breadcrumb","itemListElement":[{"@type":"ListItem","position":1,"name":"Home","item":"https:\/\/www.laresidenceabano.it\/de\/"},{"@type":"ListItem","position":2,"name":"Fr\u00fchst\u00fcck"}]},{"@type":"WebSite","@id":"https:\/\/www.laresidenceabano.it\/de\/#website","url":"https:\/\/www.laresidenceabano.it\/de\/","name":"Hotel La Residence","description":"","publisher":{"@id":"https:\/\/www.laresidenceabano.it\/de\/#organization"},"potentialAction":[{"@type":"SearchAction","target":{"@type":"EntryPoint","urlTemplate":"https:\/\/www.laresidenceabano.it\/de\/?s={search_term_string}"},"query-input":{"@type":"PropertyValueSpecification","valueRequired":true,"valueName":"search_term_string"}}],"inLanguage":"de"},{"@type":"Organization","@id":"https:\/\/www.laresidenceabano.it\/de\/#organization","name":"Hotel La Residence","url":"https:\/\/www.laresidenceabano.it\/de\/","logo":{"@type":"ImageObject","inLanguage":"de","@id":"https:\/\/www.laresidenceabano.it\/de\/#\/schema\/logo\/image\/","url":"https:\/\/www.laresidenceabano.it\/wp-content\/uploads\/2023\/07\/Logo-hotel-la-residence.svg","contentUrl":"https:\/\/www.laresidenceabano.it\/wp-content\/uploads\/2023\/07\/Logo-hotel-la-residence.svg","caption":"Hotel La Residence"},"image":{"@id":"https:\/\/www.laresidenceabano.it\/de\/#\/schema\/logo\/image\/"}}]}},"coauthors":[],"author_meta":{"author_link":"https:\/\/www.laresidenceabano.it\/de\/author\/fede\/","display_name":"Fede"},"relative_dates":{"created":"Posted 3\u00a0Jahren ago","modified":"Updated 2\u00a0Jahren ago"},"absolute_dates":{"created":"Posted on 11\/08\/2023","modified":"Updated on 23\/04\/2024"},"absolute_dates_time":{"created":"Posted on 11\/08\/2023 19:42","modified":"Updated on 23\/04\/2024 18:07"},"featured_img_caption":"","featured_img":"https:\/\/www.laresidenceabano.it\/wp-content\/uploads\/2023\/07\/Hotel-La-Residence-29-1568x1045.jpg","series_order":"","_links":{"self":[{"href":"https:\/\/www.laresidenceabano.it\/de\/wp-json\/wp\/v2\/pages\/5823","targetHints":{"allow":["GET"]}}],"collection":[{"href":"https:\/\/www.laresidenceabano.it\/de\/wp-json\/wp\/v2\/pages"}],"about":[{"href":"https:\/\/www.laresidenceabano.it\/de\/wp-json\/wp\/v2\/types\/page"}],"author":[{"embeddable":true,"href":"https:\/\/www.laresidenceabano.it\/de\/wp-json\/wp\/v2\/users\/11"}],"replies":[{"embeddable":true,"href":"https:\/\/www.laresidenceabano.it\/de\/wp-json\/wp\/v2\/comments?post=5823"}],"version-history":[{"count":7,"href":"https:\/\/www.laresidenceabano.it\/de\/wp-json\/wp\/v2\/pages\/5823\/revisions"}],"predecessor-version":[{"id":7303,"href":"https:\/\/www.laresidenceabano.it\/de\/wp-json\/wp\/v2\/pages\/5823\/revisions\/7303"}],"wp:featuredmedia":[{"embeddable":true,"href":"https:\/\/www.laresidenceabano.it\/de\/wp-json\/wp\/v2\/media\/4510"}],"wp:attachment":[{"href":"https:\/\/www.laresidenceabano.it\/de\/wp-json\/wp\/v2\/media?parent=5823"}],"curies":[{"name":"wp","href":"https:\/\/api.w.org\/{rel}","templated":true}]}}