{"id":5973,"date":"2023-08-14T12:42:36","date_gmt":"2023-08-14T10:42:36","guid":{"rendered":"https:\/\/www.laresidenceabano.it\/behandlungen-fuer-den-koerper\/"},"modified":"2024-04-04T16:57:41","modified_gmt":"2024-04-04T14:57:41","slug":"behandlungen-fuer-den-koerper","status":"publish","type":"page","link":"https:\/\/www.laresidenceabano.it\/de\/behandlungen-fuer-den-koerper\/","title":{"rendered":"Behandlungen f\u00fcr den K\u00f6rper"},"content":{"rendered":"<div  class=\"grids-section animated fadeInUp grids-is-advanced alignwide\" style=\"--_gs-gap-desktop:0px 0px;--_gs-m-desktop:0 0 0 0;--_gs-p-desktop:0 0 0 0;--_gs-bg-desktop:transparent none;--_gs-bg-xp-desktop:0px;--_gs-zi-desktop:auto;--_gs-d-desktop:block;--_gs-mw-desktop:calc(100% - 0 - 0);--_gs-gap-tablet:0px 0px;--_gs-m-tablet:0 0 0 0;--_gs-p-tablet:0 0 0 0;--_gs-bg-tablet:transparent none;--_gs-bg-xp-tablet:0px;--_gs-zi-tablet:auto;--_gs-d-tablet:block;--_gs-mw-tablet:calc(100% - 0 - 0);--_gs-gap-mobile:0px 0px;--_gs-m-mobile:0 0 0 0;--_gs-p-mobile:0 0 0 0;--_gs-bg-mobile:transparent none;--_gs-bg-xp-mobile:0px;--_gs-zi-mobile:auto;--_gs-d-mobile:block;--_gs-mw-mobile:calc(100% - 0 - 0);--_gs-columns:12;--_gs-rows:6\"><div class=\"grids-s-w_i\">\n<div class=\"grids-area\" style=\"--_ga-column:1\/13;--_ga-row:1\/7;--_ga-m-desktop:0 0 0 0;--_ga-p-desktop:0 0 0 0;--_ga-bg-desktop:transparent none;--_ga-zi-desktop:auto;--_ga-d-desktop:flex;--_ga-mw-desktop:calc(100% - 0 - 0);--_ga-m-tablet:0 0 0 0;--_ga-p-tablet:0 0 0 0;--_ga-bg-tablet:transparent none;--_ga-zi-tablet:auto;--_ga-d-tablet:flex;--_ga-mw-tablet:calc(100% - 0 - 0);--_ga-m-mobile:0 0 0 0;--_ga-p-mobile:0 0 0 0;--_ga-bg-mobile:transparent none;--_ga-zi-mobile:auto;--_ga-d-mobile:flex;--_ga-mw-mobile:calc(100% - 0 - 0)\">\n\n<h2 class=\"wp-block-heading has-text-align-center\">TIEFE ENTSPANNUNG, SAMTIGE HAUT UND TOTALES WOHLBEFINDEN<\/h2>\n\n\n\n<p class=\"has-text-align-center\"><strong>Behandlungswege und multisensorische Anti-Stress-Rituale<\/strong> f\u00fcr globales Wohlbefinden. All dies in einem sch\u00f6nen Urlaubsambiente, angenehm, elegant, so dass Wellness wirklich komplett ist.<\/p>\n\n\n\n<div class=\"wp-block-advgb-accordions advgb-accordions-2d34f578-73a8-4232-85ea-44c1847ea481 advgb-accordion-wrapper\">\n<div class=\"wp-block-advgb-accordion-item advgb-accordion-item advgb-dyn-ffdf903a\" style=\"margin-bottom:15px\"><div class=\"advgb-accordion-header\" style=\"background-color:#FFFFFF;color:#000000;border-style:solid;border-width:1px;border-radius:2px\"><span class=\"advgb-accordion-header-icon\"><svg fill=\"#b7cbb8\" xmlns=\"http:\/\/www.w3.org\/2000\/svg\" width=\"24\" height=\"24\" viewBox=\"0 0 24 24\"><path fill=\"none\" d=\"M0,0h24v24H0V0z\"><\/path><path d=\"M19,13h-6v6h-2v-6H5v-2h6V5h2v6h6V13z\"><\/path><\/svg><\/span><h4 class=\"advgb-accordion-header-title\" style=\"color:inherit\">Fruchtgelee-Peeling (50 Min.)<\/h4><\/div><div class=\"advgb-accordion-body\" style=\"border-style:solid !important;border-width:1px !important;border-color:undefined !important;border-top:none !important;border-radius:2px !important\">\n<p>Diese <strong>entspannende und sanfte Behandlung<\/strong> ist ideal f\u00fcr den Beginn jeden Therapiewegs und hat eine <strong>gl\u00e4ttende, feuchtigkeitsspendende und aufhellende<\/strong> Wirkung. Das Peeling wird durch eine angenehme <strong>Massage mit warmen Schwammt\u00fcchern<\/strong> durchgef\u00fchrt. Den Abschluss bildet eine K\u00f6rpermassage mit einem speziellen Vitamin\u00f6l mit n\u00e4hrender und sch\u00fctzender Wirkung.<\/p>\n<\/div><\/div>\n\n\n\n<div class=\"wp-block-advgb-accordion-item advgb-accordion-item advgb-dyn-5dcf7594\" style=\"margin-bottom:15px\"><div class=\"advgb-accordion-header\" style=\"background-color:#FFFFFF;color:#000000;border-style:solid;border-width:1px;border-radius:2px\"><span class=\"advgb-accordion-header-icon\"><svg fill=\"#b7cbb8\" xmlns=\"http:\/\/www.w3.org\/2000\/svg\" width=\"24\" height=\"24\" viewBox=\"0 0 24 24\"><path fill=\"none\" d=\"M0,0h24v24H0V0z\"><\/path><path d=\"M19,13h-6v6h-2v-6H5v-2h6V5h2v6h6V13z\"><\/path><\/svg><\/span><h4 class=\"advgb-accordion-header-title\" style=\"color:inherit\">Vulkan-Peeling (50 Min.)<\/h4><\/div><div class=\"advgb-accordion-body\" style=\"border-style:solid !important;border-width:1px !important;border-color:undefined !important;border-top:none !important;border-radius:2px !important\">\n<p>Eine Mischung aus <strong>Bimssteinpulver und pflanzlichen K\u00f6rnern<\/strong> unterschiedlicher K\u00f6rnung, kombiniert mit zusammenwirkenden n\u00e4hrenden und elastisch machenden <strong>pflanzlichen \u00d6len und Vitamin E<\/strong>, sind die Zutaten f\u00fcr dieses herrliche <strong>K\u00f6rperpeeling<\/strong>.<\/p>\n\n\n\n<p>Unvergesslich ist die <strong>abschlie\u00dfende Massage<\/strong> mit der speziellen Vulkancreme, die einen umh\u00fcllenden und belebenden Duft nach fernen L\u00e4ndern verstr\u00f6mt.<\/p>\n<\/div><\/div>\n\n\n\n<div class=\"wp-block-advgb-accordion-item advgb-accordion-item advgb-dyn-8f98a9e3\" style=\"margin-bottom:15px\"><div class=\"advgb-accordion-header\" style=\"background-color:#FFFFFF;color:#000000;border-style:solid;border-width:1px;border-radius:2px\"><span class=\"advgb-accordion-header-icon\"><svg fill=\"#b7cbb8\" xmlns=\"http:\/\/www.w3.org\/2000\/svg\" width=\"24\" height=\"24\" viewBox=\"0 0 24 24\"><path fill=\"none\" d=\"M0,0h24v24H0V0z\"><\/path><path d=\"M19,13h-6v6h-2v-6H5v-2h6V5h2v6h6V13z\"><\/path><\/svg><\/span><h4 class=\"advgb-accordion-header-title\" style=\"color:inherit\">Behandlung Fango Schock GB Oberschenkel Ges\u00e4\u00df Bauch (80 Min.)<\/h4><\/div><div class=\"advgb-accordion-body\" style=\"border-style:solid !important;border-width:1px !important;border-color:undefined !important;border-top:none !important;border-radius:2px !important\">\n<p><strong>Modellieren, abnehmen, reduzieren<\/strong>. Dies sind die Ziele der Behandlung Fango Shock GB, die den Oberschenkeln, dem Ges\u00e4\u00df und dem Bauch gewidmet ist. Achtzig Minuten, um\u00a0 diese wichtigen Bereiche des K\u00f6rpers zu modellieren, zu straffen und zu verbessern.<\/p>\n\n\n\n<p>Eine <strong>Wickel<\/strong> auf der Basis einer speziellen osmotischen Drainagelotion, ein <strong>Umschlag mit Thermalschlamm<\/strong> und reduzierenden Wirkstoffen aus Algen, eine <strong>modellierende Massage<\/strong>, die durch die Wirkung der lipidsenkenden Creme auf Koffeinbasis verst\u00e4rkt wird. Eine au\u00dfergew\u00f6hnliche, leistungsstarke Schockbehandlung f\u00fcr optimale Ergebnisse.<\/p>\n<\/div><\/div>\n\n\n\n<div class=\"wp-block-advgb-accordion-item advgb-accordion-item advgb-dyn-132a7b93\" style=\"margin-bottom:15px\"><div class=\"advgb-accordion-header\" style=\"background-color:#FFFFFF;color:#000000;border-style:solid;border-width:1px;border-radius:2px\"><span class=\"advgb-accordion-header-icon\"><svg fill=\"#b7cbb8\" xmlns=\"http:\/\/www.w3.org\/2000\/svg\" width=\"24\" height=\"24\" viewBox=\"0 0 24 24\"><path fill=\"none\" d=\"M0,0h24v24H0V0z\"><\/path><path d=\"M19,13h-6v6h-2v-6H5v-2h6V5h2v6h6V13z\"><\/path><\/svg><\/span><h4 class=\"advgb-accordion-header-title\" style=\"color:inherit\">GB Fango-Behandlung Erfrischung f\u00fcr die Beine (50 Min.)<\/h4><\/div><div class=\"advgb-accordion-body\" style=\"border-style:solid !important;border-width:1px !important;border-color:undefined !important;border-top:none !important;border-radius:2px !important\">\n<p>Es ist <strong>ideal zur Vorbeugung und Bek\u00e4mpfung von Problemen im Zusammenhang mit Kapillarschw\u00e4che und Wassereinlagerungen<\/strong>.<\/p>\n\n\n\n<p>Ein Zusammenspiel von Wirkstoffen pflanzlichen Ursprungs aus Ginkgo biloba, Centella asiatica, Escin und M\u00e4usedorn, die in Kombination mit Vitamin C, einem starken Antioxidans, hervorragende Ergebnisse garantieren.<\/p>\n\n\n\n<p>Die Behandlung besteht aus dem <strong>Auftragen des mit Wirkstoffen angereicherten Reifen Fangos<\/strong>, gefolgt von einer erfrischenden Packung und einer reaktivierenden Massage, die Schwellungen und Schweregef\u00fchl in den Beinen lindert.<\/p>\n<\/div><\/div>\n<\/div>\n\n<\/div>\n<\/div><\/div><div  class=\"grids-section row-image-box-under grids-is-advanced alignfull\" style=\"--_gs-gap-desktop:0px 0px;--_gs-m-desktop:0 0 0 0;--_gs-p-desktop:0 0 0 0;--_gs-bg-desktop:transparent url(https:\/\/www.laresidenceabano.it\/wp-content\/uploads\/2023\/07\/Hotel-La-Residence-spa-195.jpg) no-repeat 50% 50%  \/ cover;--_gs-bg-xp-desktop:0px;--_gs-zi-desktop:auto;--_gs-d-desktop:block;--_gs-mw-desktop:calc(100% - 0 - 0);--_gs-gap-tablet:0px 0px;--_gs-m-tablet:0 0 0 0;--_gs-p-tablet:0 0 0 0;--_gs-bg-tablet:transparent url(https:\/\/www.laresidenceabano.it\/wp-content\/uploads\/2023\/07\/Hotel-La-Residence-spa-195.jpg) no-repeat 50% 50%  \/ cover;--_gs-bg-xp-tablet:0px;--_gs-zi-tablet:auto;--_gs-d-tablet:block;--_gs-mw-tablet:calc(100% - 0 - 0);--_gs-gap-mobile:0px 0px;--_gs-m-mobile:0 0 0 0;--_gs-p-mobile:0 0 0 0;--_gs-bg-mobile:transparent url(https:\/\/www.laresidenceabano.it\/wp-content\/uploads\/2023\/07\/Hotel-La-Residence-spa-195.jpg) no-repeat 50% 50%  \/ cover;--_gs-bg-xp-mobile:0px;--_gs-zi-mobile:auto;--_gs-d-mobile:block;--_gs-mw-mobile:calc(100% - 0 - 0);--_gs-columns:12;--_gs-rows:6\"><div class=\"grids-s-w_i\">\n<div class=\"grids-area animated fadeInUp\" style=\"--_ga-column:3\/11;--_ga-row:3\/7;--_ga-m-desktop:0 0 0 0;--_ga-p-desktop:0 0 0 0;--_ga-bg-desktop:#f5faf4 none;--_ga-zi-desktop:auto;--_ga-d-desktop:flex;--_ga-mw-desktop:calc(100% - 0 - 0);--_ga-m-tablet:0 0 0 0;--_ga-p-tablet:0 0 0 0;--_ga-bg-tablet:#f5faf4 none;--_ga-zi-tablet:auto;--_ga-d-tablet:flex;--_ga-mw-tablet:calc(100% - 0 - 0);--_ga-m-mobile:0 0 0 0;--_ga-p-mobile:0 0 0 0;--_ga-bg-mobile:#f5faf4 none;--_ga-zi-mobile:auto;--_ga-d-mobile:flex;--_ga-mw-mobile:calc(100% - 0 - 0)\">\n\n<h3 class=\"wp-block-heading has-text-align-center has-text-color\" style=\"color:#6b9174\">BUCHEN SIE EINE BEHANDLUNG F\u00dcR DEN K\u00d6RPER<\/h3>\n\n\n\n<p class=\"has-text-align-center has-text-color\" style=\"color:#6b9174\">M\u00f6chten Sie eine unserer exklusiven Behandlungen f\u00fcr den K\u00f6rper buchen?<\/p>\n\n\n\n<p class=\"has-text-align-center has-text-color\" style=\"color:#6b9174\">G\u00f6nnen Sie sich einen Moment des reinen Genie\u00dfens und entdecken Sie das Wohlbefinden wieder, das nur eine Behandlung f\u00fcr den K\u00f6rper bieten kann. <\/p>\n\n\n\n<div class=\"wp-block-buttons is-content-justification-center is-layout-flex wp-container-core-buttons-is-layout-16018d1d wp-block-buttons-is-layout-flex\">\n<div class=\"wp-block-button is-style-outline is-style-outline--2\"><a class=\"wp-block-button__link has-text-align-center wp-element-button\" href=\"https:\/\/www.laresidenceabano.it\/de\/kontakt\/\">KONTAKTIEREN SIE UNS<\/a><\/div>\n<\/div>\n\n<\/div>\n<\/div><\/div>","protected":false},"excerpt":{"rendered":"","protected":false},"author":11,"featured_media":3247,"parent":0,"menu_order":0,"comment_status":"closed","ping_status":"closed","template":"","meta":{"_acf_changed":false,"advgb_blocks_editor_width":"","advgb_blocks_columns_visual_guide":"","footnotes":""},"class_list":["post-5973","page","type-page","status-publish","has-post-thumbnail","hentry","entry"],"acf":[],"yoast_head":"<!-- This site is optimized with the Yoast SEO plugin v25.6 - https:\/\/yoast.com\/wordpress\/plugins\/seo\/ -->\n<title>Behandlungen f\u00fcr den K\u00f6rper in Abano Terme - Hotel La Residence<\/title>\n<meta name=\"description\" content=\"Behandlungswege und multisensorische Anti-Stress-Rituale f\u00fcr globales Wohlbefinden. Entdecken Sie alle Behandlungen f\u00fcr den K\u00f6rper im Hotel La Residence in Abano Terme.\" \/>\n<meta name=\"robots\" content=\"index, follow, max-snippet:-1, max-image-preview:large, max-video-preview:-1\" \/>\n<link rel=\"canonical\" href=\"https:\/\/www.laresidenceabano.it\/de\/behandlungen-fuer-den-koerper\/\" \/>\n<meta property=\"og:locale\" content=\"de_DE\" \/>\n<meta property=\"og:type\" content=\"article\" \/>\n<meta property=\"og:title\" content=\"Behandlungen f\u00fcr den K\u00f6rper in Abano Terme - Hotel La Residence\" \/>\n<meta property=\"og:description\" content=\"Behandlungswege und multisensorische Anti-Stress-Rituale f\u00fcr globales Wohlbefinden. Entdecken Sie alle Behandlungen f\u00fcr den K\u00f6rper im Hotel La Residence in Abano Terme.\" \/>\n<meta property=\"og:url\" content=\"https:\/\/www.laresidenceabano.it\/de\/behandlungen-fuer-den-koerper\/\" \/>\n<meta property=\"og:site_name\" content=\"Hotel La Residence\" \/>\n<meta property=\"article:modified_time\" content=\"2024-04-04T14:57:41+00:00\" \/>\n<meta property=\"og:image\" content=\"https:\/\/www.laresidenceabano.it\/wp-content\/uploads\/2023\/07\/Hotel-La-Residence-spa-208.jpg\" \/>\n\t<meta property=\"og:image:width\" content=\"1800\" \/>\n\t<meta property=\"og:image:height\" content=\"1200\" \/>\n\t<meta property=\"og:image:type\" content=\"image\/jpeg\" \/>\n<meta name=\"twitter:card\" content=\"summary_large_image\" \/>\n<meta name=\"twitter:label1\" content=\"Gesch\u00e4tzte Lesezeit\" \/>\n\t<meta name=\"twitter:data1\" content=\"2\u00a0Minuten\" \/>\n<script type=\"application\/ld+json\" class=\"yoast-schema-graph\">{\"@context\":\"https:\/\/schema.org\",\"@graph\":[{\"@type\":\"WebPage\",\"@id\":\"https:\/\/www.laresidenceabano.it\/de\/behandlungen-fuer-den-koerper\/\",\"url\":\"https:\/\/www.laresidenceabano.it\/de\/behandlungen-fuer-den-koerper\/\",\"name\":\"Behandlungen f\u00fcr den K\u00f6rper in Abano Terme - Hotel La Residence\",\"isPartOf\":{\"@id\":\"https:\/\/www.laresidenceabano.it\/de\/#website\"},\"primaryImageOfPage\":{\"@id\":\"https:\/\/www.laresidenceabano.it\/de\/behandlungen-fuer-den-koerper\/#primaryimage\"},\"image\":{\"@id\":\"https:\/\/www.laresidenceabano.it\/de\/behandlungen-fuer-den-koerper\/#primaryimage\"},\"thumbnailUrl\":\"https:\/\/www.laresidenceabano.it\/wp-content\/uploads\/2023\/07\/Hotel-La-Residence-spa-208.jpg\",\"datePublished\":\"2023-08-14T10:42:36+00:00\",\"dateModified\":\"2024-04-04T14:57:41+00:00\",\"description\":\"Behandlungswege und multisensorische Anti-Stress-Rituale f\u00fcr globales Wohlbefinden. Entdecken Sie alle Behandlungen f\u00fcr den K\u00f6rper im Hotel La Residence in Abano Terme.\",\"breadcrumb\":{\"@id\":\"https:\/\/www.laresidenceabano.it\/de\/behandlungen-fuer-den-koerper\/#breadcrumb\"},\"inLanguage\":\"de\",\"potentialAction\":[{\"@type\":\"ReadAction\",\"target\":[\"https:\/\/www.laresidenceabano.it\/de\/behandlungen-fuer-den-koerper\/\"]}]},{\"@type\":\"ImageObject\",\"inLanguage\":\"de\",\"@id\":\"https:\/\/www.laresidenceabano.it\/de\/behandlungen-fuer-den-koerper\/#primaryimage\",\"url\":\"https:\/\/www.laresidenceabano.it\/wp-content\/uploads\/2023\/07\/Hotel-La-Residence-spa-208.jpg\",\"contentUrl\":\"https:\/\/www.laresidenceabano.it\/wp-content\/uploads\/2023\/07\/Hotel-La-Residence-spa-208.jpg\",\"width\":1800,\"height\":1200,\"caption\":\"hot stone therapy - applicazione pietre calde sulla schiena\"},{\"@type\":\"BreadcrumbList\",\"@id\":\"https:\/\/www.laresidenceabano.it\/de\/behandlungen-fuer-den-koerper\/#breadcrumb\",\"itemListElement\":[{\"@type\":\"ListItem\",\"position\":1,\"name\":\"Home\",\"item\":\"https:\/\/www.laresidenceabano.it\/de\/\"},{\"@type\":\"ListItem\",\"position\":2,\"name\":\"Behandlungen f\u00fcr den K\u00f6rper\"}]},{\"@type\":\"WebSite\",\"@id\":\"https:\/\/www.laresidenceabano.it\/de\/#website\",\"url\":\"https:\/\/www.laresidenceabano.it\/de\/\",\"name\":\"Hotel La Residence\",\"description\":\"\",\"publisher\":{\"@id\":\"https:\/\/www.laresidenceabano.it\/de\/#organization\"},\"potentialAction\":[{\"@type\":\"SearchAction\",\"target\":{\"@type\":\"EntryPoint\",\"urlTemplate\":\"https:\/\/www.laresidenceabano.it\/de\/?s={search_term_string}\"},\"query-input\":{\"@type\":\"PropertyValueSpecification\",\"valueRequired\":true,\"valueName\":\"search_term_string\"}}],\"inLanguage\":\"de\"},{\"@type\":\"Organization\",\"@id\":\"https:\/\/www.laresidenceabano.it\/de\/#organization\",\"name\":\"Hotel La Residence\",\"url\":\"https:\/\/www.laresidenceabano.it\/de\/\",\"logo\":{\"@type\":\"ImageObject\",\"inLanguage\":\"de\",\"@id\":\"https:\/\/www.laresidenceabano.it\/de\/#\/schema\/logo\/image\/\",\"url\":\"https:\/\/www.laresidenceabano.it\/wp-content\/uploads\/2023\/07\/Logo-hotel-la-residence.svg\",\"contentUrl\":\"https:\/\/www.laresidenceabano.it\/wp-content\/uploads\/2023\/07\/Logo-hotel-la-residence.svg\",\"caption\":\"Hotel La Residence\"},\"image\":{\"@id\":\"https:\/\/www.laresidenceabano.it\/de\/#\/schema\/logo\/image\/\"}}]}<\/script>\n<!-- \/ Yoast SEO plugin. -->","yoast_head_json":{"title":"Behandlungen f\u00fcr den K\u00f6rper in Abano Terme - Hotel La Residence","description":"Behandlungswege und multisensorische Anti-Stress-Rituale f\u00fcr globales Wohlbefinden. Entdecken Sie alle Behandlungen f\u00fcr den K\u00f6rper im Hotel La Residence in Abano Terme.","robots":{"index":"index","follow":"follow","max-snippet":"max-snippet:-1","max-image-preview":"max-image-preview:large","max-video-preview":"max-video-preview:-1"},"canonical":"https:\/\/www.laresidenceabano.it\/de\/behandlungen-fuer-den-koerper\/","og_locale":"de_DE","og_type":"article","og_title":"Behandlungen f\u00fcr den K\u00f6rper in Abano Terme - Hotel La Residence","og_description":"Behandlungswege und multisensorische Anti-Stress-Rituale f\u00fcr globales Wohlbefinden. Entdecken Sie alle Behandlungen f\u00fcr den K\u00f6rper im Hotel La Residence in Abano Terme.","og_url":"https:\/\/www.laresidenceabano.it\/de\/behandlungen-fuer-den-koerper\/","og_site_name":"Hotel La Residence","article_modified_time":"2024-04-04T14:57:41+00:00","og_image":[{"width":1800,"height":1200,"url":"https:\/\/www.laresidenceabano.it\/wp-content\/uploads\/2023\/07\/Hotel-La-Residence-spa-208.jpg","type":"image\/jpeg"}],"twitter_card":"summary_large_image","twitter_misc":{"Gesch\u00e4tzte Lesezeit":"2\u00a0Minuten"},"schema":{"@context":"https:\/\/schema.org","@graph":[{"@type":"WebPage","@id":"https:\/\/www.laresidenceabano.it\/de\/behandlungen-fuer-den-koerper\/","url":"https:\/\/www.laresidenceabano.it\/de\/behandlungen-fuer-den-koerper\/","name":"Behandlungen f\u00fcr den K\u00f6rper in Abano Terme - Hotel La Residence","isPartOf":{"@id":"https:\/\/www.laresidenceabano.it\/de\/#website"},"primaryImageOfPage":{"@id":"https:\/\/www.laresidenceabano.it\/de\/behandlungen-fuer-den-koerper\/#primaryimage"},"image":{"@id":"https:\/\/www.laresidenceabano.it\/de\/behandlungen-fuer-den-koerper\/#primaryimage"},"thumbnailUrl":"https:\/\/www.laresidenceabano.it\/wp-content\/uploads\/2023\/07\/Hotel-La-Residence-spa-208.jpg","datePublished":"2023-08-14T10:42:36+00:00","dateModified":"2024-04-04T14:57:41+00:00","description":"Behandlungswege und multisensorische Anti-Stress-Rituale f\u00fcr globales Wohlbefinden. Entdecken Sie alle Behandlungen f\u00fcr den K\u00f6rper im Hotel La Residence in Abano Terme.","breadcrumb":{"@id":"https:\/\/www.laresidenceabano.it\/de\/behandlungen-fuer-den-koerper\/#breadcrumb"},"inLanguage":"de","potentialAction":[{"@type":"ReadAction","target":["https:\/\/www.laresidenceabano.it\/de\/behandlungen-fuer-den-koerper\/"]}]},{"@type":"ImageObject","inLanguage":"de","@id":"https:\/\/www.laresidenceabano.it\/de\/behandlungen-fuer-den-koerper\/#primaryimage","url":"https:\/\/www.laresidenceabano.it\/wp-content\/uploads\/2023\/07\/Hotel-La-Residence-spa-208.jpg","contentUrl":"https:\/\/www.laresidenceabano.it\/wp-content\/uploads\/2023\/07\/Hotel-La-Residence-spa-208.jpg","width":1800,"height":1200,"caption":"hot stone therapy - applicazione pietre calde sulla schiena"},{"@type":"BreadcrumbList","@id":"https:\/\/www.laresidenceabano.it\/de\/behandlungen-fuer-den-koerper\/#breadcrumb","itemListElement":[{"@type":"ListItem","position":1,"name":"Home","item":"https:\/\/www.laresidenceabano.it\/de\/"},{"@type":"ListItem","position":2,"name":"Behandlungen f\u00fcr den K\u00f6rper"}]},{"@type":"WebSite","@id":"https:\/\/www.laresidenceabano.it\/de\/#website","url":"https:\/\/www.laresidenceabano.it\/de\/","name":"Hotel La Residence","description":"","publisher":{"@id":"https:\/\/www.laresidenceabano.it\/de\/#organization"},"potentialAction":[{"@type":"SearchAction","target":{"@type":"EntryPoint","urlTemplate":"https:\/\/www.laresidenceabano.it\/de\/?s={search_term_string}"},"query-input":{"@type":"PropertyValueSpecification","valueRequired":true,"valueName":"search_term_string"}}],"inLanguage":"de"},{"@type":"Organization","@id":"https:\/\/www.laresidenceabano.it\/de\/#organization","name":"Hotel La Residence","url":"https:\/\/www.laresidenceabano.it\/de\/","logo":{"@type":"ImageObject","inLanguage":"de","@id":"https:\/\/www.laresidenceabano.it\/de\/#\/schema\/logo\/image\/","url":"https:\/\/www.laresidenceabano.it\/wp-content\/uploads\/2023\/07\/Logo-hotel-la-residence.svg","contentUrl":"https:\/\/www.laresidenceabano.it\/wp-content\/uploads\/2023\/07\/Logo-hotel-la-residence.svg","caption":"Hotel La Residence"},"image":{"@id":"https:\/\/www.laresidenceabano.it\/de\/#\/schema\/logo\/image\/"}}]}},"coauthors":[],"author_meta":{"author_link":"https:\/\/www.laresidenceabano.it\/de\/author\/fede\/","display_name":"Fede"},"relative_dates":{"created":"Posted 3\u00a0Jahren ago","modified":"Updated 2\u00a0Jahren ago"},"absolute_dates":{"created":"Posted on 14\/08\/2023","modified":"Updated on 04\/04\/2024"},"absolute_dates_time":{"created":"Posted on 14\/08\/2023 12:42","modified":"Updated on 04\/04\/2024 16:57"},"featured_img_caption":"","featured_img":"https:\/\/www.laresidenceabano.it\/wp-content\/uploads\/2023\/07\/Hotel-La-Residence-spa-208-1568x1045.jpg","series_order":"","_links":{"self":[{"href":"https:\/\/www.laresidenceabano.it\/de\/wp-json\/wp\/v2\/pages\/5973","targetHints":{"allow":["GET"]}}],"collection":[{"href":"https:\/\/www.laresidenceabano.it\/de\/wp-json\/wp\/v2\/pages"}],"about":[{"href":"https:\/\/www.laresidenceabano.it\/de\/wp-json\/wp\/v2\/types\/page"}],"author":[{"embeddable":true,"href":"https:\/\/www.laresidenceabano.it\/de\/wp-json\/wp\/v2\/users\/11"}],"replies":[{"embeddable":true,"href":"https:\/\/www.laresidenceabano.it\/de\/wp-json\/wp\/v2\/comments?post=5973"}],"version-history":[{"count":4,"href":"https:\/\/www.laresidenceabano.it\/de\/wp-json\/wp\/v2\/pages\/5973\/revisions"}],"predecessor-version":[{"id":7145,"href":"https:\/\/www.laresidenceabano.it\/de\/wp-json\/wp\/v2\/pages\/5973\/revisions\/7145"}],"wp:featuredmedia":[{"embeddable":true,"href":"https:\/\/www.laresidenceabano.it\/de\/wp-json\/wp\/v2\/media\/3247"}],"wp:attachment":[{"href":"https:\/\/www.laresidenceabano.it\/de\/wp-json\/wp\/v2\/media?parent=5973"}],"curies":[{"name":"wp","href":"https:\/\/api.w.org\/{rel}","templated":true}]}}