{"id":6008,"date":"2023-08-23T16:49:02","date_gmt":"2023-08-23T14:49:02","guid":{"rendered":"https:\/\/www.laresidenceabano.it\/ou-nous-sommes\/"},"modified":"2024-04-03T19:05:26","modified_gmt":"2024-04-03T17:05:26","slug":"ou-nous-sommes","status":"publish","type":"page","link":"https:\/\/www.laresidenceabano.it\/fr\/ou-nous-sommes\/","title":{"rendered":"O\u00f9 nous sommes"},"content":{"rendered":"<div  class=\"grids-section animated fadeInUp grids-is-advanced alignwide\" style=\"--_gs-gap-desktop:0px 0px;--_gs-m-desktop:0 0 0 0;--_gs-p-desktop:0 0 0 0;--_gs-bg-desktop:transparent none;--_gs-bg-xp-desktop:0px;--_gs-zi-desktop:auto;--_gs-d-desktop:block;--_gs-mw-desktop:calc(100% - 0 - 0);--_gs-gap-tablet:0px 0px;--_gs-m-tablet:0 0 0 0;--_gs-p-tablet:0 0 0 0;--_gs-bg-tablet:transparent none;--_gs-bg-xp-tablet:0px;--_gs-zi-tablet:auto;--_gs-d-tablet:block;--_gs-mw-tablet:calc(100% - 0 - 0);--_gs-gap-mobile:0px 0px;--_gs-m-mobile:0 0 0 0;--_gs-p-mobile:0 0 0 0;--_gs-bg-mobile:transparent none;--_gs-bg-xp-mobile:0px;--_gs-zi-mobile:auto;--_gs-d-mobile:block;--_gs-mw-mobile:calc(100% - 0 - 0);--_gs-columns:12;--_gs-rows:6\"><div class=\"grids-s-w_i\">\n<div class=\"grids-area\" style=\"--_ga-column:3\/11;--_ga-row:1\/2;--_ga-m-desktop:0 0 0 0;--_ga-p-desktop:0 0 0 0;--_ga-bg-desktop:transparent none;--_ga-zi-desktop:auto;--_ga-d-desktop:flex;--_ga-mw-desktop:calc(100% - 0 - 0);--_ga-m-tablet:0 0 0 0;--_ga-p-tablet:0 0 0 0;--_ga-bg-tablet:transparent none;--_ga-zi-tablet:auto;--_ga-d-tablet:flex;--_ga-mw-tablet:calc(100% - 0 - 0);--_ga-m-mobile:0 0 0 0;--_ga-p-mobile:0 0 0 0;--_ga-bg-mobile:transparent none;--_ga-zi-mobile:auto;--_ga-d-mobile:flex;--_ga-mw-mobile:calc(100% - 0 - 0)\">\n\n<p class=\"has-text-align-center\">\u00c0 <strong>Abano Terme<\/strong>, notre h\u00f4tel 4 \u00e9toiles se trouve <strong>au pied des fascinantes collines eugan\u00e9ennes<\/strong>, \u00e0 quelques kilom\u00e8tres de Padoue et des plus belles villes de la V\u00e9n\u00e9tie, comme Venise.<\/p>\n\n\n\n<p class=\"has-text-align-center\">La <strong>tranquillit\u00e9<\/strong> et la <strong>richesse \u0153nogastronomique<\/strong> de la r\u00e9gion dans laquelle se trouve l&rsquo;h\u00f4tel en font un lieu id\u00e9al pour des vacances de bien-\u00eatre alliant la relaxation des thermes et le plaisir de la d\u00e9couverte des saveurs locales.<\/p>\n\n<\/div>\n\n<div class=\"grids-area\" style=\"--_ga-column:1\/13;--_ga-row:2\/7;--_ga-m-desktop:0 0 0 0;--_ga-p-desktop:0 0 0 0;--_ga-bg-desktop:transparent none;--_ga-zi-desktop:auto;--_ga-d-desktop:flex;--_ga-mw-desktop:calc(100% - 0 - 0);--_ga-m-tablet:0 0 0 0;--_ga-p-tablet:0 0 0 0;--_ga-bg-tablet:transparent none;--_ga-zi-tablet:auto;--_ga-d-tablet:flex;--_ga-mw-tablet:calc(100% - 0 - 0);--_ga-m-mobile:0 0 0 0;--_ga-p-mobile:0 0 0 0;--_ga-bg-mobile:transparent none;--_ga-zi-mobile:auto;--_ga-d-mobile:flex;--_ga-mw-mobile:calc(100% - 0 - 0)\">\n\n<h3 class=\"wp-block-heading has-text-align-center\">Comment arriver<\/h3>\n\n\n\n<h4 class=\"wp-block-heading\">En voiture<\/h4>\n\n\n\n<p><strong>De l&rsquo;autoroute A4 (Milan-Venise), sortir \u00e0 Padova Ovest <\/strong>et suivre la route nationale Ss 250 pour Terme Euganee. Sortir apr\u00e8s environ 8 km au panneau pour Abano Terme. \u00c0 la bifurcation prendre \u00e0 droite pour Abano Terme. Apr\u00e8s le premier rond-point et la descente du pont, tourner \u00e0 droite pour prendre la rue Via Diaz et la suivre. Au deuxi\u00e8me feu, tourner \u00e0 droite sur Via Cesare Battisti. Continuez pendant environ 500 m\u00e8tres, puis au feu suivant, tournez \u00e0 gauche vers Colli Euganei \u00ab\u00a0circonvallazione ovest\u00a0\u00bb. Au quatri\u00e8me rond-point, tournez \u00e0 gauche sur Via Monteortone. Via Monte Ceva est la deuxi\u00e8me rue \u00e0 gauche.<\/p>\n\n\n\n<p><strong>Depuis l&rsquo;autoroute A13 (Bologne-Padoue), prenez la sortie Terme Euganee<\/strong>, puis la route nationale Ss16 et suivre les indications pour Abano Terme. Au premier rond-point, tournez \u00e0 droite sous le passage. Au deuxi\u00e8me rond-point, continuez tout droit en direction d&rsquo;Abano et suivez les indications pour l&rsquo;autoroute Milan-Venise. Au rond-point, prenez la Via Monteortone \u00e0 droite. Via Monte Ceva est la deuxi\u00e8me rue \u00e0 gauche.<\/p>\n\n\n\n<h4 class=\"wp-block-heading\">En train<\/h4>\n\n\n\n<p><strong>De la gare de Padoue<\/strong>, service de bus toutes les 20 minutes ou taxi.<\/p>\n\n\n\n<p><strong>De la gare de Terme Euganee <\/strong>(sur la ligne Padoue-Bologne), service de bus ou taxi.<\/p>\n\n\n\n<h4 class=\"wp-block-heading\">En avion<\/h4>\n\n\n\n<p>A\u00e9roports de Venise, Tr\u00e9vise, V\u00e9rone, Bologne, Milan.<\/p>\n\n\n\n<iframe src=\"https:\/\/www.google.com\/maps\/embed?pb=!1m18!1m12!1m3!1d2803.671254464482!2d11.773969277374764!3d45.35544804068672!2m3!1f0!2f0!3f0!3m2!1i1024!2i768!4f13.1!3m3!1m2!1s0x477ededc43f1ba51%3A0x2972305ed7c220d3!2sHotel%20La%20Residence%20%26%20Idrokinesis!5e0!3m2!1sit!2sit!4v1688722309293!5m2!1sit!2sit\" width=\"100%\" height=\"450\" style=\"border:0;\" allowfullscreen=\"\" loading=\"lazy\" referrerpolicy=\"no-referrer-when-downgrade\"><\/iframe>\r\n\n<\/div>\n<\/div><\/div>","protected":false},"excerpt":{"rendered":"","protected":false},"author":1,"featured_media":5746,"parent":0,"menu_order":0,"comment_status":"closed","ping_status":"closed","template":"","meta":{"_acf_changed":false,"advgb_blocks_editor_width":"","advgb_blocks_columns_visual_guide":"","footnotes":""},"class_list":["post-6008","page","type-page","status-publish","has-post-thumbnail","hentry","entry"],"acf":[],"yoast_head":"<!-- This site is optimized with the Yoast SEO plugin v25.6 - https:\/\/yoast.com\/wordpress\/plugins\/seo\/ -->\n<title>O\u00f9 nous sommes - Hotel La Residence<\/title>\n<meta name=\"description\" content=\"L&#039;h\u00f4tel La Residence 4 \u00e9toiles se trouve \u00e0 Abano Terme, au pied des collines eugan\u00e9ennes, \u00e0 quelques kilom\u00e8tres de Padoue et Venise.\" \/>\n<meta name=\"robots\" content=\"index, follow, max-snippet:-1, max-image-preview:large, max-video-preview:-1\" \/>\n<link rel=\"canonical\" href=\"https:\/\/www.laresidenceabano.it\/fr\/ou-nous-sommes\/\" \/>\n<meta property=\"og:locale\" content=\"fr_FR\" \/>\n<meta property=\"og:type\" content=\"article\" \/>\n<meta property=\"og:title\" content=\"O\u00f9 nous sommes - Hotel La Residence\" \/>\n<meta property=\"og:description\" content=\"L&#039;h\u00f4tel La Residence 4 \u00e9toiles se trouve \u00e0 Abano Terme, au pied des collines eugan\u00e9ennes, \u00e0 quelques kilom\u00e8tres de Padoue et Venise.\" \/>\n<meta property=\"og:url\" content=\"https:\/\/www.laresidenceabano.it\/fr\/ou-nous-sommes\/\" \/>\n<meta property=\"og:site_name\" content=\"Hotel La Residence\" \/>\n<meta property=\"article:modified_time\" content=\"2024-04-03T17:05:26+00:00\" \/>\n<meta property=\"og:image\" content=\"https:\/\/www.laresidenceabano.it\/wp-content\/uploads\/2023\/07\/Dove-siamo-La-Residence.jpg\" \/>\n\t<meta property=\"og:image:width\" content=\"1500\" \/>\n\t<meta property=\"og:image:height\" content=\"777\" \/>\n\t<meta property=\"og:image:type\" content=\"image\/jpeg\" \/>\n<meta name=\"twitter:card\" content=\"summary_large_image\" \/>\n<meta name=\"twitter:label1\" content=\"Dur\u00e9e de lecture estim\u00e9e\" \/>\n\t<meta name=\"twitter:data1\" content=\"1 minute\" \/>\n<script type=\"application\/ld+json\" class=\"yoast-schema-graph\">{\"@context\":\"https:\/\/schema.org\",\"@graph\":[{\"@type\":\"WebPage\",\"@id\":\"https:\/\/www.laresidenceabano.it\/fr\/ou-nous-sommes\/\",\"url\":\"https:\/\/www.laresidenceabano.it\/fr\/ou-nous-sommes\/\",\"name\":\"O\u00f9 nous sommes - Hotel La Residence\",\"isPartOf\":{\"@id\":\"https:\/\/www.laresidenceabano.it\/fr\/#website\"},\"primaryImageOfPage\":{\"@id\":\"https:\/\/www.laresidenceabano.it\/fr\/ou-nous-sommes\/#primaryimage\"},\"image\":{\"@id\":\"https:\/\/www.laresidenceabano.it\/fr\/ou-nous-sommes\/#primaryimage\"},\"thumbnailUrl\":\"https:\/\/www.laresidenceabano.it\/wp-content\/uploads\/2023\/07\/Dove-siamo-La-Residence.jpg\",\"datePublished\":\"2023-08-23T14:49:02+00:00\",\"dateModified\":\"2024-04-03T17:05:26+00:00\",\"description\":\"L'h\u00f4tel La Residence 4 \u00e9toiles se trouve \u00e0 Abano Terme, au pied des collines eugan\u00e9ennes, \u00e0 quelques kilom\u00e8tres de Padoue et Venise.\",\"breadcrumb\":{\"@id\":\"https:\/\/www.laresidenceabano.it\/fr\/ou-nous-sommes\/#breadcrumb\"},\"inLanguage\":\"fr-FR\",\"potentialAction\":[{\"@type\":\"ReadAction\",\"target\":[\"https:\/\/www.laresidenceabano.it\/fr\/ou-nous-sommes\/\"]}]},{\"@type\":\"ImageObject\",\"inLanguage\":\"fr-FR\",\"@id\":\"https:\/\/www.laresidenceabano.it\/fr\/ou-nous-sommes\/#primaryimage\",\"url\":\"https:\/\/www.laresidenceabano.it\/wp-content\/uploads\/2023\/07\/Dove-siamo-La-Residence.jpg\",\"contentUrl\":\"https:\/\/www.laresidenceabano.it\/wp-content\/uploads\/2023\/07\/Dove-siamo-La-Residence.jpg\",\"width\":1500,\"height\":777,\"caption\":\"Esterno con piscina dell'hotel La Residence\"},{\"@type\":\"BreadcrumbList\",\"@id\":\"https:\/\/www.laresidenceabano.it\/fr\/ou-nous-sommes\/#breadcrumb\",\"itemListElement\":[{\"@type\":\"ListItem\",\"position\":1,\"name\":\"Home\",\"item\":\"https:\/\/www.laresidenceabano.it\/fr\/\"},{\"@type\":\"ListItem\",\"position\":2,\"name\":\"O\u00f9 nous sommes\"}]},{\"@type\":\"WebSite\",\"@id\":\"https:\/\/www.laresidenceabano.it\/fr\/#website\",\"url\":\"https:\/\/www.laresidenceabano.it\/fr\/\",\"name\":\"Hotel La Residence\",\"description\":\"\",\"publisher\":{\"@id\":\"https:\/\/www.laresidenceabano.it\/fr\/#organization\"},\"potentialAction\":[{\"@type\":\"SearchAction\",\"target\":{\"@type\":\"EntryPoint\",\"urlTemplate\":\"https:\/\/www.laresidenceabano.it\/fr\/?s={search_term_string}\"},\"query-input\":{\"@type\":\"PropertyValueSpecification\",\"valueRequired\":true,\"valueName\":\"search_term_string\"}}],\"inLanguage\":\"fr-FR\"},{\"@type\":\"Organization\",\"@id\":\"https:\/\/www.laresidenceabano.it\/fr\/#organization\",\"name\":\"Hotel La Residence\",\"url\":\"https:\/\/www.laresidenceabano.it\/fr\/\",\"logo\":{\"@type\":\"ImageObject\",\"inLanguage\":\"fr-FR\",\"@id\":\"https:\/\/www.laresidenceabano.it\/fr\/#\/schema\/logo\/image\/\",\"url\":\"https:\/\/www.laresidenceabano.it\/wp-content\/uploads\/2023\/07\/Logo-hotel-la-residence.svg\",\"contentUrl\":\"https:\/\/www.laresidenceabano.it\/wp-content\/uploads\/2023\/07\/Logo-hotel-la-residence.svg\",\"caption\":\"Hotel La Residence\"},\"image\":{\"@id\":\"https:\/\/www.laresidenceabano.it\/fr\/#\/schema\/logo\/image\/\"}}]}<\/script>\n<!-- \/ Yoast SEO plugin. -->","yoast_head_json":{"title":"O\u00f9 nous sommes - Hotel La Residence","description":"L'h\u00f4tel La Residence 4 \u00e9toiles se trouve \u00e0 Abano Terme, au pied des collines eugan\u00e9ennes, \u00e0 quelques kilom\u00e8tres de Padoue et Venise.","robots":{"index":"index","follow":"follow","max-snippet":"max-snippet:-1","max-image-preview":"max-image-preview:large","max-video-preview":"max-video-preview:-1"},"canonical":"https:\/\/www.laresidenceabano.it\/fr\/ou-nous-sommes\/","og_locale":"fr_FR","og_type":"article","og_title":"O\u00f9 nous sommes - Hotel La Residence","og_description":"L'h\u00f4tel La Residence 4 \u00e9toiles se trouve \u00e0 Abano Terme, au pied des collines eugan\u00e9ennes, \u00e0 quelques kilom\u00e8tres de Padoue et Venise.","og_url":"https:\/\/www.laresidenceabano.it\/fr\/ou-nous-sommes\/","og_site_name":"Hotel La Residence","article_modified_time":"2024-04-03T17:05:26+00:00","og_image":[{"width":1500,"height":777,"url":"https:\/\/www.laresidenceabano.it\/wp-content\/uploads\/2023\/07\/Dove-siamo-La-Residence.jpg","type":"image\/jpeg"}],"twitter_card":"summary_large_image","twitter_misc":{"Dur\u00e9e de lecture estim\u00e9e":"1 minute"},"schema":{"@context":"https:\/\/schema.org","@graph":[{"@type":"WebPage","@id":"https:\/\/www.laresidenceabano.it\/fr\/ou-nous-sommes\/","url":"https:\/\/www.laresidenceabano.it\/fr\/ou-nous-sommes\/","name":"O\u00f9 nous sommes - Hotel La Residence","isPartOf":{"@id":"https:\/\/www.laresidenceabano.it\/fr\/#website"},"primaryImageOfPage":{"@id":"https:\/\/www.laresidenceabano.it\/fr\/ou-nous-sommes\/#primaryimage"},"image":{"@id":"https:\/\/www.laresidenceabano.it\/fr\/ou-nous-sommes\/#primaryimage"},"thumbnailUrl":"https:\/\/www.laresidenceabano.it\/wp-content\/uploads\/2023\/07\/Dove-siamo-La-Residence.jpg","datePublished":"2023-08-23T14:49:02+00:00","dateModified":"2024-04-03T17:05:26+00:00","description":"L'h\u00f4tel La Residence 4 \u00e9toiles se trouve \u00e0 Abano Terme, au pied des collines eugan\u00e9ennes, \u00e0 quelques kilom\u00e8tres de Padoue et Venise.","breadcrumb":{"@id":"https:\/\/www.laresidenceabano.it\/fr\/ou-nous-sommes\/#breadcrumb"},"inLanguage":"fr-FR","potentialAction":[{"@type":"ReadAction","target":["https:\/\/www.laresidenceabano.it\/fr\/ou-nous-sommes\/"]}]},{"@type":"ImageObject","inLanguage":"fr-FR","@id":"https:\/\/www.laresidenceabano.it\/fr\/ou-nous-sommes\/#primaryimage","url":"https:\/\/www.laresidenceabano.it\/wp-content\/uploads\/2023\/07\/Dove-siamo-La-Residence.jpg","contentUrl":"https:\/\/www.laresidenceabano.it\/wp-content\/uploads\/2023\/07\/Dove-siamo-La-Residence.jpg","width":1500,"height":777,"caption":"Esterno con piscina dell'hotel La Residence"},{"@type":"BreadcrumbList","@id":"https:\/\/www.laresidenceabano.it\/fr\/ou-nous-sommes\/#breadcrumb","itemListElement":[{"@type":"ListItem","position":1,"name":"Home","item":"https:\/\/www.laresidenceabano.it\/fr\/"},{"@type":"ListItem","position":2,"name":"O\u00f9 nous sommes"}]},{"@type":"WebSite","@id":"https:\/\/www.laresidenceabano.it\/fr\/#website","url":"https:\/\/www.laresidenceabano.it\/fr\/","name":"Hotel La Residence","description":"","publisher":{"@id":"https:\/\/www.laresidenceabano.it\/fr\/#organization"},"potentialAction":[{"@type":"SearchAction","target":{"@type":"EntryPoint","urlTemplate":"https:\/\/www.laresidenceabano.it\/fr\/?s={search_term_string}"},"query-input":{"@type":"PropertyValueSpecification","valueRequired":true,"valueName":"search_term_string"}}],"inLanguage":"fr-FR"},{"@type":"Organization","@id":"https:\/\/www.laresidenceabano.it\/fr\/#organization","name":"Hotel La Residence","url":"https:\/\/www.laresidenceabano.it\/fr\/","logo":{"@type":"ImageObject","inLanguage":"fr-FR","@id":"https:\/\/www.laresidenceabano.it\/fr\/#\/schema\/logo\/image\/","url":"https:\/\/www.laresidenceabano.it\/wp-content\/uploads\/2023\/07\/Logo-hotel-la-residence.svg","contentUrl":"https:\/\/www.laresidenceabano.it\/wp-content\/uploads\/2023\/07\/Logo-hotel-la-residence.svg","caption":"Hotel La Residence"},"image":{"@id":"https:\/\/www.laresidenceabano.it\/fr\/#\/schema\/logo\/image\/"}}]}},"coauthors":[],"author_meta":{"author_link":"https:\/\/www.laresidenceabano.it\/fr\/author\/jampaa\/","display_name":"Jampaa"},"relative_dates":{"created":"Publi\u00e9 3 ans il y a","modified":"Mis \u00e0 jour 2 ans il y a"},"absolute_dates":{"created":"Publi\u00e9 le 23\/08\/2023","modified":"Mise \u00e0 jour le 03\/04\/2024"},"absolute_dates_time":{"created":"Publi\u00e9 le 23\/08\/2023 16:49","modified":"Mise \u00e0 jour le 03\/04\/2024 19:05"},"featured_img_caption":"Esterno con piscina dell'hotel La Residence","featured_img":"https:\/\/www.laresidenceabano.it\/wp-content\/uploads\/2023\/07\/Dove-siamo-La-Residence.jpg","series_order":"","_links":{"self":[{"href":"https:\/\/www.laresidenceabano.it\/fr\/wp-json\/wp\/v2\/pages\/6008","targetHints":{"allow":["GET"]}}],"collection":[{"href":"https:\/\/www.laresidenceabano.it\/fr\/wp-json\/wp\/v2\/pages"}],"about":[{"href":"https:\/\/www.laresidenceabano.it\/fr\/wp-json\/wp\/v2\/types\/page"}],"author":[{"embeddable":true,"href":"https:\/\/www.laresidenceabano.it\/fr\/wp-json\/wp\/v2\/users\/1"}],"replies":[{"embeddable":true,"href":"https:\/\/www.laresidenceabano.it\/fr\/wp-json\/wp\/v2\/comments?post=6008"}],"version-history":[{"count":4,"href":"https:\/\/www.laresidenceabano.it\/fr\/wp-json\/wp\/v2\/pages\/6008\/revisions"}],"predecessor-version":[{"id":7114,"href":"https:\/\/www.laresidenceabano.it\/fr\/wp-json\/wp\/v2\/pages\/6008\/revisions\/7114"}],"wp:featuredmedia":[{"embeddable":true,"href":"https:\/\/www.laresidenceabano.it\/fr\/wp-json\/wp\/v2\/media\/5746"}],"wp:attachment":[{"href":"https:\/\/www.laresidenceabano.it\/fr\/wp-json\/wp\/v2\/media?parent=6008"}],"curies":[{"name":"wp","href":"https:\/\/api.w.org\/{rel}","templated":true}]}}