{"id":6034,"date":"2023-08-26T11:30:36","date_gmt":"2023-08-26T09:30:36","guid":{"rendered":"https:\/\/www.laresidenceabano.it\/nos-rituels-de-bien-etre\/"},"modified":"2024-04-04T16:54:40","modified_gmt":"2024-04-04T14:54:40","slug":"nos-rituels-de-bien-etre","status":"publish","type":"page","link":"https:\/\/www.laresidenceabano.it\/fr\/nos-rituels-de-bien-etre\/","title":{"rendered":"Nos rituels de bien-\u00eatre"},"content":{"rendered":"<div  class=\"grids-section animated fadeInUp grids-is-advanced alignwide\" style=\"--_gs-gap-desktop:0px 0px;--_gs-m-desktop:0 0 0 0;--_gs-p-desktop:0 0 0 0;--_gs-bg-desktop:transparent none;--_gs-bg-xp-desktop:0px;--_gs-zi-desktop:auto;--_gs-d-desktop:block;--_gs-mw-desktop:calc(100% - 0 - 0);--_gs-gap-tablet:0px 0px;--_gs-m-tablet:0 0 0 0;--_gs-p-tablet:0 0 0 0;--_gs-bg-tablet:transparent none;--_gs-bg-xp-tablet:0px;--_gs-zi-tablet:auto;--_gs-d-tablet:block;--_gs-mw-tablet:calc(100% - 0 - 0);--_gs-gap-mobile:0px 0px;--_gs-m-mobile:0 0 0 0;--_gs-p-mobile:0 0 0 0;--_gs-bg-mobile:transparent none;--_gs-bg-xp-mobile:0px;--_gs-zi-mobile:auto;--_gs-d-mobile:block;--_gs-mw-mobile:calc(100% - 0 - 0);--_gs-columns:12;--_gs-rows:6\"><div class=\"grids-s-w_i\">\n<div class=\"grids-area\" style=\"--_ga-column:1\/13;--_ga-row:1\/7;--_ga-m-desktop:0 0 0 0;--_ga-p-desktop:0 0 0 0;--_ga-bg-desktop:transparent none;--_ga-zi-desktop:auto;--_ga-d-desktop:flex;--_ga-mw-desktop:calc(100% - 0 - 0);--_ga-m-tablet:0 0 0 0;--_ga-p-tablet:0 0 0 0;--_ga-bg-tablet:transparent none;--_ga-zi-tablet:auto;--_ga-d-tablet:flex;--_ga-mw-tablet:calc(100% - 0 - 0);--_ga-m-mobile:0 0 0 0;--_ga-p-mobile:0 0 0 0;--_ga-bg-mobile:transparent none;--_ga-zi-mobile:auto;--_ga-d-mobile:flex;--_ga-mw-mobile:calc(100% - 0 - 0)\">\n\n<p class=\"has-text-align-center\">Retrouvez une <strong>dimension de bien-\u00eatre<\/strong> envelopp\u00e9s de parfums enivrants, de la douce texture des pr\u00e9cieuses cr\u00e8mes et des cataplasmes, choy\u00e9s par les agr\u00e9ables sensations des massages. C&rsquo;est tout ceci, que nous voulons offrir \u00e0 travers nos rituels, car <strong>le vrai luxe est de s&rsquo;abandonner en perdant la notion du temps dans l&rsquo;harmonie du corps, de l&rsquo;\u00e2me et de l&rsquo;esprit.<\/strong><\/p>\n\n\n\n<div class=\"wp-block-advgb-accordions advgb-accordions-b91a69b6-3880-4343-9034-2ccca265b678 advgb-accordion-wrapper\">\n<div class=\"wp-block-advgb-accordion-item advgb-accordion-item\" style=\"margin-bottom:15px\"><div class=\"advgb-accordion-header\" style=\"background-color:#FFFFFF;color:#000000;border-style:solid;border-width:1px;border-radius:2px\"><span class=\"advgb-accordion-header-icon\"><svg fill=\"#b7cbb8\" xmlns=\"http:\/\/www.w3.org\/2000\/svg\" width=\"24\" height=\"24\" viewBox=\"0 0 24 24\"><path fill=\"none\" d=\"M0,0h24v24H0V0z\"><\/path><path d=\"M19,13h-6v6h-2v-6H5v-2h6V5h2v6h6V13z\"><\/path><\/svg><\/span><h4 class=\"advgb-accordion-header-title\" style=\"color:inherit\">Rituel Belle \u00c9poque, 110 min<\/h4><\/div><div class=\"advgb-accordion-body\" style=\"border-style:solid !important;border-width:1px !important;border-color:undefined !important;border-top:none !important;border-radius:2px !important\">\n<p>Envelopp\u00e9 dans le parfum magique de l&rsquo;ambre, \u00e9l\u00e9gant et sensuel, dans une atmosph\u00e8re de relaxation feutr\u00e9e, le rituel Belle \u00c9poque ram\u00e8ne le corps et l&rsquo;esprit \u00e0 la splendeur et au luxe du thermalisme de la fin du XIXe si\u00e8cle. Une pluie de <strong>microsph\u00e8res de jojoba<\/strong> <strong>mass\u00e9es sur le corps<\/strong> renouvelle la peau, la rend soyeuse et velout\u00e9e, pr\u00eate \u00e0 accueillir l&rsquo;enveloppement \u00e0 base de <strong>\u00ab\u00a0Fango Maturo\u00a0\u00bb, boue Mature, et d&rsquo;une tendre mousse vitamin\u00e9e.<\/strong><\/p>\n\n\n\n<p>Ce splendide rituel est <strong>compl\u00e9t\u00e9 par un soin du visage<\/strong> \u00e0 base de collag\u00e8ne v\u00e9g\u00e9tal, d&rsquo;acide hyaluronique et d&rsquo;essences de miel \u00e0 l&rsquo;action anti-\u00e2ge renforc\u00e9e par un massage sensoriel stimulant.<\/p>\n\n\n\n<p>Le <strong>bain aromatique conclut<\/strong> cette parenth\u00e8se de bien-\u00eatre en laissant, \u00e0 travers les senteurs d&rsquo;ambre et de miel, une peau radieuse, nourrie et parfum\u00e9e ainsi que le souvenir d&rsquo;une exp\u00e9rience inoubliable.<\/p>\n<\/div><\/div>\n\n\n\n<div class=\"wp-block-advgb-accordion-item advgb-accordion-item\" style=\"margin-bottom:15px\"><div class=\"advgb-accordion-header\" style=\"background-color:#FFFFFF;color:#000000;border-style:solid;border-width:1px;border-radius:2px\"><span class=\"advgb-accordion-header-icon\"><svg fill=\"#b7cbb8\" xmlns=\"http:\/\/www.w3.org\/2000\/svg\" width=\"24\" height=\"24\" viewBox=\"0 0 24 24\"><path fill=\"none\" d=\"M0,0h24v24H0V0z\"><\/path><path d=\"M19,13h-6v6h-2v-6H5v-2h6V5h2v6h6V13z\"><\/path><\/svg><\/span><h4 class=\"advgb-accordion-header-title\" style=\"color:inherit\">Rituel Bacchus Visage Corps, 110 min<\/h4><\/div><div class=\"advgb-accordion-body\" style=\"border-style:solid !important;border-width:1px !important;border-color:undefined !important;border-top:none !important;border-radius:2px !important\">\n<p>Un <strong>rituel multisensoriel avec une forte action antioxydante<\/strong> gr\u00e2ce \u00e0 la pr\u00e9sence de resv\u00e9ratrol combin\u00e9e aux oligomin\u00e9raux naturels de la boue mature d&rsquo;Abano.<\/p>\n\n\n\n<p>Tout d&rsquo;abord, une <strong>phase d&rsquo;exfoliation du visage et du corps<\/strong> \u00e0 base de gel\u00e9e de raisin rouge, suivie d&rsquo;un enveloppement avec la boue thermale mature d&rsquo;Abano. Puis, un <strong>traitement du visage<\/strong> avec un masque sp\u00e9cial \u00e0 base de gel\u00e9e de raisin rouge, \u00e0 forte concentration de polyph\u00e9nols. Enfin, <strong>un bain Bacchus enivrant<\/strong> aux senteurs de vin rouge fruit\u00e9.<\/p>\n\n\n\n<p>Les moments de bien-\u00eatre qui composent ce rituel magique se terminent par un massage relaxant.<\/p>\n<\/div><\/div>\n\n\n\n<div class=\"wp-block-advgb-accordion-item advgb-accordion-item\" style=\"margin-bottom:15px\"><div class=\"advgb-accordion-header\" style=\"background-color:#FFFFFF;color:#000000;border-style:solid;border-width:1px;border-radius:2px\"><span class=\"advgb-accordion-header-icon\"><svg fill=\"#b7cbb8\" xmlns=\"http:\/\/www.w3.org\/2000\/svg\" width=\"24\" height=\"24\" viewBox=\"0 0 24 24\"><path fill=\"none\" d=\"M0,0h24v24H0V0z\"><\/path><path d=\"M19,13h-6v6h-2v-6H5v-2h6V5h2v6h6V13z\"><\/path><\/svg><\/span><h4 class=\"advgb-accordion-header-title\" style=\"color:inherit\">Traitement \u00e0 l&rsquo;huile d&rsquo;olive<\/h4><\/div><div class=\"advgb-accordion-body\" style=\"border-style:solid !important;border-width:1px !important;border-color:undefined !important;border-top:none !important;border-radius:2px !important\">\n<p>Un <strong>massage exfoliant<\/strong> \u00e0 base d&rsquo;huile d&rsquo;olive chaude, pr\u00e9cieuse et nourrissante, enrichie en vitamine E, appliqu\u00e9e sur le corps par un savant <strong>coulage<\/strong> et travaill\u00e9e avec de la poudre de noisette, voici le pr\u00e9lude \u00e0 cette parenth\u00e8se de bien-\u00eatre.<\/p>\n\n\n\n<p>Un <strong>masque riche et antioxydant<\/strong> \u00e0 base d&rsquo;olives vertes nourrit en profondeur la peau d\u00e9barrass\u00e9e de ses impuret\u00e9s, permettant aux principes actifs de p\u00e9n\u00e9trer et de la pr\u00e9parer au <strong>massage final<\/strong> qui conclut cette magnifique exp\u00e9rience de bien-\u00eatre.<\/p>\n<\/div><\/div>\n\n\n\n<div class=\"wp-block-advgb-accordion-item advgb-accordion-item\" style=\"margin-bottom:15px\"><div class=\"advgb-accordion-header\" style=\"background-color:#FFFFFF;color:#000000;border-style:solid;border-width:1px;border-radius:2px\"><span class=\"advgb-accordion-header-icon\"><svg fill=\"#b7cbb8\" xmlns=\"http:\/\/www.w3.org\/2000\/svg\" width=\"24\" height=\"24\" viewBox=\"0 0 24 24\"><path fill=\"none\" d=\"M0,0h24v24H0V0z\"><\/path><path d=\"M19,13h-6v6h-2v-6H5v-2h6V5h2v6h6V13z\"><\/path><\/svg><\/span><h4 class=\"advgb-accordion-header-title\" style=\"color:inherit\">Rituel Jasmin Therapy, 110 min<\/h4><\/div><div class=\"advgb-accordion-body\" style=\"border-style:solid !important;border-width:1px !important;border-color:undefined !important;border-top:none !important;border-radius:2px !important\">\n<p>Le <strong>massage du visage et du corps<\/strong> est compl\u00e9t\u00e9 par le plaisir du bain thermal \u00e0 l&rsquo;essence de jasmin pour offrir au corps et \u00e0 l&rsquo;esprit tout ce dont ils ont besoin pour retrouver l&rsquo;\u00e9quilibre. La chaude embrassade de l&rsquo;<strong>eau thermale<\/strong> r\u00e9chauffe le corps et d\u00e9noue les tensions, procurant tranquillit\u00e9, optimisme, confiance et un soup\u00e7on d&rsquo;euphorie.<\/p>\n<\/div><\/div>\n\n\n\n<div class=\"wp-block-advgb-accordion-item advgb-accordion-item\" style=\"margin-bottom:15px\"><div class=\"advgb-accordion-header\" style=\"background-color:#FFFFFF;color:#000000;border-style:solid;border-width:1px;border-radius:2px\"><span class=\"advgb-accordion-header-icon\"><svg fill=\"#b7cbb8\" xmlns=\"http:\/\/www.w3.org\/2000\/svg\" width=\"24\" height=\"24\" viewBox=\"0 0 24 24\"><path fill=\"none\" d=\"M0,0h24v24H0V0z\"><\/path><path d=\"M19,13h-6v6h-2v-6H5v-2h6V5h2v6h6V13z\"><\/path><\/svg><\/span><h4 class=\"advgb-accordion-header-title\" style=\"color:inherit\">Jasmin Therapy Massage du visage et du corps, 80 min<\/h4><\/div><div class=\"advgb-accordion-body\" style=\"border-style:solid !important;border-width:1px !important;border-color:undefined !important;border-top:none !important;border-radius:2px !important\">\n<p><strong>Une exp\u00e9rience sensuelle unique d\u00e9di\u00e9e au visage et au corps<\/strong>. Sous l&rsquo;effet de la dext\u00e9rit\u00e9 du massage, le corps se d\u00e9tend, les muscles rel\u00e2chent leur tension et le visage d\u00e9tend ses traits.<\/p>\n<\/div><\/div>\n\n\n\n<div class=\"wp-block-advgb-accordion-item advgb-accordion-item\" style=\"margin-bottom:15px\"><div class=\"advgb-accordion-header\" style=\"background-color:#FFFFFF;color:#000000;border-style:solid;border-width:1px;border-radius:2px\"><span class=\"advgb-accordion-header-icon\"><svg fill=\"#b7cbb8\" xmlns=\"http:\/\/www.w3.org\/2000\/svg\" width=\"24\" height=\"24\" viewBox=\"0 0 24 24\"><path fill=\"none\" d=\"M0,0h24v24H0V0z\"><\/path><path d=\"M19,13h-6v6h-2v-6H5v-2h6V5h2v6h6V13z\"><\/path><\/svg><\/span><h4 class=\"advgb-accordion-header-title\" style=\"color:inherit\">Massage corporel Jasmin Therapy, 50 min<\/h4><\/div><div class=\"advgb-accordion-body\" style=\"border-style:solid !important;border-width:1px !important;border-color:undefined !important;border-top:none !important;border-radius:2px !important\">\n<p>Ce <strong>massage corporel, enveloppant et relaxant, con\u00e7u pour lib\u00e9rer les tensions et procurer du bien-\u00eatre<\/strong>, active toutes les propri\u00e9t\u00e9s aromatiques calmantes et relaxantes du jasmin.<\/p>\n<\/div><\/div>\n<\/div>\n\n<\/div>\n<\/div><\/div><div  class=\"grids-section row-image-box-under grids-is-advanced alignfull\" style=\"--_gs-gap-desktop:0px 0px;--_gs-m-desktop:0 0 0 0;--_gs-p-desktop:0 0 0 0;--_gs-bg-desktop:transparent url(https:\/\/www.laresidenceabano.it\/wp-content\/uploads\/2023\/07\/Hotel-La-Residence-spa-57.jpg) no-repeat 50% 50%  \/ cover;--_gs-bg-xp-desktop:0px;--_gs-zi-desktop:auto;--_gs-d-desktop:block;--_gs-mw-desktop:calc(100% - 0 - 0);--_gs-gap-tablet:0px 0px;--_gs-m-tablet:0 0 0 0;--_gs-p-tablet:0 0 0 0;--_gs-bg-tablet:transparent url(https:\/\/www.laresidenceabano.it\/wp-content\/uploads\/2023\/07\/Hotel-La-Residence-spa-57.jpg) no-repeat 50% 50%  \/ cover;--_gs-bg-xp-tablet:0px;--_gs-zi-tablet:auto;--_gs-d-tablet:block;--_gs-mw-tablet:calc(100% - 0 - 0);--_gs-gap-mobile:0px 0px;--_gs-m-mobile:0 0 0 0;--_gs-p-mobile:0 0 0 0;--_gs-bg-mobile:transparent url(https:\/\/www.laresidenceabano.it\/wp-content\/uploads\/2023\/07\/Hotel-La-Residence-spa-57.jpg) no-repeat 50% 50%  \/ cover;--_gs-bg-xp-mobile:0px;--_gs-zi-mobile:auto;--_gs-d-mobile:block;--_gs-mw-mobile:calc(100% - 0 - 0);--_gs-columns:12;--_gs-rows:6\"><div class=\"grids-s-w_i\">\n<div class=\"grids-area animated fadeInUp\" style=\"--_ga-column:3\/11;--_ga-row:3\/7;--_ga-m-desktop:0 0 0 0;--_ga-p-desktop:0 0 0 0;--_ga-bg-desktop:#f5faf4 none;--_ga-zi-desktop:auto;--_ga-d-desktop:flex;--_ga-mw-desktop:calc(100% - 0 - 0);--_ga-m-tablet:0 0 0 0;--_ga-p-tablet:0 0 0 0;--_ga-bg-tablet:#f5faf4 none;--_ga-zi-tablet:auto;--_ga-d-tablet:flex;--_ga-mw-tablet:calc(100% - 0 - 0);--_ga-m-mobile:0 0 0 0;--_ga-p-mobile:0 0 0 0;--_ga-bg-mobile:#f5faf4 none;--_ga-zi-mobile:auto;--_ga-d-mobile:flex;--_ga-mw-mobile:calc(100% - 0 - 0)\">\n\n<h3 class=\"wp-block-heading has-text-align-center has-text-color\" style=\"color:#6b9174\">R\u00c9SERVEZ VOTRE RITUEL DE BEAUT\u00c9<\/h3>\n\n\n\n<p class=\"has-text-align-center has-text-color\" style=\"color:#6b9174\">Vous souhaitez r\u00e9server l&rsquo;un de nos rituels de beaut\u00e9 exclusifs\u00a0?<\/p>\n\n\n\n<p class=\"has-text-align-center has-text-color\" style=\"color:#6b9174\">Laissez-vous emporter par une exp\u00e9rience de beaut\u00e9 et de bien-\u00eatre in\u00e9gal\u00e9e en r\u00e9servant l&rsquo;un des rituels de beaut\u00e9 exclusifs propos\u00e9s par l&rsquo;h\u00f4tel La Residence.<\/p>\n\n\n\n<div class=\"wp-block-buttons is-content-justification-center is-layout-flex wp-container-core-buttons-is-layout-16018d1d wp-block-buttons-is-layout-flex\">\n<div class=\"wp-block-button is-style-outline is-style-outline--2\"><a class=\"wp-block-button__link has-text-align-center wp-element-button\" href=\"https:\/\/www.laresidenceabano.it\/fr\/contacts\/\">CONTACTEZ-NOUS<\/a><\/div>\n<\/div>\n\n<\/div>\n<\/div><\/div>","protected":false},"excerpt":{"rendered":"","protected":false},"author":11,"featured_media":5563,"parent":0,"menu_order":0,"comment_status":"closed","ping_status":"closed","template":"","meta":{"_acf_changed":false,"advgb_blocks_editor_width":"","advgb_blocks_columns_visual_guide":"","footnotes":""},"class_list":["post-6034","page","type-page","status-publish","has-post-thumbnail","hentry","entry"],"acf":[],"yoast_head":"<!-- This site is optimized with the Yoast SEO plugin v25.6 - https:\/\/yoast.com\/wordpress\/plugins\/seo\/ -->\n<title>Les rituels de beaut\u00e9 et de bien-\u00eatre Abano Terme - Hotel La Residence<\/title>\n<meta name=\"description\" content=\"Faites-vous choyer et profitez d&#039;un massage r\u00e9g\u00e9n\u00e9rant prodigu\u00e9 par les mains habiles de nos op\u00e9rateurs. R\u00e9servez d\u00e8s maintenant votre s\u00e9jour de d\u00e9tente !\" \/>\n<meta name=\"robots\" content=\"index, follow, max-snippet:-1, max-image-preview:large, max-video-preview:-1\" \/>\n<link rel=\"canonical\" href=\"https:\/\/www.laresidenceabano.it\/fr\/nos-rituels-de-bien-etre\/\" \/>\n<meta property=\"og:locale\" content=\"fr_FR\" \/>\n<meta property=\"og:type\" content=\"article\" \/>\n<meta property=\"og:title\" content=\"Les rituels de beaut\u00e9 et de bien-\u00eatre Abano Terme - Hotel La Residence\" \/>\n<meta property=\"og:description\" content=\"Faites-vous choyer et profitez d&#039;un massage r\u00e9g\u00e9n\u00e9rant prodigu\u00e9 par les mains habiles de nos op\u00e9rateurs. R\u00e9servez d\u00e8s maintenant votre s\u00e9jour de d\u00e9tente !\" \/>\n<meta property=\"og:url\" content=\"https:\/\/www.laresidenceabano.it\/fr\/nos-rituels-de-bien-etre\/\" \/>\n<meta property=\"og:site_name\" content=\"Hotel La Residence\" \/>\n<meta property=\"article:modified_time\" content=\"2024-04-04T14:54:40+00:00\" \/>\n<meta property=\"og:image\" content=\"https:\/\/www.laresidenceabano.it\/wp-content\/uploads\/2023\/07\/Hotel-La-Residence-spa-169.jpg\" \/>\n\t<meta property=\"og:image:width\" content=\"1800\" \/>\n\t<meta property=\"og:image:height\" content=\"1200\" \/>\n\t<meta property=\"og:image:type\" content=\"image\/jpeg\" \/>\n<meta name=\"twitter:card\" content=\"summary_large_image\" \/>\n<meta name=\"twitter:label1\" content=\"Dur\u00e9e de lecture estim\u00e9e\" \/>\n\t<meta name=\"twitter:data1\" content=\"4 minutes\" \/>\n<script type=\"application\/ld+json\" class=\"yoast-schema-graph\">{\"@context\":\"https:\/\/schema.org\",\"@graph\":[{\"@type\":\"WebPage\",\"@id\":\"https:\/\/www.laresidenceabano.it\/fr\/nos-rituels-de-bien-etre\/\",\"url\":\"https:\/\/www.laresidenceabano.it\/fr\/nos-rituels-de-bien-etre\/\",\"name\":\"Les rituels de beaut\u00e9 et de bien-\u00eatre Abano Terme - Hotel La Residence\",\"isPartOf\":{\"@id\":\"https:\/\/www.laresidenceabano.it\/fr\/#website\"},\"primaryImageOfPage\":{\"@id\":\"https:\/\/www.laresidenceabano.it\/fr\/nos-rituels-de-bien-etre\/#primaryimage\"},\"image\":{\"@id\":\"https:\/\/www.laresidenceabano.it\/fr\/nos-rituels-de-bien-etre\/#primaryimage\"},\"thumbnailUrl\":\"https:\/\/www.laresidenceabano.it\/wp-content\/uploads\/2023\/07\/Hotel-La-Residence-spa-169.jpg\",\"datePublished\":\"2023-08-26T09:30:36+00:00\",\"dateModified\":\"2024-04-04T14:54:40+00:00\",\"description\":\"Faites-vous choyer et profitez d'un massage r\u00e9g\u00e9n\u00e9rant prodigu\u00e9 par les mains habiles de nos op\u00e9rateurs. R\u00e9servez d\u00e8s maintenant votre s\u00e9jour de d\u00e9tente !\",\"breadcrumb\":{\"@id\":\"https:\/\/www.laresidenceabano.it\/fr\/nos-rituels-de-bien-etre\/#breadcrumb\"},\"inLanguage\":\"fr-FR\",\"potentialAction\":[{\"@type\":\"ReadAction\",\"target\":[\"https:\/\/www.laresidenceabano.it\/fr\/nos-rituels-de-bien-etre\/\"]}]},{\"@type\":\"ImageObject\",\"inLanguage\":\"fr-FR\",\"@id\":\"https:\/\/www.laresidenceabano.it\/fr\/nos-rituels-de-bien-etre\/#primaryimage\",\"url\":\"https:\/\/www.laresidenceabano.it\/wp-content\/uploads\/2023\/07\/Hotel-La-Residence-spa-169.jpg\",\"contentUrl\":\"https:\/\/www.laresidenceabano.it\/wp-content\/uploads\/2023\/07\/Hotel-La-Residence-spa-169.jpg\",\"width\":1800,\"height\":1200},{\"@type\":\"BreadcrumbList\",\"@id\":\"https:\/\/www.laresidenceabano.it\/fr\/nos-rituels-de-bien-etre\/#breadcrumb\",\"itemListElement\":[{\"@type\":\"ListItem\",\"position\":1,\"name\":\"Home\",\"item\":\"https:\/\/www.laresidenceabano.it\/fr\/\"},{\"@type\":\"ListItem\",\"position\":2,\"name\":\"Nos rituels de bien-\u00eatre\"}]},{\"@type\":\"WebSite\",\"@id\":\"https:\/\/www.laresidenceabano.it\/fr\/#website\",\"url\":\"https:\/\/www.laresidenceabano.it\/fr\/\",\"name\":\"Hotel La Residence\",\"description\":\"\",\"publisher\":{\"@id\":\"https:\/\/www.laresidenceabano.it\/fr\/#organization\"},\"potentialAction\":[{\"@type\":\"SearchAction\",\"target\":{\"@type\":\"EntryPoint\",\"urlTemplate\":\"https:\/\/www.laresidenceabano.it\/fr\/?s={search_term_string}\"},\"query-input\":{\"@type\":\"PropertyValueSpecification\",\"valueRequired\":true,\"valueName\":\"search_term_string\"}}],\"inLanguage\":\"fr-FR\"},{\"@type\":\"Organization\",\"@id\":\"https:\/\/www.laresidenceabano.it\/fr\/#organization\",\"name\":\"Hotel La Residence\",\"url\":\"https:\/\/www.laresidenceabano.it\/fr\/\",\"logo\":{\"@type\":\"ImageObject\",\"inLanguage\":\"fr-FR\",\"@id\":\"https:\/\/www.laresidenceabano.it\/fr\/#\/schema\/logo\/image\/\",\"url\":\"https:\/\/www.laresidenceabano.it\/wp-content\/uploads\/2023\/07\/Logo-hotel-la-residence.svg\",\"contentUrl\":\"https:\/\/www.laresidenceabano.it\/wp-content\/uploads\/2023\/07\/Logo-hotel-la-residence.svg\",\"caption\":\"Hotel La Residence\"},\"image\":{\"@id\":\"https:\/\/www.laresidenceabano.it\/fr\/#\/schema\/logo\/image\/\"}}]}<\/script>\n<!-- \/ Yoast SEO plugin. -->","yoast_head_json":{"title":"Les rituels de beaut\u00e9 et de bien-\u00eatre Abano Terme - Hotel La Residence","description":"Faites-vous choyer et profitez d'un massage r\u00e9g\u00e9n\u00e9rant prodigu\u00e9 par les mains habiles de nos op\u00e9rateurs. R\u00e9servez d\u00e8s maintenant votre s\u00e9jour de d\u00e9tente !","robots":{"index":"index","follow":"follow","max-snippet":"max-snippet:-1","max-image-preview":"max-image-preview:large","max-video-preview":"max-video-preview:-1"},"canonical":"https:\/\/www.laresidenceabano.it\/fr\/nos-rituels-de-bien-etre\/","og_locale":"fr_FR","og_type":"article","og_title":"Les rituels de beaut\u00e9 et de bien-\u00eatre Abano Terme - Hotel La Residence","og_description":"Faites-vous choyer et profitez d'un massage r\u00e9g\u00e9n\u00e9rant prodigu\u00e9 par les mains habiles de nos op\u00e9rateurs. R\u00e9servez d\u00e8s maintenant votre s\u00e9jour de d\u00e9tente !","og_url":"https:\/\/www.laresidenceabano.it\/fr\/nos-rituels-de-bien-etre\/","og_site_name":"Hotel La Residence","article_modified_time":"2024-04-04T14:54:40+00:00","og_image":[{"width":1800,"height":1200,"url":"https:\/\/www.laresidenceabano.it\/wp-content\/uploads\/2023\/07\/Hotel-La-Residence-spa-169.jpg","type":"image\/jpeg"}],"twitter_card":"summary_large_image","twitter_misc":{"Dur\u00e9e de lecture estim\u00e9e":"4 minutes"},"schema":{"@context":"https:\/\/schema.org","@graph":[{"@type":"WebPage","@id":"https:\/\/www.laresidenceabano.it\/fr\/nos-rituels-de-bien-etre\/","url":"https:\/\/www.laresidenceabano.it\/fr\/nos-rituels-de-bien-etre\/","name":"Les rituels de beaut\u00e9 et de bien-\u00eatre Abano Terme - Hotel La Residence","isPartOf":{"@id":"https:\/\/www.laresidenceabano.it\/fr\/#website"},"primaryImageOfPage":{"@id":"https:\/\/www.laresidenceabano.it\/fr\/nos-rituels-de-bien-etre\/#primaryimage"},"image":{"@id":"https:\/\/www.laresidenceabano.it\/fr\/nos-rituels-de-bien-etre\/#primaryimage"},"thumbnailUrl":"https:\/\/www.laresidenceabano.it\/wp-content\/uploads\/2023\/07\/Hotel-La-Residence-spa-169.jpg","datePublished":"2023-08-26T09:30:36+00:00","dateModified":"2024-04-04T14:54:40+00:00","description":"Faites-vous choyer et profitez d'un massage r\u00e9g\u00e9n\u00e9rant prodigu\u00e9 par les mains habiles de nos op\u00e9rateurs. R\u00e9servez d\u00e8s maintenant votre s\u00e9jour de d\u00e9tente !","breadcrumb":{"@id":"https:\/\/www.laresidenceabano.it\/fr\/nos-rituels-de-bien-etre\/#breadcrumb"},"inLanguage":"fr-FR","potentialAction":[{"@type":"ReadAction","target":["https:\/\/www.laresidenceabano.it\/fr\/nos-rituels-de-bien-etre\/"]}]},{"@type":"ImageObject","inLanguage":"fr-FR","@id":"https:\/\/www.laresidenceabano.it\/fr\/nos-rituels-de-bien-etre\/#primaryimage","url":"https:\/\/www.laresidenceabano.it\/wp-content\/uploads\/2023\/07\/Hotel-La-Residence-spa-169.jpg","contentUrl":"https:\/\/www.laresidenceabano.it\/wp-content\/uploads\/2023\/07\/Hotel-La-Residence-spa-169.jpg","width":1800,"height":1200},{"@type":"BreadcrumbList","@id":"https:\/\/www.laresidenceabano.it\/fr\/nos-rituels-de-bien-etre\/#breadcrumb","itemListElement":[{"@type":"ListItem","position":1,"name":"Home","item":"https:\/\/www.laresidenceabano.it\/fr\/"},{"@type":"ListItem","position":2,"name":"Nos rituels de bien-\u00eatre"}]},{"@type":"WebSite","@id":"https:\/\/www.laresidenceabano.it\/fr\/#website","url":"https:\/\/www.laresidenceabano.it\/fr\/","name":"Hotel La Residence","description":"","publisher":{"@id":"https:\/\/www.laresidenceabano.it\/fr\/#organization"},"potentialAction":[{"@type":"SearchAction","target":{"@type":"EntryPoint","urlTemplate":"https:\/\/www.laresidenceabano.it\/fr\/?s={search_term_string}"},"query-input":{"@type":"PropertyValueSpecification","valueRequired":true,"valueName":"search_term_string"}}],"inLanguage":"fr-FR"},{"@type":"Organization","@id":"https:\/\/www.laresidenceabano.it\/fr\/#organization","name":"Hotel La Residence","url":"https:\/\/www.laresidenceabano.it\/fr\/","logo":{"@type":"ImageObject","inLanguage":"fr-FR","@id":"https:\/\/www.laresidenceabano.it\/fr\/#\/schema\/logo\/image\/","url":"https:\/\/www.laresidenceabano.it\/wp-content\/uploads\/2023\/07\/Logo-hotel-la-residence.svg","contentUrl":"https:\/\/www.laresidenceabano.it\/wp-content\/uploads\/2023\/07\/Logo-hotel-la-residence.svg","caption":"Hotel La Residence"},"image":{"@id":"https:\/\/www.laresidenceabano.it\/fr\/#\/schema\/logo\/image\/"}}]}},"coauthors":[],"author_meta":{"author_link":"https:\/\/www.laresidenceabano.it\/fr\/author\/fede\/","display_name":"Fede"},"relative_dates":{"created":"Publi\u00e9 3 ans il y a","modified":"Mis \u00e0 jour 2 ans il y a"},"absolute_dates":{"created":"Publi\u00e9 le 26\/08\/2023","modified":"Mise \u00e0 jour le 04\/04\/2024"},"absolute_dates_time":{"created":"Publi\u00e9 le 26\/08\/2023 11:30","modified":"Mise \u00e0 jour le 04\/04\/2024 16:54"},"featured_img_caption":"","featured_img":"https:\/\/www.laresidenceabano.it\/wp-content\/uploads\/2023\/07\/Hotel-La-Residence-spa-169-1568x1045.jpg","series_order":"","_links":{"self":[{"href":"https:\/\/www.laresidenceabano.it\/fr\/wp-json\/wp\/v2\/pages\/6034","targetHints":{"allow":["GET"]}}],"collection":[{"href":"https:\/\/www.laresidenceabano.it\/fr\/wp-json\/wp\/v2\/pages"}],"about":[{"href":"https:\/\/www.laresidenceabano.it\/fr\/wp-json\/wp\/v2\/types\/page"}],"author":[{"embeddable":true,"href":"https:\/\/www.laresidenceabano.it\/fr\/wp-json\/wp\/v2\/users\/11"}],"replies":[{"embeddable":true,"href":"https:\/\/www.laresidenceabano.it\/fr\/wp-json\/wp\/v2\/comments?post=6034"}],"version-history":[{"count":3,"href":"https:\/\/www.laresidenceabano.it\/fr\/wp-json\/wp\/v2\/pages\/6034\/revisions"}],"predecessor-version":[{"id":7140,"href":"https:\/\/www.laresidenceabano.it\/fr\/wp-json\/wp\/v2\/pages\/6034\/revisions\/7140"}],"wp:featuredmedia":[{"embeddable":true,"href":"https:\/\/www.laresidenceabano.it\/fr\/wp-json\/wp\/v2\/media\/5563"}],"wp:attachment":[{"href":"https:\/\/www.laresidenceabano.it\/fr\/wp-json\/wp\/v2\/media?parent=6034"}],"curies":[{"name":"wp","href":"https:\/\/api.w.org\/{rel}","templated":true}]}}