{"id":6281,"date":"2023-09-18T16:10:42","date_gmt":"2023-09-18T14:10:42","guid":{"rendered":"https:\/\/www.laresidenceabano.it\/contacts\/"},"modified":"2024-04-04T18:55:23","modified_gmt":"2024-04-04T16:55:23","slug":"contacts","status":"publish","type":"page","link":"https:\/\/www.laresidenceabano.it\/fr\/contacts\/","title":{"rendered":"Contacts"},"content":{"rendered":"<div  class=\"grids-section animated fadeInUp grids-is-advanced alignwide\" style=\"--_gs-gap-desktop:0px 0px;--_gs-m-desktop:0 0 0 0;--_gs-p-desktop:0 0 0 0;--_gs-bg-desktop:transparent none;--_gs-bg-xp-desktop:0px;--_gs-zi-desktop:auto;--_gs-d-desktop:block;--_gs-mw-desktop:calc(100% - 0 - 0);--_gs-gap-tablet:0px 0px;--_gs-m-tablet:0 0 0 0;--_gs-p-tablet:0 0 0 0;--_gs-bg-tablet:transparent none;--_gs-bg-xp-tablet:0px;--_gs-zi-tablet:auto;--_gs-d-tablet:block;--_gs-mw-tablet:calc(100% - 0 - 0);--_gs-gap-mobile:0px 0px;--_gs-m-mobile:0 0 0 0;--_gs-p-mobile:0 0 0 0;--_gs-bg-mobile:transparent none;--_gs-bg-xp-mobile:0px;--_gs-zi-mobile:auto;--_gs-d-mobile:block;--_gs-mw-mobile:calc(100% - 0 - 0);--_gs-columns:12;--_gs-rows:6\"><div class=\"grids-s-w_i\">\n<div class=\"grids-area\" style=\"--_ga-column:1\/13;--_ga-row:1\/7;--_ga-m-desktop:0 0 0 0;--_ga-p-desktop:0 0 0 0;--_ga-bg-desktop:transparent none;--_ga-zi-desktop:auto;--_ga-d-desktop:flex;--_ga-mw-desktop:calc(100% - 0 - 0);--_ga-m-tablet:0 0 0 0;--_ga-p-tablet:0 0 0 0;--_ga-bg-tablet:transparent none;--_ga-zi-tablet:auto;--_ga-d-tablet:flex;--_ga-mw-tablet:calc(100% - 0 - 0);--_ga-m-mobile:0 0 0 0;--_ga-p-mobile:0 0 0 0;--_ga-bg-mobile:transparent none;--_ga-zi-mobile:auto;--_ga-d-mobile:flex;--_ga-mw-mobile:calc(100% - 0 - 0)\">\n\n<h2 class=\"wp-block-heading has-text-align-center decorated\">Nos contacts<\/h2>\n\n\n\n<h6 class=\"wp-block-heading has-text-align-center\"><em>\u00c0 votre disposition<\/em><\/h6>\n\n\n\n<p class=\"has-text-align-center\">Nous sommes \u00e0 votre disposition, heureux de r\u00e9pondre \u00e0 vos questions. Contactez-nous par t\u00e9l\u00e9phone ou \u00e9crivez-nous directement un courriel.<\/p>\n\n\n<div  class=\"grids-section grids-is-advanced\" style=\"--_gs-gap-desktop:0px 0px;--_gs-m-desktop:0 0 0 0;--_gs-p-desktop:0 0 0 0;--_gs-bg-desktop:transparent none;--_gs-bg-xp-desktop:0px;--_gs-zi-desktop:auto;--_gs-d-desktop:block;--_gs-mw-desktop:calc(100% - 0 - 0);--_gs-gap-tablet:0px 0px;--_gs-m-tablet:0 0 0 0;--_gs-p-tablet:0 0 0 0;--_gs-bg-tablet:transparent none;--_gs-bg-xp-tablet:0px;--_gs-zi-tablet:auto;--_gs-d-tablet:block;--_gs-mw-tablet:calc(100% - 0 - 0);--_gs-gap-mobile:0px 0px;--_gs-m-mobile:0 0 0 0;--_gs-p-mobile:0 0 0 0;--_gs-bg-mobile:transparent none;--_gs-bg-xp-mobile:0px;--_gs-zi-mobile:auto;--_gs-d-mobile:block;--_gs-mw-mobile:calc(100% - 0 - 0);--_gs-columns:12;--_gs-rows:6\"><div class=\"grids-s-w_i\">\n<div class=\"grids-area\" style=\"--_ga-column:1\/5;--_ga-row:1\/2;--_ga-m-desktop:0 0 0 0;--_ga-p-desktop:0 0 0 0;--_ga-bg-desktop:transparent none;--_ga-zi-desktop:auto;--_ga-d-desktop:flex;--_ga-mw-desktop:calc(100% - 0 - 0);--_ga-m-tablet:0 0 0 0;--_ga-p-tablet:0 0 0 0;--_ga-bg-tablet:transparent none;--_ga-zi-tablet:auto;--_ga-d-tablet:flex;--_ga-mw-tablet:calc(100% - 0 - 0);--_ga-m-mobile:0 0 0 0;--_ga-p-mobile:0 0 0 0;--_ga-bg-mobile:transparent none;--_ga-zi-mobile:auto;--_ga-d-mobile:flex;--_ga-mw-mobile:calc(100% - 0 - 0)\">\n\n<h3 class=\"wp-block-heading has-text-align-center\">O\u00f9 nous sommes<\/h3>\n\n\n\n<p class=\"has-text-align-center\"><a href=\"https:\/\/goo.gl\/maps\/DRFu7gBJ7vxqMMnt8\" target=\"_blank\" rel=\"noreferrer noopener\">Via Monte Ceva, 8<\/a>&#13;\n35031 Abano Terme Padova &#8211; Italie<\/p>\n\n<\/div>\n\n<div class=\"grids-area\" style=\"--_ga-column:5\/9;--_ga-row:1\/2;--_ga-m-desktop:0 0 0 0;--_ga-p-desktop:0 0 0 0;--_ga-bg-desktop:transparent none;--_ga-zi-desktop:auto;--_ga-d-desktop:flex;--_ga-mw-desktop:calc(100% - 0 - 0);--_ga-m-tablet:0 0 0 0;--_ga-p-tablet:0 0 0 0;--_ga-bg-tablet:transparent none;--_ga-zi-tablet:auto;--_ga-d-tablet:flex;--_ga-mw-tablet:calc(100% - 0 - 0);--_ga-m-mobile:0 0 0 0;--_ga-p-mobile:0 0 0 0;--_ga-bg-mobile:transparent none;--_ga-zi-mobile:auto;--_ga-d-mobile:flex;--_ga-mw-mobile:calc(100% - 0 - 0)\">\n\n<h3 class=\"wp-block-heading has-text-align-center\">T\u00e9l\u00e9phone<\/h3>\n\n\n\n<p class=\"has-text-align-center\"><a href=\"tel:+390498247777\">+39 049 8247777<\/a><\/p>\n\n<\/div>\n\n<div class=\"grids-area\" style=\"--_ga-column:9\/14;--_ga-row:1\/2;--_ga-m-desktop:0 0 0 0;--_ga-p-desktop:0 0 0 0;--_ga-bg-desktop:transparent none;--_ga-zi-desktop:auto;--_ga-d-desktop:flex;--_ga-mw-desktop:calc(100% - 0 - 0);--_ga-m-tablet:0 0 0 0;--_ga-p-tablet:0 0 0 0;--_ga-bg-tablet:transparent none;--_ga-zi-tablet:auto;--_ga-d-tablet:flex;--_ga-mw-tablet:calc(100% - 0 - 0);--_ga-m-mobile:0 0 0 0;--_ga-p-mobile:0 0 0 0;--_ga-bg-mobile:transparent none;--_ga-zi-mobile:auto;--_ga-d-mobile:flex;--_ga-mw-mobile:calc(100% - 0 - 0)\">\n\n<h3 class=\"wp-block-heading has-text-align-center\">E-mail<\/h3>\n\n\n\n<p class=\"has-text-align-center\"><a href=\"mailto:laresidence@gbhotelsabano.it\"><\/a><a href=\"mailto:laresidence@gbhotelsabano.it\">laresidence@gbhotelsabano.it<\/a><\/p>\n\n<\/div>\n<\/div><\/div>\n\n\n\n<div class=\"wpcf7 no-js\" id=\"wpcf7-f6280-o1\" lang=\"fr-FR\" dir=\"ltr\" data-wpcf7-id=\"6280\">\n<div class=\"screen-reader-response\"><p role=\"status\" aria-live=\"polite\" aria-atomic=\"true\"><\/p> <ul><\/ul><\/div>\n<form action=\"\/fr\/wp-json\/wp\/v2\/pages\/6281#wpcf7-f6280-o1\" method=\"post\" class=\"wpcf7-form init wpcf7-acceptance-as-validation\" aria-label=\"Formulaire de contact\" novalidate=\"novalidate\" data-status=\"init\">\n<fieldset class=\"hidden-fields-container\"><input type=\"hidden\" name=\"_wpcf7\" value=\"6280\" \/><input type=\"hidden\" name=\"_wpcf7_version\" value=\"6.1.1\" \/><input type=\"hidden\" name=\"_wpcf7_locale\" value=\"fr_FR\" \/><input type=\"hidden\" name=\"_wpcf7_unit_tag\" value=\"wpcf7-f6280-o1\" \/><input type=\"hidden\" name=\"_wpcf7_container_post\" value=\"0\" \/><input type=\"hidden\" name=\"_wpcf7_posted_data_hash\" value=\"\" \/>\n<\/fieldset>\n<p><span id=\"wpcf7-69e0dc532d955-wrapper\" class=\"wpcf7-form-control-wrap email-777-wrap\" style=\"display:none !important; visibility:hidden !important;\"><label for=\"wpcf7-69e0dc532d955-field\" class=\"hp-message\">Veuillez laisser ce champ vide.<\/label><input id=\"wpcf7-69e0dc532d955-field\"  class=\"wpcf7-form-control wpcf7-text\" type=\"text\" name=\"email-777\" value=\"\" size=\"40\" tabindex=\"-1\" autocomplete=\"new-password\" \/><\/span>\n<\/p>\n<div class=\"contact-form-box\">\n\t<div class=\"contact-left\">\n\t\t<p><label><br \/>\n<span class=\"wpcf7-form-control-wrap\" data-name=\"nome\"><input size=\"40\" maxlength=\"400\" class=\"wpcf7-form-control wpcf7-text wpcf7-validates-as-required\" aria-required=\"true\" aria-invalid=\"false\" placeholder=\"Nom*\" value=\"\" type=\"text\" name=\"nome\" \/><\/span> <\/label><br \/>\n<label><br \/>\n<span class=\"wpcf7-form-control-wrap\" data-name=\"cognome\"><input size=\"40\" maxlength=\"400\" class=\"wpcf7-form-control wpcf7-text wpcf7-validates-as-required\" aria-required=\"true\" aria-invalid=\"false\" placeholder=\"Pr\u00e9nom*\" value=\"\" type=\"text\" name=\"cognome\" \/><\/span> <\/label><br \/>\n<label><br \/>\n<span class=\"wpcf7-form-control-wrap\" data-name=\"email\"><input size=\"40\" maxlength=\"400\" class=\"wpcf7-form-control wpcf7-email wpcf7-validates-as-required wpcf7-text wpcf7-validates-as-email\" aria-required=\"true\" aria-invalid=\"false\" placeholder=\"Email*\" value=\"\" type=\"email\" name=\"email\" \/><\/span> <\/label>\n\t\t<\/p>\n\t<\/div>\n\t<div class=\"contact-right\">\n\t\t<p><label><br \/>\n<span class=\"wpcf7-form-control-wrap\" data-name=\"telefono\"><input size=\"40\" maxlength=\"400\" class=\"wpcf7-form-control wpcf7-tel wpcf7-validates-as-required wpcf7-text wpcf7-validates-as-tel\" aria-required=\"true\" aria-invalid=\"false\" placeholder=\"T\u00e9l\u00e9phone*\" value=\"\" type=\"tel\" name=\"telefono\" \/><\/span><\/label><br \/>\n<label><br \/>\n<span class=\"wpcf7-form-control-wrap\" data-name=\"camera\"><input size=\"40\" maxlength=\"400\" class=\"wpcf7-form-control wpcf7-text\" aria-invalid=\"false\" placeholder=\"Type de chambre\" value=\"\" type=\"text\" name=\"camera\" \/><\/span><\/label><br \/>\n<label><br \/>\n<span class=\"wpcf7-form-control-wrap\" data-name=\"ospiti\"><input size=\"40\" maxlength=\"400\" class=\"wpcf7-form-control wpcf7-text\" aria-invalid=\"false\" placeholder=\"N. d&#039;invit\u00e9s\" value=\"\" type=\"text\" name=\"ospiti\" \/><\/span> <\/label>\n\t\t<\/p>\n\t<\/div>\n\t<p><label><br \/>\n<span class=\"wpcf7-form-control-wrap\" data-name=\"your-message\"><textarea cols=\"10\" rows=\"3\" maxlength=\"2000\" class=\"wpcf7-form-control wpcf7-textarea\" aria-invalid=\"false\" placeholder=\"Votre message\" name=\"your-message\"><\/textarea><\/span> <\/label><br \/>\n<span class=\"wpcf7-form-control-wrap\" data-name=\"consenso\"><span class=\"wpcf7-form-control wpcf7-acceptance\"><span class=\"wpcf7-list-item\"><input type=\"checkbox\" name=\"consenso\" value=\"1\" aria-invalid=\"false\" \/><\/span><\/span><\/span> * <span id=\"psinformativa2\"><\/span>\n\t<\/p>\n\t<p>* = champs obligatoires\n\t<\/p>\n\t<p><input class=\"wpcf7-form-control wpcf7-submit has-spinner\" type=\"submit\" value=\"Soumettre\" \/>\n\t<\/p>\n<\/div><input type='hidden' class='wpcf7-pum' value='{\"closepopup\":false,\"closedelay\":0,\"openpopup\":false,\"openpopup_id\":0}' \/><div class=\"wpcf7-response-output\" aria-hidden=\"true\"><\/div>\n<\/form>\n<\/div>\n\n\n<\/div>\n<\/div><\/div>","protected":false},"excerpt":{"rendered":"","protected":false},"author":12,"featured_media":5543,"parent":0,"menu_order":0,"comment_status":"closed","ping_status":"closed","template":"","meta":{"_acf_changed":false,"advgb_blocks_editor_width":"","advgb_blocks_columns_visual_guide":"","footnotes":""},"class_list":["post-6281","page","type-page","status-publish","has-post-thumbnail","hentry","entry"],"acf":[],"yoast_head":"<!-- This site is optimized with the Yoast SEO plugin v25.6 - https:\/\/yoast.com\/wordpress\/plugins\/seo\/ -->\n<title>Contacts - Hotel La Residence<\/title>\n<meta name=\"description\" content=\"R\u00e9servez d\u00e8s maintenant et vivez une exp\u00e9rience unique d&#039;hospitalit\u00e9 et de confort. Contactez-nous pour des informations et des r\u00e9servations, nous sommes pr\u00eats \u00e0 vous accueillir avec notre service chaleureux. Votre oasis de d\u00e9tente et de plaisir vous attend \u00e0 l&#039;h\u00f4tel La Residence.\" \/>\n<meta name=\"robots\" content=\"index, follow, max-snippet:-1, max-image-preview:large, max-video-preview:-1\" \/>\n<link rel=\"canonical\" href=\"https:\/\/www.laresidenceabano.it\/fr\/contacts\/\" \/>\n<meta property=\"og:locale\" content=\"fr_FR\" \/>\n<meta property=\"og:type\" content=\"article\" \/>\n<meta property=\"og:title\" content=\"Contacts - Hotel La Residence\" \/>\n<meta property=\"og:description\" content=\"R\u00e9servez d\u00e8s maintenant et vivez une exp\u00e9rience unique d&#039;hospitalit\u00e9 et de confort. Contactez-nous pour des informations et des r\u00e9servations, nous sommes pr\u00eats \u00e0 vous accueillir avec notre service chaleureux. Votre oasis de d\u00e9tente et de plaisir vous attend \u00e0 l&#039;h\u00f4tel La Residence.\" \/>\n<meta property=\"og:url\" content=\"https:\/\/www.laresidenceabano.it\/fr\/contacts\/\" \/>\n<meta property=\"og:site_name\" content=\"Hotel La Residence\" \/>\n<meta property=\"article:modified_time\" content=\"2024-04-04T16:55:23+00:00\" \/>\n<meta property=\"og:image\" content=\"https:\/\/www.laresidenceabano.it\/wp-content\/uploads\/2023\/07\/Hotel-La-Residence-aree-comuni-17.jpg\" \/>\n\t<meta property=\"og:image:width\" content=\"1800\" \/>\n\t<meta property=\"og:image:height\" content=\"1200\" \/>\n\t<meta property=\"og:image:type\" content=\"image\/jpeg\" \/>\n<meta name=\"twitter:card\" content=\"summary_large_image\" \/>\n<meta name=\"twitter:label1\" content=\"Dur\u00e9e de lecture estim\u00e9e\" \/>\n\t<meta name=\"twitter:data1\" content=\"1 minute\" \/>\n<script type=\"application\/ld+json\" class=\"yoast-schema-graph\">{\"@context\":\"https:\/\/schema.org\",\"@graph\":[{\"@type\":\"WebPage\",\"@id\":\"https:\/\/www.laresidenceabano.it\/fr\/contacts\/\",\"url\":\"https:\/\/www.laresidenceabano.it\/fr\/contacts\/\",\"name\":\"Contacts - Hotel La Residence\",\"isPartOf\":{\"@id\":\"https:\/\/www.laresidenceabano.it\/fr\/#website\"},\"primaryImageOfPage\":{\"@id\":\"https:\/\/www.laresidenceabano.it\/fr\/contacts\/#primaryimage\"},\"image\":{\"@id\":\"https:\/\/www.laresidenceabano.it\/fr\/contacts\/#primaryimage\"},\"thumbnailUrl\":\"https:\/\/www.laresidenceabano.it\/wp-content\/uploads\/2023\/07\/Hotel-La-Residence-aree-comuni-17.jpg\",\"datePublished\":\"2023-09-18T14:10:42+00:00\",\"dateModified\":\"2024-04-04T16:55:23+00:00\",\"description\":\"R\u00e9servez d\u00e8s maintenant et vivez une exp\u00e9rience unique d'hospitalit\u00e9 et de confort. Contactez-nous pour des informations et des r\u00e9servations, nous sommes pr\u00eats \u00e0 vous accueillir avec notre service chaleureux. Votre oasis de d\u00e9tente et de plaisir vous attend \u00e0 l'h\u00f4tel La Residence.\",\"breadcrumb\":{\"@id\":\"https:\/\/www.laresidenceabano.it\/fr\/contacts\/#breadcrumb\"},\"inLanguage\":\"fr-FR\",\"potentialAction\":[{\"@type\":\"ReadAction\",\"target\":[\"https:\/\/www.laresidenceabano.it\/fr\/contacts\/\"]}]},{\"@type\":\"ImageObject\",\"inLanguage\":\"fr-FR\",\"@id\":\"https:\/\/www.laresidenceabano.it\/fr\/contacts\/#primaryimage\",\"url\":\"https:\/\/www.laresidenceabano.it\/wp-content\/uploads\/2023\/07\/Hotel-La-Residence-aree-comuni-17.jpg\",\"contentUrl\":\"https:\/\/www.laresidenceabano.it\/wp-content\/uploads\/2023\/07\/Hotel-La-Residence-aree-comuni-17.jpg\",\"width\":1800,\"height\":1200},{\"@type\":\"BreadcrumbList\",\"@id\":\"https:\/\/www.laresidenceabano.it\/fr\/contacts\/#breadcrumb\",\"itemListElement\":[{\"@type\":\"ListItem\",\"position\":1,\"name\":\"Home\",\"item\":\"https:\/\/www.laresidenceabano.it\/fr\/\"},{\"@type\":\"ListItem\",\"position\":2,\"name\":\"Contacts\"}]},{\"@type\":\"WebSite\",\"@id\":\"https:\/\/www.laresidenceabano.it\/fr\/#website\",\"url\":\"https:\/\/www.laresidenceabano.it\/fr\/\",\"name\":\"Hotel La Residence\",\"description\":\"\",\"publisher\":{\"@id\":\"https:\/\/www.laresidenceabano.it\/fr\/#organization\"},\"potentialAction\":[{\"@type\":\"SearchAction\",\"target\":{\"@type\":\"EntryPoint\",\"urlTemplate\":\"https:\/\/www.laresidenceabano.it\/fr\/?s={search_term_string}\"},\"query-input\":{\"@type\":\"PropertyValueSpecification\",\"valueRequired\":true,\"valueName\":\"search_term_string\"}}],\"inLanguage\":\"fr-FR\"},{\"@type\":\"Organization\",\"@id\":\"https:\/\/www.laresidenceabano.it\/fr\/#organization\",\"name\":\"Hotel La Residence\",\"url\":\"https:\/\/www.laresidenceabano.it\/fr\/\",\"logo\":{\"@type\":\"ImageObject\",\"inLanguage\":\"fr-FR\",\"@id\":\"https:\/\/www.laresidenceabano.it\/fr\/#\/schema\/logo\/image\/\",\"url\":\"https:\/\/www.laresidenceabano.it\/wp-content\/uploads\/2023\/07\/Logo-hotel-la-residence.svg\",\"contentUrl\":\"https:\/\/www.laresidenceabano.it\/wp-content\/uploads\/2023\/07\/Logo-hotel-la-residence.svg\",\"caption\":\"Hotel La Residence\"},\"image\":{\"@id\":\"https:\/\/www.laresidenceabano.it\/fr\/#\/schema\/logo\/image\/\"}}]}<\/script>\n<!-- \/ Yoast SEO plugin. -->","yoast_head_json":{"title":"Contacts - Hotel La Residence","description":"R\u00e9servez d\u00e8s maintenant et vivez une exp\u00e9rience unique d'hospitalit\u00e9 et de confort. Contactez-nous pour des informations et des r\u00e9servations, nous sommes pr\u00eats \u00e0 vous accueillir avec notre service chaleureux. Votre oasis de d\u00e9tente et de plaisir vous attend \u00e0 l'h\u00f4tel La Residence.","robots":{"index":"index","follow":"follow","max-snippet":"max-snippet:-1","max-image-preview":"max-image-preview:large","max-video-preview":"max-video-preview:-1"},"canonical":"https:\/\/www.laresidenceabano.it\/fr\/contacts\/","og_locale":"fr_FR","og_type":"article","og_title":"Contacts - Hotel La Residence","og_description":"R\u00e9servez d\u00e8s maintenant et vivez une exp\u00e9rience unique d'hospitalit\u00e9 et de confort. Contactez-nous pour des informations et des r\u00e9servations, nous sommes pr\u00eats \u00e0 vous accueillir avec notre service chaleureux. Votre oasis de d\u00e9tente et de plaisir vous attend \u00e0 l'h\u00f4tel La Residence.","og_url":"https:\/\/www.laresidenceabano.it\/fr\/contacts\/","og_site_name":"Hotel La Residence","article_modified_time":"2024-04-04T16:55:23+00:00","og_image":[{"width":1800,"height":1200,"url":"https:\/\/www.laresidenceabano.it\/wp-content\/uploads\/2023\/07\/Hotel-La-Residence-aree-comuni-17.jpg","type":"image\/jpeg"}],"twitter_card":"summary_large_image","twitter_misc":{"Dur\u00e9e de lecture estim\u00e9e":"1 minute"},"schema":{"@context":"https:\/\/schema.org","@graph":[{"@type":"WebPage","@id":"https:\/\/www.laresidenceabano.it\/fr\/contacts\/","url":"https:\/\/www.laresidenceabano.it\/fr\/contacts\/","name":"Contacts - Hotel La Residence","isPartOf":{"@id":"https:\/\/www.laresidenceabano.it\/fr\/#website"},"primaryImageOfPage":{"@id":"https:\/\/www.laresidenceabano.it\/fr\/contacts\/#primaryimage"},"image":{"@id":"https:\/\/www.laresidenceabano.it\/fr\/contacts\/#primaryimage"},"thumbnailUrl":"https:\/\/www.laresidenceabano.it\/wp-content\/uploads\/2023\/07\/Hotel-La-Residence-aree-comuni-17.jpg","datePublished":"2023-09-18T14:10:42+00:00","dateModified":"2024-04-04T16:55:23+00:00","description":"R\u00e9servez d\u00e8s maintenant et vivez une exp\u00e9rience unique d'hospitalit\u00e9 et de confort. Contactez-nous pour des informations et des r\u00e9servations, nous sommes pr\u00eats \u00e0 vous accueillir avec notre service chaleureux. Votre oasis de d\u00e9tente et de plaisir vous attend \u00e0 l'h\u00f4tel La Residence.","breadcrumb":{"@id":"https:\/\/www.laresidenceabano.it\/fr\/contacts\/#breadcrumb"},"inLanguage":"fr-FR","potentialAction":[{"@type":"ReadAction","target":["https:\/\/www.laresidenceabano.it\/fr\/contacts\/"]}]},{"@type":"ImageObject","inLanguage":"fr-FR","@id":"https:\/\/www.laresidenceabano.it\/fr\/contacts\/#primaryimage","url":"https:\/\/www.laresidenceabano.it\/wp-content\/uploads\/2023\/07\/Hotel-La-Residence-aree-comuni-17.jpg","contentUrl":"https:\/\/www.laresidenceabano.it\/wp-content\/uploads\/2023\/07\/Hotel-La-Residence-aree-comuni-17.jpg","width":1800,"height":1200},{"@type":"BreadcrumbList","@id":"https:\/\/www.laresidenceabano.it\/fr\/contacts\/#breadcrumb","itemListElement":[{"@type":"ListItem","position":1,"name":"Home","item":"https:\/\/www.laresidenceabano.it\/fr\/"},{"@type":"ListItem","position":2,"name":"Contacts"}]},{"@type":"WebSite","@id":"https:\/\/www.laresidenceabano.it\/fr\/#website","url":"https:\/\/www.laresidenceabano.it\/fr\/","name":"Hotel La Residence","description":"","publisher":{"@id":"https:\/\/www.laresidenceabano.it\/fr\/#organization"},"potentialAction":[{"@type":"SearchAction","target":{"@type":"EntryPoint","urlTemplate":"https:\/\/www.laresidenceabano.it\/fr\/?s={search_term_string}"},"query-input":{"@type":"PropertyValueSpecification","valueRequired":true,"valueName":"search_term_string"}}],"inLanguage":"fr-FR"},{"@type":"Organization","@id":"https:\/\/www.laresidenceabano.it\/fr\/#organization","name":"Hotel La Residence","url":"https:\/\/www.laresidenceabano.it\/fr\/","logo":{"@type":"ImageObject","inLanguage":"fr-FR","@id":"https:\/\/www.laresidenceabano.it\/fr\/#\/schema\/logo\/image\/","url":"https:\/\/www.laresidenceabano.it\/wp-content\/uploads\/2023\/07\/Logo-hotel-la-residence.svg","contentUrl":"https:\/\/www.laresidenceabano.it\/wp-content\/uploads\/2023\/07\/Logo-hotel-la-residence.svg","caption":"Hotel La Residence"},"image":{"@id":"https:\/\/www.laresidenceabano.it\/fr\/#\/schema\/logo\/image\/"}}]}},"coauthors":[],"author_meta":{"author_link":"https:\/\/www.laresidenceabano.it\/fr\/author\/marcop\/","display_name":"MarcoP"},"relative_dates":{"created":"Publi\u00e9 3 ans il y a","modified":"Mis \u00e0 jour 2 ans il y a"},"absolute_dates":{"created":"Publi\u00e9 le 18\/09\/2023","modified":"Mise \u00e0 jour le 04\/04\/2024"},"absolute_dates_time":{"created":"Publi\u00e9 le 18\/09\/2023 16:10","modified":"Mise \u00e0 jour le 04\/04\/2024 18:55"},"featured_img_caption":"","featured_img":"https:\/\/www.laresidenceabano.it\/wp-content\/uploads\/2023\/07\/Hotel-La-Residence-aree-comuni-17-1568x1045.jpg","series_order":"","_links":{"self":[{"href":"https:\/\/www.laresidenceabano.it\/fr\/wp-json\/wp\/v2\/pages\/6281","targetHints":{"allow":["GET"]}}],"collection":[{"href":"https:\/\/www.laresidenceabano.it\/fr\/wp-json\/wp\/v2\/pages"}],"about":[{"href":"https:\/\/www.laresidenceabano.it\/fr\/wp-json\/wp\/v2\/types\/page"}],"author":[{"embeddable":true,"href":"https:\/\/www.laresidenceabano.it\/fr\/wp-json\/wp\/v2\/users\/12"}],"replies":[{"embeddable":true,"href":"https:\/\/www.laresidenceabano.it\/fr\/wp-json\/wp\/v2\/comments?post=6281"}],"version-history":[{"count":3,"href":"https:\/\/www.laresidenceabano.it\/fr\/wp-json\/wp\/v2\/pages\/6281\/revisions"}],"predecessor-version":[{"id":7181,"href":"https:\/\/www.laresidenceabano.it\/fr\/wp-json\/wp\/v2\/pages\/6281\/revisions\/7181"}],"wp:featuredmedia":[{"embeddable":true,"href":"https:\/\/www.laresidenceabano.it\/fr\/wp-json\/wp\/v2\/media\/5543"}],"wp:attachment":[{"href":"https:\/\/www.laresidenceabano.it\/fr\/wp-json\/wp\/v2\/media?parent=6281"}],"curies":[{"name":"wp","href":"https:\/\/api.w.org\/{rel}","templated":true}]}}