{"id":2137,"date":"2023-06-30T14:02:57","date_gmt":"2023-06-30T12:02:57","guid":{"rendered":"https:\/\/www.laresidenceabano.it\/?page_id=2137"},"modified":"2023-10-17T14:20:33","modified_gmt":"2023-10-17T12:20:33","slug":"ristorante","status":"publish","type":"page","link":"https:\/\/www.laresidenceabano.it\/it\/ristorante\/","title":{"rendered":"Ristorante"},"content":{"rendered":"<div  class=\"grids-section animated fadeInUp grids-is-advanced alignwide\" style=\"--_gs-gap-desktop:0px 0px;--_gs-m-desktop:0 0 0 0;--_gs-p-desktop:0 0 0 0;--_gs-bg-desktop:transparent none;--_gs-bg-xp-desktop:0px;--_gs-zi-desktop:auto;--_gs-d-desktop:block;--_gs-mw-desktop:calc(100% - 0 - 0);--_gs-gap-tablet:0px 0px;--_gs-m-tablet:0 0 0 0;--_gs-p-tablet:0 0 0 0;--_gs-bg-tablet:transparent none;--_gs-bg-xp-tablet:0px;--_gs-zi-tablet:auto;--_gs-d-tablet:block;--_gs-mw-tablet:calc(100% - 0 - 0);--_gs-gap-mobile:0px 0px;--_gs-m-mobile:0 0 0 0;--_gs-p-mobile:0 0 0 0;--_gs-bg-mobile:transparent none;--_gs-bg-xp-mobile:0px;--_gs-zi-mobile:auto;--_gs-d-mobile:block;--_gs-mw-mobile:calc(100% - 0 - 0);--_gs-columns:12;--_gs-rows:6\"><div class=\"grids-s-w_i\">\n<div class=\"grids-area\" style=\"--_ga-column:1\/13;--_ga-row:1\/7;--_ga-m-desktop:0 0 0 0;--_ga-p-desktop:0 0 0 0;--_ga-bg-desktop:transparent none;--_ga-zi-desktop:auto;--_ga-d-desktop:flex;--_ga-mw-desktop:calc(100% - 0 - 0);--_ga-m-tablet:0 0 0 0;--_ga-p-tablet:0 0 0 0;--_ga-bg-tablet:transparent none;--_ga-zi-tablet:auto;--_ga-d-tablet:flex;--_ga-mw-tablet:calc(100% - 0 - 0);--_ga-m-mobile:0 0 0 0;--_ga-p-mobile:0 0 0 0;--_ga-bg-mobile:transparent none;--_ga-zi-mobile:auto;--_ga-d-mobile:flex;--_ga-mw-mobile:calc(100% - 0 - 0)\">\n\n<h2 class=\"wp-block-heading has-text-align-center decorated\">RISTORANTE GARDEN<\/h2>\n\n\n\n<h6 class=\"wp-block-heading has-text-align-center\">Cucina raffinata e genuina<\/h6>\n\n\n\n<p class=\"has-text-align-center\">Benvenuti nel ristorante Garden dell\u2019Hotel La Residence, <strong>dove la passione per la cucina prende vita in ogni piatto<\/strong>. Qui, ogni creazione culinaria \u00e8 un&#8217;opera d&#8217;arte che conquista i sensi e soddisfa il palato. Il nostro <strong>chef<\/strong>, un vero maestro dei sapori, seleziona con cura gli ingredienti pi\u00f9 pregiati e li trasforma in autentici<strong> capolavori culinari<\/strong>.<\/p>\n\n\n\n<p class=\"has-text-align-center\"><strong>Orari del Ristorante Garden<\/strong><\/p>\n\n\n\n<p class=\"has-text-align-center\">Pranzo ore 12:30 \u2013 14:00<br>Cena ore 19:30 \u2013 21:00<\/p>\n\n<\/div>\n<\/div><\/div>\n\n<div  class=\"grids-section row-text-gallery grids-is-advanced alignwide\" style=\"--_gs-gap-desktop:0px 0px;--_gs-m-desktop:0 0 0 0;--_gs-p-desktop:0 0 0 0;--_gs-bg-desktop:transparent none;--_gs-bg-xp-desktop:0px;--_gs-zi-desktop:auto;--_gs-d-desktop:block;--_gs-mw-desktop:calc(100% - 0 - 0);--_gs-gap-tablet:0px 0px;--_gs-m-tablet:0 0 0 0;--_gs-p-tablet:0 0 0 0;--_gs-bg-tablet:transparent none;--_gs-bg-xp-tablet:0px;--_gs-zi-tablet:auto;--_gs-d-tablet:block;--_gs-mw-tablet:calc(100% - 0 - 0);--_gs-gap-mobile:0px 0px;--_gs-m-mobile:0 0 0 0;--_gs-p-mobile:0 0 0 0;--_gs-bg-mobile:transparent none;--_gs-bg-xp-mobile:0px;--_gs-zi-mobile:auto;--_gs-d-mobile:block;--_gs-mw-mobile:calc(100% - 0 - 0);--_gs-columns:12;--_gs-rows:6\"><div class=\"grids-s-w_i\">\n<div class=\"grids-area animated fadeInLeft\" style=\"--_ga-column:1\/6;--_ga-row:1\/7;--_ga-va:center;--_ga-m-desktop:0 0 0 0;--_ga-p-desktop:0 0 0 0;--_ga-bg-desktop:transparent none;--_ga-zi-desktop:auto;--_ga-d-desktop:flex;--_ga-mw-desktop:calc(100% - 0 - 0);--_ga-m-tablet:0 0 0 0;--_ga-p-tablet:0 0 0 0;--_ga-bg-tablet:transparent none;--_ga-zi-tablet:auto;--_ga-d-tablet:flex;--_ga-mw-tablet:calc(100% - 0 - 0);--_ga-m-mobile:0 0 0 0;--_ga-p-mobile:0 0 0 0;--_ga-bg-mobile:transparent none;--_ga-zi-mobile:auto;--_ga-d-mobile:flex;--_ga-mw-mobile:calc(100% - 0 - 0)\">\n\n<h3 class=\"wp-block-heading has-text-color\" style=\"color:#b7cbb8\">UNA VARIET\u00c0 DI SAPORI ECCEZIONALI<\/h3>\n\n\n\n<hr class=\"wp-block-separator has-alpha-channel-opacity\"\/>\n\n\n\n<p>Ogni giorno, il nostro chef e il suo team lavorano con passione e creativit\u00e0 per <strong>selezionare ingredienti freschi di stagione<\/strong> e trasformarli in piatti unici e gustosi. <\/p>\n\n\n\n<p>Il <strong>men\u00f9 del giorno<\/strong> \u00e8 un&#8217;opportunit\u00e0 per assaporare una <strong>variet\u00e0 di sapori eccezionali<\/strong>, che si adattano alle preferenze stagionali e alle ispirazioni culinarie del momento.<\/p>\n\n<\/div>\n\n<div class=\"grids-area animated fadeInRight\" style=\"--_ga-column:7\/13;--_ga-row:1\/7;--_ga-va:center;--_ga-m-desktop:0 0 0 0;--_ga-p-desktop:0 0 0 0;--_ga-bg-desktop:transparent none;--_ga-zi-desktop:auto;--_ga-d-desktop:flex;--_ga-mw-desktop:calc(100% - 0 - 0);--_ga-m-tablet:0 0 0 0;--_ga-p-tablet:0 0 0 0;--_ga-bg-tablet:transparent none;--_ga-zi-tablet:auto;--_ga-d-tablet:flex;--_ga-mw-tablet:calc(100% - 0 - 0);--_ga-m-mobile:0 0 0 0;--_ga-p-mobile:0 0 0 0;--_ga-bg-mobile:transparent none;--_ga-zi-mobile:auto;--_ga-d-mobile:flex;--_ga-mw-mobile:calc(100% - 0 - 0)\">\n\n    <div class=\"custom-gallery-wrapper custom-gallery-wrapper-grid custom-gallery-wrapper-column-2\" id=\"customGallery_2\">\n        \n                                <span class=\"enable-fullscreen\" onclick=\"showHideFotorama('custom-gallery_2', 0);\">\n                <i class=\"far fa-expand\"><\/i>\n            <\/span>\n        \n                                        <div class=\"gallery-wrapper-image gallery-wrapper-image-0\">\n                <figure class=\"full-width\" onclick=\"showHideFotorama('custom-gallery_2', 0);\">\n                    <img decoding=\"async\" class=\"gallery-wrapper-image-small\" src=\"https:\/\/www.laresidenceabano.it\/wp-content\/uploads\/2023\/07\/Ristorante-Residence.jpg\">\n                <\/figure>\n            <\/div>\n                                            <div class=\"gallery-wrapper-image gallery-wrapper-image-1\">\n                <figure class=\"full-width\" onclick=\"showHideFotorama('custom-gallery_2', 1);\">\n                    <img decoding=\"async\" class=\"gallery-wrapper-image-small\" src=\"https:\/\/www.laresidenceabano.it\/wp-content\/uploads\/2023\/07\/Residence-Ristorante.jpg\">\n                <\/figure>\n            <\/div>\n                                            <div class=\"gallery-wrapper-image gallery-wrapper-image-2\">\n                <figure class=\"full-width\" onclick=\"showHideFotorama('custom-gallery_2', 2);\">\n                    <img decoding=\"async\" class=\"gallery-wrapper-image-small\" src=\"https:\/\/www.laresidenceabano.it\/wp-content\/uploads\/2023\/07\/Cucina-Ristorante-Residence.jpg\">\n                <\/figure>\n            <\/div>\n                                \n            <\/div>\n\n    <div style=\"width:1px;height:1px;position:absolute;\" name=\"fotorama\" id=\"custom-gallery_2\" class=\"fotorama\" data-width=\"100%\"  data-nav=\"thumbs\"  data-allowfullscreen=\"true\" >\n                    <img decoding=\"async\" src=\"https:\/\/www.laresidenceabano.it\/wp-content\/uploads\/2023\/07\/Ristorante-Residence.jpg\" class=\"attachment-full skip-lazy\" \/>\n                    <img decoding=\"async\" src=\"https:\/\/www.laresidenceabano.it\/wp-content\/uploads\/2023\/07\/Residence-Ristorante.jpg\" class=\"attachment-full skip-lazy\" \/>\n                    <img decoding=\"async\" src=\"https:\/\/www.laresidenceabano.it\/wp-content\/uploads\/2023\/07\/Cucina-Ristorante-Residence.jpg\" class=\"attachment-full skip-lazy\" \/>\n                    <img decoding=\"async\" src=\"https:\/\/www.laresidenceabano.it\/wp-content\/uploads\/2023\/07\/Piatti-ristorante-Residence.jpg\" class=\"attachment-full skip-lazy\" \/>\n                    <img decoding=\"async\" src=\"https:\/\/www.laresidenceabano.it\/wp-content\/uploads\/2023\/07\/Ristorante-Garden-Residence-1.jpg\" class=\"attachment-full skip-lazy\" \/>\n            <\/div>\n\n\n\n<\/div>\n<\/div><\/div>\n\n<div  class=\"grids-section row-text-gallery grids-is-advanced alignwide\" style=\"--_gs-gap-desktop:0px 0px;--_gs-m-desktop:0 0 0 0;--_gs-p-desktop:0 0 0 0;--_gs-bg-desktop:transparent none;--_gs-bg-xp-desktop:0px;--_gs-zi-desktop:auto;--_gs-d-desktop:block;--_gs-mw-desktop:calc(100% - 0 - 0);--_gs-gap-tablet:0px 0px;--_gs-m-tablet:0 0 0 0;--_gs-p-tablet:0 0 0 0;--_gs-bg-tablet:transparent none;--_gs-bg-xp-tablet:0px;--_gs-zi-tablet:auto;--_gs-d-tablet:block;--_gs-mw-tablet:calc(100% - 0 - 0);--_gs-gap-mobile:0px 0px;--_gs-m-mobile:0 0 0 0;--_gs-p-mobile:0 0 0 0;--_gs-bg-mobile:transparent none;--_gs-bg-xp-mobile:0px;--_gs-zi-mobile:auto;--_gs-d-mobile:block;--_gs-mw-mobile:calc(100% - 0 - 0);--_gs-columns:12;--_gs-rows:6\"><div class=\"grids-s-w_i\">\n<div class=\"grids-area animated fadeInRight\" style=\"--_ga-column:8\/13;--_ga-row:1\/7;--_ga-va:center;--_ga-m-desktop:0 0 0 0;--_ga-p-desktop:0 0 0 0;--_ga-bg-desktop:transparent none;--_ga-zi-desktop:auto;--_ga-d-desktop:flex;--_ga-mw-desktop:calc(100% - 0 - 0);--_ga-m-tablet:0 0 0 0;--_ga-p-tablet:0 0 0 0;--_ga-bg-tablet:transparent none;--_ga-zi-tablet:auto;--_ga-d-tablet:flex;--_ga-mw-tablet:calc(100% - 0 - 0);--_ga-m-mobile:0 0 0 0;--_ga-p-mobile:0 0 0 0;--_ga-bg-mobile:transparent none;--_ga-zi-mobile:auto;--_ga-d-mobile:flex;--_ga-mw-mobile:calc(100% - 0 - 0)\">\n\n<h3 class=\"wp-block-heading has-text-color\" style=\"color:#b7cbb8\">UN&#8217;AMPIA VARIET\u00c0 DI VINI<\/h3>\n\n\n\n<hr class=\"wp-block-separator has-alpha-channel-opacity\"\/>\n\n\n\n<p>Abbiamo curato attentamente ogni dettaglio per offrire una <strong>variet\u00e0 di vini<\/strong> che si adattano perfettamente ai gusti pi\u00f9 raffinati e alle diverse esperienze culinarie. Il nostro <strong>sommelier<\/strong> \u00e8 a disposizione per guidare gli ospiti nella scelta del vino.<\/p>\n\n<\/div>\n\n<div class=\"grids-area animated fadeInLeft\" style=\"--_ga-column:1\/7;--_ga-row:1\/7;--_ga-va:center;--_ga-m-desktop:0 0 0 0;--_ga-p-desktop:0 0 0 0;--_ga-bg-desktop:transparent none;--_ga-zi-desktop:auto;--_ga-d-desktop:flex;--_ga-mw-desktop:calc(100% - 0 - 0);--_ga-m-tablet:0 0 0 0;--_ga-p-tablet:0 0 0 0;--_ga-bg-tablet:transparent none;--_ga-zi-tablet:auto;--_ga-d-tablet:flex;--_ga-mw-tablet:calc(100% - 0 - 0);--_ga-m-mobile:0 0 0 0;--_ga-p-mobile:0 0 0 0;--_ga-bg-mobile:transparent none;--_ga-zi-mobile:auto;--_ga-d-mobile:flex;--_ga-mw-mobile:calc(100% - 0 - 0)\">\n\n    <div class=\"custom-gallery-wrapper custom-gallery-wrapper-grid custom-gallery-wrapper-column-2\" id=\"customGallery_3\">\n        \n                                <span class=\"enable-fullscreen\" onclick=\"showHideFotorama('custom-gallery_1', 0);\">\n                <i class=\"far fa-expand\"><\/i>\n            <\/span>\n        \n                                        <div class=\"gallery-wrapper-image gallery-wrapper-image-0\">\n                <figure class=\"full-width\" onclick=\"showHideFotorama('custom-gallery_1', 0);\">\n                    <img decoding=\"async\" class=\"gallery-wrapper-image-small\" src=\"https:\/\/www.laresidenceabano.it\/wp-content\/uploads\/2023\/07\/carta-dei-vini-hotel-la-residence-abano-terme-02.jpg\">\n                <\/figure>\n            <\/div>\n                                            <div class=\"gallery-wrapper-image gallery-wrapper-image-1\">\n                <figure class=\"full-width\" onclick=\"showHideFotorama('custom-gallery_1', 1);\">\n                    <img decoding=\"async\" class=\"gallery-wrapper-image-small\" src=\"https:\/\/www.laresidenceabano.it\/wp-content\/uploads\/2023\/07\/carta-dei-vini-hotel-la-residence-abano-terme-01.jpg\">\n                <\/figure>\n            <\/div>\n                                            <div class=\"gallery-wrapper-image gallery-wrapper-image-2\">\n                <figure class=\"full-width\" onclick=\"showHideFotorama('custom-gallery_1', 2);\">\n                    <img decoding=\"async\" class=\"gallery-wrapper-image-small\" src=\"https:\/\/www.laresidenceabano.it\/wp-content\/uploads\/2023\/07\/carta-dei-vini-hotel-la-residence-abano-terme.jpg\">\n                <\/figure>\n            <\/div>\n                                \n            <\/div>\n\n    <div style=\"width:1px;height:1px;position:absolute;\" name=\"fotorama\" id=\"custom-gallery_1\" class=\"fotorama\" data-width=\"100%\"  data-nav=\"thumbs\"  data-allowfullscreen=\"true\" >\n                    <img decoding=\"async\" src=\"https:\/\/www.laresidenceabano.it\/wp-content\/uploads\/2023\/07\/carta-dei-vini-hotel-la-residence-abano-terme-02.jpg\" class=\"attachment-full skip-lazy\" \/>\n                    <img decoding=\"async\" src=\"https:\/\/www.laresidenceabano.it\/wp-content\/uploads\/2023\/07\/carta-dei-vini-hotel-la-residence-abano-terme-01.jpg\" class=\"attachment-full skip-lazy\" \/>\n                    <img decoding=\"async\" src=\"https:\/\/www.laresidenceabano.it\/wp-content\/uploads\/2023\/07\/carta-dei-vini-hotel-la-residence-abano-terme.jpg\" class=\"attachment-full skip-lazy\" \/>\n                    <img decoding=\"async\" src=\"https:\/\/www.laresidenceabano.it\/wp-content\/uploads\/2023\/07\/Hotel-La-Residence-pranzo-1.jpg\" class=\"attachment-full skip-lazy\" \/>\n            <\/div>\n\n\n\n<\/div>\n<\/div><\/div>\n\n<div  class=\"grids-section grids-is-advanced alignwide\" style=\"--_gs-gap-desktop:0px 0px;--_gs-m-desktop:0 0 0 0;--_gs-p-desktop:0 0 0 0;--_gs-bg-desktop:transparent none;--_gs-bg-xp-desktop:0px;--_gs-zi-desktop:auto;--_gs-d-desktop:block;--_gs-mw-desktop:calc(100% - 0 - 0);--_gs-gap-tablet:0px 0px;--_gs-m-tablet:0 0 0 0;--_gs-p-tablet:0 0 0 0;--_gs-bg-tablet:transparent none;--_gs-bg-xp-tablet:0px;--_gs-zi-tablet:auto;--_gs-d-tablet:block;--_gs-mw-tablet:calc(100% - 0 - 0);--_gs-gap-mobile:0px 0px;--_gs-m-mobile:0 0 0 0;--_gs-p-mobile:0 0 0 0;--_gs-bg-mobile:transparent none;--_gs-bg-xp-mobile:0px;--_gs-zi-mobile:auto;--_gs-d-mobile:block;--_gs-mw-mobile:calc(100% - 0 - 0);--_gs-columns:12;--_gs-rows:6\"><div class=\"grids-s-w_i\">\n<div class=\"grids-area\" style=\"--_ga-column:1\/13;--_ga-row:1\/7;--_ga-m-desktop:0 0 0 0;--_ga-p-desktop:0 0 0 0;--_ga-bg-desktop:transparent none;--_ga-zi-desktop:auto;--_ga-d-desktop:flex;--_ga-mw-desktop:calc(100% - 0 - 0);--_ga-m-tablet:0 0 0 0;--_ga-p-tablet:0 0 0 0;--_ga-bg-tablet:transparent none;--_ga-zi-tablet:auto;--_ga-d-tablet:flex;--_ga-mw-tablet:calc(100% - 0 - 0);--_ga-m-mobile:0 0 0 0;--_ga-p-mobile:0 0 0 0;--_ga-bg-mobile:transparent none;--_ga-zi-mobile:auto;--_ga-d-mobile:flex;--_ga-mw-mobile:calc(100% - 0 - 0)\">\n\n<h3 class=\"wp-block-heading has-text-align-center decorated\">POTREBBERO INTERESSARTI ANCHE\u2026<\/h3>\n\n\n\n    <div class=\"related-pages-container\" id=\"relatedPages_4\">\n\n                                                                <div class=\"related-pages-single swiper-slide\">\n                        <a href=\"https:\/\/www.laresidenceabano.it\/it\/camere-suites\/\">\n                            <figure class=\"full-width\">\n                                <img decoding=\"async\" src=\"https:\/\/www.laresidenceabano.it\/wp-content\/uploads\/2023\/07\/Camere-e-Suites.jpg\" title=\"Junior-Suite-Executive-hotel-4-stelle-con-piscina\" alt=\"Lussuosa e tranquilla Junior Suite Executive\" \/>\n                            <\/figure>\n                            <h4>Camere &#038; Suites<\/h4>\n                        <\/a>\n                    <\/div>\n                                                        <div class=\"related-pages-single swiper-slide\">\n                        <a href=\"https:\/\/www.laresidenceabano.it\/it\/cure-termali\/\">\n                            <figure class=\"full-width\">\n                                <img decoding=\"async\" src=\"https:\/\/www.laresidenceabano.it\/wp-content\/uploads\/2023\/07\/Hotel-La-Residence-spa-222.jpg\" title=\"Massaggio-piedi-area-wellness-hotel-la-residence\" alt=\"Massaggio piedi area wellness hotel la residence\" \/>\n                            <\/figure>\n                            <h4>Cure termali<\/h4>\n                        <\/a>\n                    <\/div>\n                                                        <div class=\"related-pages-single swiper-slide\">\n                        <a href=\"https:\/\/www.laresidenceabano.it\/it\/fangobalneoterapia\/\">\n                            <figure class=\"full-width\">\n                                <img decoding=\"async\" src=\"https:\/\/www.laresidenceabano.it\/wp-content\/uploads\/2023\/07\/Hotel-La-Residence-fanghi-42.jpg\" title=\"trattamento-fango-detox- gb-hotel\" alt=\"trattamento-fango-detox- gb-hotel\" \/>\n                            <\/figure>\n                            <h4>Fangobalneoterapia<\/h4>\n                        <\/a>\n                    <\/div>\n                            <\/div>\n\n\n\n<\/div>\n<\/div><\/div>","protected":false},"excerpt":{"rendered":"","protected":false},"author":1,"featured_media":4896,"parent":0,"menu_order":0,"comment_status":"closed","ping_status":"closed","template":"","meta":{"_acf_changed":false,"advgb_blocks_editor_width":"","advgb_blocks_columns_visual_guide":"","footnotes":""},"class_list":["post-2137","page","type-page","status-publish","has-post-thumbnail","hentry","entry"],"acf":[],"yoast_head":"<!-- This site is optimized with the Yoast SEO plugin v25.6 - https:\/\/yoast.com\/wordpress\/plugins\/seo\/ -->\n<title>Ristorante Garden ad Abano Terme - Hotel La Residence<\/title>\n<meta name=\"description\" content=\"Scopri il ristorante Garden dell\u2019Hotel La Residence, dove la passione per la cucina prende vita in ogni piatto.\" \/>\n<meta name=\"robots\" content=\"index, follow, max-snippet:-1, max-image-preview:large, max-video-preview:-1\" \/>\n<link rel=\"canonical\" href=\"https:\/\/www.laresidenceabano.it\/it\/ristorante\/\" \/>\n<meta property=\"og:locale\" content=\"it_IT\" \/>\n<meta property=\"og:type\" content=\"article\" \/>\n<meta property=\"og:title\" content=\"Ristorante Garden ad Abano Terme - Hotel La Residence\" \/>\n<meta property=\"og:description\" content=\"Scopri il ristorante Garden dell\u2019Hotel La Residence, dove la passione per la cucina prende vita in ogni piatto.\" \/>\n<meta property=\"og:url\" content=\"https:\/\/www.laresidenceabano.it\/it\/ristorante\/\" \/>\n<meta property=\"og:site_name\" content=\"Hotel La Residence\" \/>\n<meta property=\"article:modified_time\" content=\"2023-10-17T12:20:33+00:00\" \/>\n<meta property=\"og:image\" content=\"https:\/\/www.laresidenceabano.it\/wp-content\/uploads\/2023\/07\/Ristorante-La-Residence.jpg\" \/>\n\t<meta property=\"og:image:width\" content=\"1400\" \/>\n\t<meta property=\"og:image:height\" content=\"665\" \/>\n\t<meta property=\"og:image:type\" content=\"image\/jpeg\" \/>\n<meta name=\"twitter:card\" content=\"summary_large_image\" \/>\n<meta name=\"twitter:label1\" content=\"Tempo di lettura stimato\" \/>\n\t<meta name=\"twitter:data1\" content=\"1 minuto\" \/>\n<script type=\"application\/ld+json\" class=\"yoast-schema-graph\">{\"@context\":\"https:\/\/schema.org\",\"@graph\":[{\"@type\":\"WebPage\",\"@id\":\"https:\/\/www.laresidenceabano.it\/it\/ristorante\/\",\"url\":\"https:\/\/www.laresidenceabano.it\/it\/ristorante\/\",\"name\":\"Ristorante Garden ad Abano Terme - Hotel La Residence\",\"isPartOf\":{\"@id\":\"https:\/\/www.laresidenceabano.it\/it\/#website\"},\"primaryImageOfPage\":{\"@id\":\"https:\/\/www.laresidenceabano.it\/it\/ristorante\/#primaryimage\"},\"image\":{\"@id\":\"https:\/\/www.laresidenceabano.it\/it\/ristorante\/#primaryimage\"},\"thumbnailUrl\":\"https:\/\/www.laresidenceabano.it\/wp-content\/uploads\/2023\/07\/Ristorante-La-Residence.jpg\",\"datePublished\":\"2023-06-30T12:02:57+00:00\",\"dateModified\":\"2023-10-17T12:20:33+00:00\",\"description\":\"Scopri il ristorante Garden dell\u2019Hotel La Residence, dove la passione per la cucina prende vita in ogni piatto.\",\"breadcrumb\":{\"@id\":\"https:\/\/www.laresidenceabano.it\/it\/ristorante\/#breadcrumb\"},\"inLanguage\":\"it-IT\",\"potentialAction\":[{\"@type\":\"ReadAction\",\"target\":[\"https:\/\/www.laresidenceabano.it\/it\/ristorante\/\"]}]},{\"@type\":\"ImageObject\",\"inLanguage\":\"it-IT\",\"@id\":\"https:\/\/www.laresidenceabano.it\/it\/ristorante\/#primaryimage\",\"url\":\"https:\/\/www.laresidenceabano.it\/wp-content\/uploads\/2023\/07\/Ristorante-La-Residence.jpg\",\"contentUrl\":\"https:\/\/www.laresidenceabano.it\/wp-content\/uploads\/2023\/07\/Ristorante-La-Residence.jpg\",\"width\":1400,\"height\":665,\"caption\":\"gourmet hotel ad Abano\"},{\"@type\":\"BreadcrumbList\",\"@id\":\"https:\/\/www.laresidenceabano.it\/it\/ristorante\/#breadcrumb\",\"itemListElement\":[{\"@type\":\"ListItem\",\"position\":1,\"name\":\"Home\",\"item\":\"https:\/\/www.laresidenceabano.it\/it\/\"},{\"@type\":\"ListItem\",\"position\":2,\"name\":\"Ristorante\"}]},{\"@type\":\"WebSite\",\"@id\":\"https:\/\/www.laresidenceabano.it\/it\/#website\",\"url\":\"https:\/\/www.laresidenceabano.it\/it\/\",\"name\":\"Hotel La Residence\",\"description\":\"\",\"publisher\":{\"@id\":\"https:\/\/www.laresidenceabano.it\/it\/#organization\"},\"potentialAction\":[{\"@type\":\"SearchAction\",\"target\":{\"@type\":\"EntryPoint\",\"urlTemplate\":\"https:\/\/www.laresidenceabano.it\/it\/?s={search_term_string}\"},\"query-input\":{\"@type\":\"PropertyValueSpecification\",\"valueRequired\":true,\"valueName\":\"search_term_string\"}}],\"inLanguage\":\"it-IT\"},{\"@type\":\"Organization\",\"@id\":\"https:\/\/www.laresidenceabano.it\/it\/#organization\",\"name\":\"Hotel La Residence\",\"url\":\"https:\/\/www.laresidenceabano.it\/it\/\",\"logo\":{\"@type\":\"ImageObject\",\"inLanguage\":\"it-IT\",\"@id\":\"https:\/\/www.laresidenceabano.it\/it\/#\/schema\/logo\/image\/\",\"url\":\"https:\/\/www.laresidenceabano.it\/wp-content\/uploads\/2023\/07\/Logo-hotel-la-residence.svg\",\"contentUrl\":\"https:\/\/www.laresidenceabano.it\/wp-content\/uploads\/2023\/07\/Logo-hotel-la-residence.svg\",\"caption\":\"Hotel La Residence\"},\"image\":{\"@id\":\"https:\/\/www.laresidenceabano.it\/it\/#\/schema\/logo\/image\/\"}}]}<\/script>\n<!-- \/ Yoast SEO plugin. -->","yoast_head_json":{"title":"Ristorante Garden ad Abano Terme - Hotel La Residence","description":"Scopri il ristorante Garden dell\u2019Hotel La Residence, dove la passione per la cucina prende vita in ogni piatto.","robots":{"index":"index","follow":"follow","max-snippet":"max-snippet:-1","max-image-preview":"max-image-preview:large","max-video-preview":"max-video-preview:-1"},"canonical":"https:\/\/www.laresidenceabano.it\/it\/ristorante\/","og_locale":"it_IT","og_type":"article","og_title":"Ristorante Garden ad Abano Terme - Hotel La Residence","og_description":"Scopri il ristorante Garden dell\u2019Hotel La Residence, dove la passione per la cucina prende vita in ogni piatto.","og_url":"https:\/\/www.laresidenceabano.it\/it\/ristorante\/","og_site_name":"Hotel La Residence","article_modified_time":"2023-10-17T12:20:33+00:00","og_image":[{"width":1400,"height":665,"url":"https:\/\/www.laresidenceabano.it\/wp-content\/uploads\/2023\/07\/Ristorante-La-Residence.jpg","type":"image\/jpeg"}],"twitter_card":"summary_large_image","twitter_misc":{"Tempo di lettura stimato":"1 minuto"},"schema":{"@context":"https:\/\/schema.org","@graph":[{"@type":"WebPage","@id":"https:\/\/www.laresidenceabano.it\/it\/ristorante\/","url":"https:\/\/www.laresidenceabano.it\/it\/ristorante\/","name":"Ristorante Garden ad Abano Terme - Hotel La Residence","isPartOf":{"@id":"https:\/\/www.laresidenceabano.it\/it\/#website"},"primaryImageOfPage":{"@id":"https:\/\/www.laresidenceabano.it\/it\/ristorante\/#primaryimage"},"image":{"@id":"https:\/\/www.laresidenceabano.it\/it\/ristorante\/#primaryimage"},"thumbnailUrl":"https:\/\/www.laresidenceabano.it\/wp-content\/uploads\/2023\/07\/Ristorante-La-Residence.jpg","datePublished":"2023-06-30T12:02:57+00:00","dateModified":"2023-10-17T12:20:33+00:00","description":"Scopri il ristorante Garden dell\u2019Hotel La Residence, dove la passione per la cucina prende vita in ogni piatto.","breadcrumb":{"@id":"https:\/\/www.laresidenceabano.it\/it\/ristorante\/#breadcrumb"},"inLanguage":"it-IT","potentialAction":[{"@type":"ReadAction","target":["https:\/\/www.laresidenceabano.it\/it\/ristorante\/"]}]},{"@type":"ImageObject","inLanguage":"it-IT","@id":"https:\/\/www.laresidenceabano.it\/it\/ristorante\/#primaryimage","url":"https:\/\/www.laresidenceabano.it\/wp-content\/uploads\/2023\/07\/Ristorante-La-Residence.jpg","contentUrl":"https:\/\/www.laresidenceabano.it\/wp-content\/uploads\/2023\/07\/Ristorante-La-Residence.jpg","width":1400,"height":665,"caption":"gourmet hotel ad Abano"},{"@type":"BreadcrumbList","@id":"https:\/\/www.laresidenceabano.it\/it\/ristorante\/#breadcrumb","itemListElement":[{"@type":"ListItem","position":1,"name":"Home","item":"https:\/\/www.laresidenceabano.it\/it\/"},{"@type":"ListItem","position":2,"name":"Ristorante"}]},{"@type":"WebSite","@id":"https:\/\/www.laresidenceabano.it\/it\/#website","url":"https:\/\/www.laresidenceabano.it\/it\/","name":"Hotel La Residence","description":"","publisher":{"@id":"https:\/\/www.laresidenceabano.it\/it\/#organization"},"potentialAction":[{"@type":"SearchAction","target":{"@type":"EntryPoint","urlTemplate":"https:\/\/www.laresidenceabano.it\/it\/?s={search_term_string}"},"query-input":{"@type":"PropertyValueSpecification","valueRequired":true,"valueName":"search_term_string"}}],"inLanguage":"it-IT"},{"@type":"Organization","@id":"https:\/\/www.laresidenceabano.it\/it\/#organization","name":"Hotel La Residence","url":"https:\/\/www.laresidenceabano.it\/it\/","logo":{"@type":"ImageObject","inLanguage":"it-IT","@id":"https:\/\/www.laresidenceabano.it\/it\/#\/schema\/logo\/image\/","url":"https:\/\/www.laresidenceabano.it\/wp-content\/uploads\/2023\/07\/Logo-hotel-la-residence.svg","contentUrl":"https:\/\/www.laresidenceabano.it\/wp-content\/uploads\/2023\/07\/Logo-hotel-la-residence.svg","caption":"Hotel La Residence"},"image":{"@id":"https:\/\/www.laresidenceabano.it\/it\/#\/schema\/logo\/image\/"}}]}},"coauthors":[],"author_meta":{"author_link":"https:\/\/www.laresidenceabano.it\/it\/author\/jampaa\/","display_name":"Jampaa"},"relative_dates":{"created":"Pubblicato 3 anni fa","modified":"Aggiornato 3 anni fa"},"absolute_dates":{"created":"Pubblicato il 30\/06\/2023","modified":"Aggiornato il 17\/10\/2023"},"absolute_dates_time":{"created":"Pubblicato il 30\/06\/2023 14:02","modified":"Aggiornato il 17\/10\/2023 14:20"},"featured_img_caption":"","featured_img":"https:\/\/www.laresidenceabano.it\/wp-content\/uploads\/2023\/07\/Ristorante-La-Residence.jpg","series_order":"","_links":{"self":[{"href":"https:\/\/www.laresidenceabano.it\/it\/wp-json\/wp\/v2\/pages\/2137","targetHints":{"allow":["GET"]}}],"collection":[{"href":"https:\/\/www.laresidenceabano.it\/it\/wp-json\/wp\/v2\/pages"}],"about":[{"href":"https:\/\/www.laresidenceabano.it\/it\/wp-json\/wp\/v2\/types\/page"}],"author":[{"embeddable":true,"href":"https:\/\/www.laresidenceabano.it\/it\/wp-json\/wp\/v2\/users\/1"}],"replies":[{"embeddable":true,"href":"https:\/\/www.laresidenceabano.it\/it\/wp-json\/wp\/v2\/comments?post=2137"}],"version-history":[{"count":2,"href":"https:\/\/www.laresidenceabano.it\/it\/wp-json\/wp\/v2\/pages\/2137\/revisions"}],"predecessor-version":[{"id":7277,"href":"https:\/\/www.laresidenceabano.it\/it\/wp-json\/wp\/v2\/pages\/2137\/revisions\/7277"}],"wp:featuredmedia":[{"embeddable":true,"href":"https:\/\/www.laresidenceabano.it\/it\/wp-json\/wp\/v2\/media\/4896"}],"wp:attachment":[{"href":"https:\/\/www.laresidenceabano.it\/it\/wp-json\/wp\/v2\/media?parent=2137"}],"curies":[{"name":"wp","href":"https:\/\/api.w.org\/{rel}","templated":true}]}}